{"id":92801,"date":"2024-06-16T12:32:35","date_gmt":"2024-06-16T10:32:35","guid":{"rendered":"https:\/\/secureus.se\/?post_type=product&#038;p=92801"},"modified":"2026-03-25T15:37:31","modified_gmt":"2026-03-25T14:37:31","slug":"dorrbroms-523t-2-gra","status":"publish","type":"product","link":"https:\/\/secureus.se\/dk\/dorrbroms-523t-2-gra\/","title":{"rendered":"ASSA ABLOY 523T\/2 D\u00f8rbremse \u2013 Gr\u00e5 \u2013 770\u2013910 mm"},"content":{"rendered":"<h2 data-section-id=\"i8tpgf\" data-start=\"241\" data-end=\"320\">ASSA ABLOY D\u00f6rrbroms 523T\/2 \u2013 Gr\u00e5 \u2013 F\u00f6r d\u00f6rrar med karmdagsm\u00e5tt 770\u2013910 mm<\/h2>\n<p data-start=\"322\" data-end=\"567\">ASSA ABLOY 523T\/2 er en kraftig d\u00f8rbremse til udadg\u00e5ende terrassed\u00f8re, franske d\u00f8re, yderd\u00f8re og opbevaringsd\u00f8re. D\u00f8rbremsen holder d\u00f8ren i den \u00f8nskede \u00e5bningsposition og forhindrer den i at bl\u00e6se tilbage eller \u00e5bne ukontrolleret i st\u00e6rk vind.<\/p>\n<p data-start=\"569\" data-end=\"841\">Den justerbare friktionsbremse g\u00f8r det nemt at justere bremsekraften til d\u00f8rens v\u00e6gt og hvor meget modstand du \u00f8nsker, at d\u00f8ren skal have, n\u00e5r den \u00e5bnes. Det betyder, at d\u00f8ren stopper i den position, du \u00e5bner den til, hvilket b\u00e5de \u00f8ger komforten og reducerer risikoen for klemskader.<\/p>\n<p data-start=\"843\" data-end=\"1035\">523T\/2 er den l\u00e6ngere model i 523T-serien og bruges til bredere d\u00f8re. Den passer til b\u00e5de h\u00f8jre- og venstred\u00f8re og er et almindeligt valg til terrassed\u00f8re og franske d\u00f8re i beboelsesejendomme.<\/p>\n<hr data-start=\"1037\" data-end=\"1040\" \/>\n<h2 data-section-id=\"fnvs8i\" data-start=\"1042\" data-end=\"1055\">Egenskaber<\/h2>\n<p data-start=\"1057\" data-end=\"1345\">\u2022 Til udadg\u00e5ende terrassed\u00f8re, franske vinduer og yderd\u00f8re<br data-start=\"1116\" data-end=\"1119\" \/>\u2022 Holder d\u00f8ren i den \u00f8nskede \u00e5bningsposition<br data-start=\"1160\" data-end=\"1163\" \/>\u2022 Forhindrer, at d\u00f8ren bl\u00e6ser i i vinden<br data-start=\"1207\" data-end=\"1210\" \/>\u2022 Justerbar bremsekraft med nem friktionsjustering<br data-start=\"1261\" data-end=\"1264\" \/>\u2022 Passer til b\u00e5de h\u00f8jre- og venstred\u00f8re<br data-start=\"1309\" data-end=\"1312\" \/>\u2022 Reducerer risikoen for klemskader<\/p>\n<hr data-start=\"1347\" data-end=\"1350\" \/>\n<h2 data-section-id=\"zehbyt\" data-start=\"1352\" data-end=\"1378\">Konstruktion og materialer<\/h2>\n<p data-start=\"1380\" data-end=\"1515\">\u2022 Stang i rustfrit st\u00e5l<br data-start=\"1405\" data-end=\"1408\" \/>\u2022 Ledhoved lavet af slidst\u00e6rk acetalplast<br data-start=\"1442\" data-end=\"1445\" \/>\u2022 Karmbeslag og d\u00f8rbeslag i malet st\u00e5l<br data-start=\"1486\" data-end=\"1489\" \/>\u2022 Acetalplastd\u00e6ksel<\/p>\n<p data-start=\"1517\" data-end=\"1627\">Den robuste konstruktion g\u00f8r d\u00f8rbremsen velegnet til daglig brug i b\u00e5de boliger og lignende milj\u00f8er.<\/p>\n<hr data-start=\"1629\" data-end=\"1632\" \/>\n<h2 data-section-id=\"10c1xz9\" data-start=\"1634\" data-end=\"1658\">Dimensioner og kompatibilitet<\/h2>\n<p data-start=\"1660\" data-end=\"1773\"><strong data-start=\"1660\" data-end=\"1671\">Model:<\/strong> 523T\/2<br data-start=\"1678\" data-end=\"1681\" \/><strong data-start=\"1681\" data-end=\"1697\">Samlet l\u00e6ngde:<\/strong> 545 mm<br data-start=\"1704\" data-end=\"1707\" \/><strong data-start=\"1707\" data-end=\"1730\">Passer til rammem\u00e5l:<\/strong> 770\u2013910 mm<br data-start=\"1741\" data-end=\"1744\" \/><strong data-start=\"1744\" data-end=\"1763\">\u00c5bningsvinkel:<\/strong> omkring 95\u00b0<\/p>\n<hr data-start=\"1775\" data-end=\"1778\" \/>\n<h2 data-section-id=\"kejv24\" data-start=\"1780\" data-end=\"1804\">F\u00e5s i to st\u00f8rrelser<\/h2>\n<p data-start=\"1806\" data-end=\"1863\"><strong data-start=\"1806\" data-end=\"1816\">523T\/1<\/strong><br data-start=\"1816\" data-end=\"1819\" \/>Passer til d\u00f8re med karmbredder <strong data-start=\"1849\" data-end=\"1863\">590\u2013769 mm<\/strong><\/p>\n<p data-start=\"1865\" data-end=\"1922\"><strong data-start=\"1865\" data-end=\"1875\">523T\/2<\/strong><br data-start=\"1875\" data-end=\"1878\" \/>Passer til d\u00f8re med karmbredder <strong data-start=\"1908\" data-end=\"1922\">770\u2013910 mm<\/strong><\/p>\n<hr data-start=\"1924\" data-end=\"1927\" \/>\n<h2 data-section-id=\"1lu5w0y\" data-start=\"1929\" data-end=\"1951\">Anbefalet skrue \u2013 medf\u00f8lger ikke<\/h2>\n<p data-start=\"1953\" data-end=\"2006\">Rammefastg\u00f8relse: <strong data-start=\"1964\" data-end=\"1978\">TFX 4,5 mm<\/strong><br data-start=\"1978\" data-end=\"1981\" \/>D\u00f8rbeslag: <strong data-start=\"1992\" data-end=\"2006\">TFX 3,5 mm<\/strong><\/p>","protected":false},"excerpt":{"rendered":"<p>ASSA ABLOY 523T\/2 er en d\u00f8rbremse til udadg\u00e5ende d\u00f8re. D\u00f8rbremsen holder d\u00f8ren i den \u00f8nskede \u00e5bningsposition og forhindrer, at den bl\u00e6ser tilbage. Passer til karmdimensioner 770-910 mm og b\u00e5de h\u00f8jre- og venstreh\u00e6ngte d\u00f8re.<\/p>","protected":false},"featured_media":138010,"template":"","meta":{"_acf_changed":false},"product_brand":[],"product_cat":[3370],"product_tag":[],"class_list":{"0":"post-92801","1":"product","2":"type-product","3":"status-publish","4":"has-post-thumbnail","6":"product_cat-dorrbroms-dorrbromsar","7":"product_shipping_class-tunga-paket","8":"pa_brands-abloy","9":"tm-no-options","11":"first","12":"instock","13":"sale","14":"taxable","15":"shipping-taxable","16":"purchasable","17":"product-type-simple"},"acf":[],"_links":{"self":[{"href":"https:\/\/secureus.se\/dk\/wp-json\/wp\/v2\/product\/92801","targetHints":{"allow":["GET"]}}],"collection":[{"href":"https:\/\/secureus.se\/dk\/wp-json\/wp\/v2\/product"}],"about":[{"href":"https:\/\/secureus.se\/dk\/wp-json\/wp\/v2\/types\/product"}],"wp:featuredmedia":[{"embeddable":true,"href":"https:\/\/secureus.se\/dk\/wp-json\/wp\/v2\/media\/138010"}],"wp:attachment":[{"href":"https:\/\/secureus.se\/dk\/wp-json\/wp\/v2\/media?parent=92801"}],"wp:term":[{"taxonomy":"product_brand","embeddable":true,"href":"https:\/\/secureus.se\/dk\/wp-json\/wp\/v2\/product_brand?post=92801"},{"taxonomy":"product_cat","embeddable":true,"href":"https:\/\/secureus.se\/dk\/wp-json\/wp\/v2\/product_cat?post=92801"},{"taxonomy":"product_tag","embeddable":true,"href":"https:\/\/secureus.se\/dk\/wp-json\/wp\/v2\/product_tag?post=92801"}],"curies":[{"name":"wp","href":"https:\/\/api.w.org\/{rel}","templated":true}]}}