{"id":92830,"date":"2024-06-16T23:12:00","date_gmt":"2024-06-16T21:12:00","guid":{"rendered":"https:\/\/secureus.se\/?post_type=product&#038;p=92830"},"modified":"2026-02-20T11:47:22","modified_gmt":"2026-02-20T10:47:22","slug":"elslutbleck-514-24-volt","status":"publish","type":"product","link":"https:\/\/secureus.se\/dk\/elslutbleck-514-24-volt\/","title":{"rendered":"El-slutplade 514 24 Volt"},"content":{"rendered":"<h1>El-slutplade 514 24 Volt<\/h1>\n<p class=\"\" data-start=\"640\" data-end=\"1022\">Elektrisk endeplade 514 24V fra Assa ABLOY er en omkostningseffektiv l\u00f8sning til <strong data-start=\"711\" data-end=\"755\">d\u00f8re med lave sikkerhedskrav<\/strong>.<\/p>\n<p class=\"\" data-start=\"640\" data-end=\"1022\">Den er s\u00e6rdeles velegnet til <strong data-start=\"786\" data-end=\"804\">indvendig l\u00e5sning<\/strong> inden for omr\u00e5der som handel, kontorer og industri.<\/p>\n<p class=\"\" data-start=\"640\" data-end=\"1022\">Med en <strong data-start=\"858\" data-end=\"879\">korrekt funktion<\/strong> hvor d\u00f8ren er l\u00e5st ved str\u00f8msvigt, sikres det, at d\u00f8ren holdes lukket ogs\u00e5 ved str\u00f8msvigt, hvilket giver \u00f8get sikkerhed i disse milj\u00f8er.<\/p>\n<p class=\"\" data-start=\"1024\" data-end=\"1455\">Den elektriske endeplade er konstrueret med <strong data-start=\"1057\" data-end=\"1076\">torsionskasse i st\u00e5l<\/strong> og en <strong data-start=\"1085\" data-end=\"1110\">l\u00e5sehus i zinklegering<\/strong>, som giver b\u00e5de holdbarhed og korrosionsbestandighed til langtidsbrug.<\/p>\n<p class=\"\" data-start=\"1024\" data-end=\"1455\">Dens <strong data-start=\"1193\" data-end=\"1229\">brudstyrke p\u00e5 400 kg (4 kN)<\/strong> g\u00f8r det til en p\u00e5lidelig l\u00f8sning til d\u00f8re, hvor sikkerhedskravene ikke er s\u00e5 h\u00f8je.<\/p>\n<p class=\"\" data-start=\"1024\" data-end=\"1455\">Denne elektriske endeplade bruges hovedsageligt i kombination med <strong data-start=\"1364\" data-end=\"1398\">enkelt-foldel\u00e5s eller dobbeltfoldel\u00e5s<\/strong>, hvilket g\u00f8r den alsidig til forskellige d\u00f8rinstallationer.<\/p>\n<p class=\"\" data-start=\"1457\" data-end=\"1649\">For at beskytte det elektriske udstyr, som f.eks <strong data-start=\"1507\" data-end=\"1517\">kodel\u00e5s<\/strong> eller <strong data-start=\"1524\" data-end=\"1538\">kortl\u00e6ser<\/strong>, mod transienter (sp\u00e6ndingsspidser), anbefales det, at en <strong data-start=\"1596\" data-end=\"1610\">beskyttelsesdiode<\/strong> er installeret n\u00e6r spolen af den elektriske endeplade.<\/p>\n<p class=\"\" data-start=\"1651\" data-end=\"1843\">El-slutplade 514 24V er udstyret med <strong data-start=\"1687\" data-end=\"1706\">l\u00e5se stempelafbryder<\/strong>, som g\u00f8r det muligt at angive, om d\u00f8ren er lukket eller \u00e5ben, hvilket er en nyttig funktion til overv\u00e5gning og sikkerhedskontrol.<\/p>\n<p class=\"\" data-start=\"1845\" data-end=\"1875\"><strong data-start=\"1845\" data-end=\"1875\">N\u00f8glefunktioner og fordele:<\/strong><\/p>\n<ul data-start=\"1876\" data-end=\"2521\">\n<li class=\"\" data-start=\"1876\" data-end=\"1956\">\n<p class=\"\" data-start=\"1878\" data-end=\"1956\"><strong data-start=\"1878\" data-end=\"1900\">H\u00f8jrevendt funktion:<\/strong> D\u00f8ren l\u00e5ses ved str\u00f8msvigt for \u00f8get sikkerhed.<\/p>\n<\/li>\n<li class=\"\" data-start=\"1957\" data-end=\"2070\">\n<p class=\"\" data-start=\"1959\" data-end=\"2070\"><strong data-start=\"1959\" data-end=\"1979\">Brudstyrke:<\/strong> T\u00e5ler op til 400 kg (4 kN), hvilket g\u00f8r den velegnet til d\u00f8re med lave sikkerhedskrav.<\/p>\n<\/li>\n<li class=\"\" data-start=\"2071\" data-end=\"2162\">\n<p class=\"\" data-start=\"2073\" data-end=\"2162\"><strong data-start=\"2073\" data-end=\"2119\">Torsionskasse i st\u00e5l og l\u00e5sehus i zinklegering:<\/strong> Giver holdbarhed og korrosionsbestandighed.<\/p>\n<\/li>\n<li class=\"\" data-start=\"2163\" data-end=\"2254\">\n<p class=\"\" data-start=\"2165\" data-end=\"2254\"><strong data-start=\"2165\" data-end=\"2185\">L\u00e5s stempelkontakt:<\/strong> Til at angive, om d\u00f8ren er lukket og l\u00e5st eller \u00e5ben og ul\u00e5st.<\/p>\n<\/li>\n<li class=\"\" data-start=\"2255\" data-end=\"2334\">\n<p class=\"\" data-start=\"2257\" data-end=\"2334\"><strong data-start=\"2257\" data-end=\"2276\">Kompatibilitet:<\/strong> Anvendes i kombination med en enkeltfaldsl\u00e5s eller en dobbeltfaldsl\u00e5s.<\/p>\n<\/li>\n<li class=\"\" data-start=\"2335\" data-end=\"2399\">\n<p class=\"\" data-start=\"2337\" data-end=\"2399\"><strong data-start=\"2337\" data-end=\"2356\">Energieffektiv:<\/strong> Str\u00f8mforbrug p\u00e5 max 190 mA ved 24V DC.<\/p>\n<\/li>\n<li class=\"\" data-start=\"2400\" data-end=\"2521\">\n<p class=\"\" data-start=\"2402\" data-end=\"2521\"><strong data-start=\"2402\" data-end=\"2428\">Beskyttelse mod transienter:<\/strong> Mulighed for at installere beskyttelsesdiode for at forhindre skader p\u00e5 det elektriske udstyr.<\/p>\n<\/li>\n<\/ul>\n<p class=\"\" data-start=\"2523\" data-end=\"2831\"><strong data-start=\"2523\" data-end=\"2541\">Kompatibilitet:<\/strong> Elektrisk endeplade 514 24V er kompatibel med begge <strong data-start=\"2586\" data-end=\"2601\">enkeltbladet l\u00e5s<\/strong> og <strong data-start=\"2606\" data-end=\"2622\">dobbeltfl\u00f8jet l\u00e5s<\/strong>, hvilket g\u00f8r den alsidig og tilpasselig til forskellige d\u00f8rsystemer.<\/p>\n<p class=\"\" data-start=\"2523\" data-end=\"2831\">Den passer til d\u00f8re, der ikke har h\u00f8je sikkerhedskrav og er designet til brug i indvendig afl\u00e5sning i fx handel, kontorer og industri.<\/p>\n<p class=\"\" data-start=\"2833\" data-end=\"2856\"><strong data-start=\"2833\" data-end=\"2856\">Str\u00f8mkrav:<\/strong><\/p>\n<ul data-start=\"2857\" data-end=\"2974\">\n<li class=\"\" data-start=\"2857\" data-end=\"2885\">\n<p class=\"\" data-start=\"2859\" data-end=\"2885\"><strong data-start=\"2859\" data-end=\"2872\">Sp\u00e6nding:<\/strong> 24V DC \u00b110 %<\/p>\n<\/li>\n<li class=\"\" data-start=\"2886\" data-end=\"2918\">\n<p class=\"\" data-start=\"2888\" data-end=\"2918\"><strong data-start=\"2888\" data-end=\"2909\">Str\u00f8mforbrug:<\/strong> 0-190mA<\/p>\n<\/li>\n<li class=\"\" data-start=\"2919\" data-end=\"2974\">\n<p class=\"\" data-start=\"2921\" data-end=\"2974\"><strong data-start=\"2921\" data-end=\"2938\">Mikro switch:<\/strong> Enkeltpolet omskiftning, max. 30V DC, 1A<\/p>\n<\/li>\n<\/ul>","protected":false},"excerpt":{"rendered":"<p>Elektrisk slutplade 514 24V fra Assa ABLOY er perfekt til d\u00f8re med lave sikkerhedskrav.<\/p>\n<p>Med h\u00f8jrevendt funktion og brudstyrke p\u00e5 400 kg, prim\u00e6rt brugt i handel, kontorer og industri.<\/p>","protected":false},"featured_media":137316,"template":"","meta":{"_acf_changed":false},"product_brand":[],"product_cat":[3355],"product_tag":[4197,4200],"class_list":{"0":"post-92830","1":"product","2":"type-product","3":"status-publish","4":"has-post-thumbnail","6":"product_cat-elslutbleck","7":"product_tag-24v","8":"product_tag-rattvand","9":"product_shipping_class-tunga-paket","10":"pa_brands-abloy","11":"tm-no-options","13":"first","14":"instock","15":"sale","16":"taxable","17":"shipping-taxable","18":"purchasable","19":"product-type-simple"},"acf":[],"_links":{"self":[{"href":"https:\/\/secureus.se\/dk\/wp-json\/wp\/v2\/product\/92830","targetHints":{"allow":["GET"]}}],"collection":[{"href":"https:\/\/secureus.se\/dk\/wp-json\/wp\/v2\/product"}],"about":[{"href":"https:\/\/secureus.se\/dk\/wp-json\/wp\/v2\/types\/product"}],"wp:featuredmedia":[{"embeddable":true,"href":"https:\/\/secureus.se\/dk\/wp-json\/wp\/v2\/media\/137316"}],"wp:attachment":[{"href":"https:\/\/secureus.se\/dk\/wp-json\/wp\/v2\/media?parent=92830"}],"wp:term":[{"taxonomy":"product_brand","embeddable":true,"href":"https:\/\/secureus.se\/dk\/wp-json\/wp\/v2\/product_brand?post=92830"},{"taxonomy":"product_cat","embeddable":true,"href":"https:\/\/secureus.se\/dk\/wp-json\/wp\/v2\/product_cat?post=92830"},{"taxonomy":"product_tag","embeddable":true,"href":"https:\/\/secureus.se\/dk\/wp-json\/wp\/v2\/product_tag?post=92830"}],"curies":[{"name":"wp","href":"https:\/\/api.w.org\/{rel}","templated":true}]}}