{"id":92833,"date":"2024-06-16T23:12:01","date_gmt":"2024-06-16T21:12:01","guid":{"rendered":"https:\/\/secureus.se\/?post_type=product&#038;p=92833"},"modified":"2026-02-20T11:47:17","modified_gmt":"2026-02-20T10:47:17","slug":"elslutbleck-st900-90-preload","status":"publish","type":"product","link":"https:\/\/secureus.se\/dk\/elslutbleck-st900-90-preload\/","title":{"rendered":"Elektrisk endeplade ST900 (90 Preload)"},"content":{"rendered":"<h1>Elektrisk endeplade ST900 (90 Preload)<\/h1>\n<p class=\"\" data-start=\"668\" data-end=\"1084\">Elektrisk slutplade ST900 (90 Preload) fra STEP er en <strong data-start=\"715\" data-end=\"748\">kompakt og kraftfuld l\u00f8sning<\/strong> til d\u00f8re, der kr\u00e6ver h\u00f8j sikkerhed og fleksibilitet.<\/p>\n<p class=\"\" data-start=\"668\" data-end=\"1084\">Med en <strong data-start=\"809\" data-end=\"840\">patenteret strip print teknologi<\/strong>, kan denne elektriske slisk \u00e5bnes, selvom d\u00f8ren uds\u00e6ttes for tryk p\u00e5 op til <strong data-start=\"916\" data-end=\"926\">250 kg<\/strong>.<\/p>\n<p class=\"\" data-start=\"668\" data-end=\"1084\">Dette g\u00f8r STEP 90 Preload til et glimrende valg til d\u00f8re, der ofte uds\u00e6ttes for forhindringer som grus eller sne ved t\u00e6rsklen, eller til d\u00f8re, der er lidt sk\u00e6ve.<\/p>\n<p class=\"\" data-start=\"1086\" data-end=\"1410\">De <strong data-start=\"1090\" data-end=\"1110\">h\u00f8j brudstyrke<\/strong> p\u00e5 <strong data-start=\"1114\" data-end=\"1133\">1200 kg (12 kN)<\/strong> sikrer, at d\u00f8ren er sikker og modstandsdygtig over for stress, hvilket g\u00f8r den ideel til milj\u00f8er med h\u00f8j \u00e5bningsfrekvens.<\/p>\n<p class=\"\" data-start=\"1086\" data-end=\"1410\">Derudover er det <strong data-start=\"1285\" data-end=\"1303\">fabrik testet<\/strong> at modst\u00e5 op til <strong data-start=\"1326\" data-end=\"1354\">1.500.000 \u00e5bningscyklusser<\/strong>, hvilket g\u00f8r det til en p\u00e5lidelig og langtidsholdbar l\u00f8sning.<\/p>\n<p class=\"\" data-start=\"1412\" data-end=\"1800\">TRIN 90 Preload er <strong data-start=\"1431\" data-end=\"1463\">brandklassificeret i henhold til E\/EI 120<\/strong>, hvilket g\u00f8r den certificeret til brug i <strong data-start=\"1509\" data-end=\"1537\">brandsektions skilled\u00f8re<\/strong>, som er en vigtig sikkerhedsfunktion i mange bygninger.<\/p>\n<p class=\"\" data-start=\"1412\" data-end=\"1800\">Derudover har den elektriske slagplade en <strong data-start=\"1626\" data-end=\"1645\">omvendt funktion<\/strong>, hvilket betyder, at d\u00f8ren er <strong data-start=\"1676\" data-end=\"1704\">opl\u00e5st, n\u00e5r den er afbrudt<\/strong>, hvilket er nyttigt i n\u00f8dsituationer, eller n\u00e5r d\u00f8ren skal l\u00e5ses op ved str\u00f8msvigt.<\/p>\n<p class=\"\" data-start=\"1802\" data-end=\"2099\">En anden fordel ved STEP 90 Preload er dens <strong data-start=\"1846\" data-end=\"1862\">fleksibilitet<\/strong>: den er vendbar for at passe til begge <strong data-start=\"1898\" data-end=\"1933\">h\u00f8jre- og venstreh\u00e6ngte d\u00f8re<\/strong>, og dens funktion kan nemt \u00e6ndres fra <strong data-start=\"1976\" data-end=\"1988\">retf\u00e6rdig<\/strong> til <strong data-start=\"1994\" data-end=\"2004\">bagside<\/strong> under installationen, hvilket giver lavere h\u00e5ndteringsomkostninger og st\u00f8rre installationsfleksibilitet.<\/p>\n<p class=\"\" data-start=\"2101\" data-end=\"2131\"><strong data-start=\"2101\" data-end=\"2131\">N\u00f8glefunktioner og fordele:<\/strong><\/p>\n<ul data-start=\"2132\" data-end=\"2853\">\n<li class=\"\" data-start=\"2132\" data-end=\"2207\">\n<p class=\"\" data-start=\"2134\" data-end=\"2207\"><strong data-start=\"2134\" data-end=\"2156\">H\u00f8jrevendt funktion:<\/strong> D\u00f8ren l\u00e5ses i tilf\u00e6lde af str\u00f8msvigt for sikkerheds skyld.<\/p>\n<\/li>\n<li class=\"\" data-start=\"2208\" data-end=\"2291\">\n<p class=\"\" data-start=\"2210\" data-end=\"2291\"><strong data-start=\"2210\" data-end=\"2231\">Listeudskrivningsteknologi:<\/strong> T\u00e5ler op til 250 kg tryk og \u00e5bner d\u00f8ren trods tryk.<\/p>\n<\/li>\n<li class=\"\" data-start=\"2292\" data-end=\"2369\">\n<p class=\"\" data-start=\"2294\" data-end=\"2369\"><strong data-start=\"2294\" data-end=\"2313\">H\u00f8j brudstyrke:<\/strong> 1200 kg (12 kN) for at modst\u00e5 fysisk stress.<\/p>\n<\/li>\n<li class=\"\" data-start=\"2370\" data-end=\"2484\">\n<p class=\"\" data-start=\"2372\" data-end=\"2484\"><strong data-start=\"2372\" data-end=\"2389\">Brandgodkendt:<\/strong> Certificeret til brandmodstand iht. E\/EI 120 til sikker brug i brandsektions-skilled\u00f8re.<\/p>\n<\/li>\n<li class=\"\" data-start=\"2485\" data-end=\"2562\">\n<p class=\"\" data-start=\"2487\" data-end=\"2562\"><strong data-start=\"2487\" data-end=\"2506\">Fabrikstestet:<\/strong> Testet for 1.500.000 \u00e5bningscyklusser for lang levetid.<\/p>\n<\/li>\n<li class=\"\" data-start=\"2563\" data-end=\"2694\">\n<p class=\"\" data-start=\"2565\" data-end=\"2694\"><strong data-start=\"2565\" data-end=\"2591\">Fleksibel installation:<\/strong> Kan bruges med b\u00e5de enkelt- og dobbeltl\u00e5sel\u00e5se og er vendbar til h\u00f8jre- og venstreh\u00e6ngte d\u00f8re.<\/p>\n<\/li>\n<li class=\"\" data-start=\"2695\" data-end=\"2772\">\n<p class=\"\" data-start=\"2697\" data-end=\"2772\"><strong data-start=\"2697\" data-end=\"2724\">Beskyttelse mod manipulation:<\/strong> Indgrebssikker for at forhindre uautoriseret adgang.<\/p>\n<\/li>\n<li class=\"\" data-start=\"2773\" data-end=\"2853\">\n<p class=\"\" data-start=\"2775\" data-end=\"2853\"><strong data-start=\"2775\" data-end=\"2791\">Stempelkontakt:<\/strong> Angiver om d\u00f8ren er lukket og l\u00e5st eller \u00e5ben og ul\u00e5st.<\/p>\n<\/li>\n<\/ul>\n<p class=\"\" data-start=\"2855\" data-end=\"3141\"><strong data-start=\"2855\" data-end=\"2873\">Kompatibilitet:<\/strong> Elektrisk slutplade ST900 (90 Preload) er kompatibel med <strong data-start=\"2924\" data-end=\"2939\">enkeltbladet l\u00e5s<\/strong> og <strong data-start=\"2944\" data-end=\"2960\">dobbeltfl\u00f8jet l\u00e5s<\/strong>, og passer til b\u00e5de h\u00f8jre- og venstred\u00f8re. Den er designet til d\u00f8re, der uds\u00e6ttes for tryk og har <strong data-start=\"3068\" data-end=\"3092\">h\u00f8j \u00e5bningsfrekvens<\/strong>, og til brug i brandsektions skilled\u00f8re.<\/p>\n<p class=\"\" data-start=\"3143\" data-end=\"3166\"><strong data-start=\"3143\" data-end=\"3166\">Str\u00f8mkrav:<\/strong><\/p>\n<ul data-start=\"3167\" data-end=\"3336\">\n<li class=\"\" data-start=\"3167\" data-end=\"3211\">\n<p class=\"\" data-start=\"3169\" data-end=\"3211\"><strong data-start=\"3169\" data-end=\"3182\">Sp\u00e6nding:<\/strong> 12V eller 24V DC \u00b115 % -10 %<\/p>\n<\/li>\n<li class=\"\" data-start=\"3212\" data-end=\"3267\">\n<p class=\"\" data-start=\"3214\" data-end=\"3267\"><strong data-start=\"3214\" data-end=\"3235\">Str\u00f8mforbrug:<\/strong> 110 mAh ved 24V DC (maks. 300 mA)<\/p>\n<\/li>\n<li class=\"\" data-start=\"3268\" data-end=\"3336\">\n<p class=\"\" data-start=\"3270\" data-end=\"3336\"><strong data-start=\"3270\" data-end=\"3286\">Stempelkontakt:<\/strong> Mikroswitch, enkeltpolet omskiftning, max. 30V DC, 1A<\/p>\n<\/li>\n<\/ul>","protected":false},"excerpt":{"rendered":"<p>El-slagplade ST900 (90 Preload) fra STEP med h\u00f8jreh\u00e5ndsfunktion, 1200 kg brudstyrke og 250 kg b\u00e5ndtryk.<\/p>\n<p>Brandgodkendt iht. E\/EI 120, perfekt til d\u00f8re udsat for tryk og h\u00f8je \u00e5bningsfrekvenser.<\/p>","protected":false},"featured_media":137100,"template":"","meta":{"_acf_changed":false},"product_brand":[],"product_cat":[3355],"product_tag":[4197],"class_list":{"0":"post-92833","1":"product","2":"type-product","3":"status-publish","4":"has-post-thumbnail","6":"product_cat-elslutbleck","7":"product_tag-24v","8":"product_shipping_class-tunga-paket","9":"pa_brands-step","10":"tm-no-options","12":"first","13":"instock","14":"sale","15":"taxable","16":"shipping-taxable","17":"purchasable","18":"product-type-simple"},"acf":[],"_links":{"self":[{"href":"https:\/\/secureus.se\/dk\/wp-json\/wp\/v2\/product\/92833","targetHints":{"allow":["GET"]}}],"collection":[{"href":"https:\/\/secureus.se\/dk\/wp-json\/wp\/v2\/product"}],"about":[{"href":"https:\/\/secureus.se\/dk\/wp-json\/wp\/v2\/types\/product"}],"wp:featuredmedia":[{"embeddable":true,"href":"https:\/\/secureus.se\/dk\/wp-json\/wp\/v2\/media\/137100"}],"wp:attachment":[{"href":"https:\/\/secureus.se\/dk\/wp-json\/wp\/v2\/media?parent=92833"}],"wp:term":[{"taxonomy":"product_brand","embeddable":true,"href":"https:\/\/secureus.se\/dk\/wp-json\/wp\/v2\/product_brand?post=92833"},{"taxonomy":"product_cat","embeddable":true,"href":"https:\/\/secureus.se\/dk\/wp-json\/wp\/v2\/product_cat?post=92833"},{"taxonomy":"product_tag","embeddable":true,"href":"https:\/\/secureus.se\/dk\/wp-json\/wp\/v2\/product_tag?post=92833"}],"curies":[{"name":"wp","href":"https:\/\/api.w.org\/{rel}","templated":true}]}}