{"id":92839,"date":"2024-06-16T23:12:01","date_gmt":"2024-06-16T21:12:01","guid":{"rendered":"https:\/\/secureus.se\/?post_type=product&#038;p=92839"},"modified":"2026-02-20T11:51:18","modified_gmt":"2026-02-20T10:51:18","slug":"elslutbleck-st401-step-40-preload-omvand","status":"publish","type":"product","link":"https:\/\/secureus.se\/dk\/elslutbleck-st401-step-40-preload-omvand\/","title":{"rendered":"Elektrisk endeplade ST401 TRIN 40 Forsp\u00e6nding Reverse"},"content":{"rendered":"<h1>Elektrisk endeplade ST401 TRIN 40 Forsp\u00e6nding Reverse<\/h1>\n<p class=\"\" data-start=\"697\" data-end=\"1191\">Elektrisk slutb\u00f8jle ST401 STEP 40 Preload Reverse 24V fra STEP er designet til at tilbyde et h\u00f8jt niveau af sikkerhed og fleksibilitet til d\u00f8re med normale sikkerhedskrav.<\/p>\n<p class=\"\" data-start=\"697\" data-end=\"1191\">Udstyret med den patenterede <strong data-start=\"888\" data-end=\"910\">b\u00e5ndtrykteknikken<\/strong> fra STEP s\u00f8rger denne elektriske sl\u00f8jfe for, at d\u00f8ren kan \u00e5bnes, selvom den uds\u00e6ttes for et tryk p\u00e5 op til <strong data-start=\"1021\" data-end=\"1031\">250 kg<\/strong>, hvilket g\u00f8r det til et p\u00e5lideligt valg til d\u00f8re, der ofte uds\u00e6ttes for tryk, s\u00e5som d\u00f8re, der er lidt sk\u00e6ve eller har grus eller sne ved t\u00e6rsklen.<\/p>\n<p class=\"\" data-start=\"1193\" data-end=\"1559\">De <strong data-start=\"1197\" data-end=\"1219\">omvendt funktion<\/strong> betyder, at d\u00f8ren l\u00e5ses op i tilf\u00e6lde af str\u00f8msvigt, hvilket er ideelt til applikationer, hvor d\u00f8ren skal forblive \u00e5ben under en str\u00f8mafbrydelse, s\u00e5som n\u00f8dsituationer.<\/p>\n<p class=\"\" data-start=\"1193\" data-end=\"1559\">Det g\u00f8r STEP 40 Preload til en meget fleksibel l\u00f8sning, og den er nem at skifte fra <strong data-start=\"1472\" data-end=\"1505\">frem til tilbage funktion<\/strong> under installationen, hvilket reducerer h\u00e5ndteringsomkostningerne.<\/p>\n<p class=\"\" data-start=\"1561\" data-end=\"1904\">Med en imponerende <strong data-start=\"1580\" data-end=\"1613\">brudstyrke p\u00e5 1200 kg (12 kN)<\/strong> og en <strong data-start=\"1621\" data-end=\"1668\">fabriksstandard p\u00e5 1.500.000 \u00e5bningscyklusser<\/strong>, STEP 40 Preload er b\u00e5de holdbar og p\u00e5lidelig, selv i milj\u00f8er med h\u00f8j \u00e5bningsfrekvens.<\/p>\n<p class=\"\" data-start=\"1561\" data-end=\"1904\">Den elektriske slagplade er ogs\u00e5 <strong data-start=\"1782\" data-end=\"1797\">manipulationssikker<\/strong>, hvilket betyder, at den er manipulationssikker, hvilket giver yderligere sikkerhed mod uautoriseret adgang.<\/p>\n<p class=\"\" data-start=\"1906\" data-end=\"2158\">TRIN 40 Forudindl\u00e6sning er <strong data-start=\"1925\" data-end=\"1978\">kompatibel med b\u00e5de enkelt- og dobbeltl\u00e5se<\/strong>, hvilket giver en h\u00f8j grad af fleksibilitet og tilpasningsevne afh\u00e6ngigt af d\u00f8rsystemet.<\/p>\n<p class=\"\" data-start=\"1906\" data-end=\"2158\">Det er det ogs\u00e5 <strong data-start=\"2075\" data-end=\"2089\">reversibel<\/strong>, hvilket g\u00f8r den anvendelig til b\u00e5de h\u00f8jre- og venstreh\u00e6ngte d\u00f8re.<\/p>\n<p class=\"\" data-start=\"2160\" data-end=\"2190\"><strong data-start=\"2160\" data-end=\"2190\">N\u00f8glefunktioner og fordele:<\/strong><\/p>\n<ul data-start=\"2191\" data-end=\"2866\">\n<li class=\"\" data-start=\"2191\" data-end=\"2316\">\n<p class=\"\" data-start=\"2193\" data-end=\"2316\"><strong data-start=\"2193\" data-end=\"2213\">Omvendt funktion:<\/strong> L\u00e5ses op i tilf\u00e6lde af str\u00f8msvigt, hvilket g\u00f8r den velegnet til d\u00f8re, der skal v\u00e6re \u00e5bne under str\u00f8mafbrydelse.<\/p>\n<\/li>\n<li class=\"\" data-start=\"2317\" data-end=\"2420\">\n<p class=\"\" data-start=\"2319\" data-end=\"2420\"><strong data-start=\"2319\" data-end=\"2340\">Listeudskrivningsteknologi:<\/strong> T\u00e5ler op til 250 kg tryk, hvilket forhindrer nedetid ved tryk p\u00e5 d\u00f8ren.<\/p>\n<\/li>\n<li class=\"\" data-start=\"2421\" data-end=\"2500\">\n<p class=\"\" data-start=\"2423\" data-end=\"2500\"><strong data-start=\"2423\" data-end=\"2442\">H\u00f8j brudstyrke:<\/strong> 1200 kg (12 kN), hvilket giver robust beskyttelse mod indbrud.<\/p>\n<\/li>\n<li class=\"\" data-start=\"2501\" data-end=\"2607\">\n<p class=\"\" data-start=\"2503\" data-end=\"2607\"><strong data-start=\"2503\" data-end=\"2522\">Fabrikstestet:<\/strong> Testet i op til 1.500.000 \u00e5bningscyklusser for at sikre langvarig funktion.<\/p>\n<\/li>\n<li class=\"\" data-start=\"2608\" data-end=\"2674\">\n<p class=\"\" data-start=\"2610\" data-end=\"2674\"><strong data-start=\"2610\" data-end=\"2626\">Stempelkontakt:<\/strong> For at angive d\u00f8rstatus (lukket\/\u00e5bent).<\/p>\n<\/li>\n<li class=\"\" data-start=\"2675\" data-end=\"2727\">\n<p class=\"\" data-start=\"2677\" data-end=\"2727\"><strong data-start=\"2677\" data-end=\"2693\">Sl\u00e5sikker:<\/strong> Forhindrer uautoriseret manipulation.<\/p>\n<\/li>\n<li class=\"\" data-start=\"2728\" data-end=\"2787\">\n<p class=\"\" data-start=\"2730\" data-end=\"2787\"><strong data-start=\"2730\" data-end=\"2742\">Vendbar:<\/strong> Passer til b\u00e5de h\u00f8jre- og venstreh\u00e6ngte d\u00f8re.<\/p>\n<\/li>\n<li class=\"\" data-start=\"2788\" data-end=\"2866\">\n<p class=\"\" data-start=\"2790\" data-end=\"2866\"><strong data-start=\"2790\" data-end=\"2805\">Beskyttelsesdiode:<\/strong> Indbygget beskyttelsesdiode for at forhindre skader p\u00e5 elektronikken.<\/p>\n<\/li>\n<\/ul>\n<p class=\"\" data-start=\"2868\" data-end=\"3159\"><strong data-start=\"2868\" data-end=\"2886\">Kompatibilitet:<\/strong> Elektrisk slutplade ST401 STEP 40 Preload Reverse passer til begge <strong data-start=\"2940\" data-end=\"2955\">enkeltbladet l\u00e5s<\/strong> og <strong data-start=\"2960\" data-end=\"2976\">dobbeltfl\u00f8jet l\u00e5s<\/strong>, og kan monteres p\u00e5 b\u00e5de h\u00f8jre- og venstreh\u00e6ngte d\u00f8re.<\/p>\n<p class=\"\" data-start=\"2868\" data-end=\"3159\">Det er is\u00e6r nyttigt til d\u00f8re med normale sikkerhedskrav og til applikationer, hvor der kr\u00e6ves en h\u00f8j \u00e5bningsfrekvens.<\/p>\n<p class=\"\" data-start=\"3161\" data-end=\"3184\"><strong data-start=\"3161\" data-end=\"3184\">Str\u00f8mkrav:<\/strong><\/p>\n<ul data-start=\"3185\" data-end=\"3354\">\n<li class=\"\" data-start=\"3185\" data-end=\"3229\">\n<p class=\"\" data-start=\"3187\" data-end=\"3229\"><strong data-start=\"3187\" data-end=\"3200\">Sp\u00e6nding:<\/strong> 12V eller 24V DC \u00b115 % -10 %<\/p>\n<\/li>\n<li class=\"\" data-start=\"3230\" data-end=\"3285\">\n<p class=\"\" data-start=\"3232\" data-end=\"3285\"><strong data-start=\"3232\" data-end=\"3253\">Str\u00f8mforbrug:<\/strong> 110 mAh ved 24V DC (maks. 300 mA)<\/p>\n<\/li>\n<li class=\"\" data-start=\"3286\" data-end=\"3354\">\n<p class=\"\" data-start=\"3288\" data-end=\"3354\"><strong data-start=\"3288\" data-end=\"3304\">Stempelkontakt:<\/strong> Mikroswitch, enkeltpolet omskiftning, max. 30V DC, 1A<\/p>\n<\/li>\n<\/ul>","protected":false},"excerpt":{"rendered":"<p>Elektrisk slutplade ST401 STEP 40 Preload Reverse 24V med b\u00e5ndtrykteknologi, stempelkontakt og h\u00f8j brudstyrke (1200 kg).<\/p>\n<p>Omvendt funktion og h\u00f8j driftssikkerhed for d\u00f8re med normale sikkerhedskrav.<\/p>","protected":false},"featured_media":137563,"template":"","meta":{"_acf_changed":false},"product_brand":[],"product_cat":[3355],"product_tag":[4197,4201],"class_list":{"0":"post-92839","1":"product","2":"type-product","3":"status-publish","4":"has-post-thumbnail","6":"product_cat-elslutbleck","7":"product_tag-24v","8":"product_tag-omvand","9":"product_shipping_class-tunga-paket","10":"pa_brands-step","11":"tm-no-options","13":"first","14":"instock","15":"sale","16":"taxable","17":"shipping-taxable","18":"purchasable","19":"product-type-simple"},"acf":[],"_links":{"self":[{"href":"https:\/\/secureus.se\/dk\/wp-json\/wp\/v2\/product\/92839","targetHints":{"allow":["GET"]}}],"collection":[{"href":"https:\/\/secureus.se\/dk\/wp-json\/wp\/v2\/product"}],"about":[{"href":"https:\/\/secureus.se\/dk\/wp-json\/wp\/v2\/types\/product"}],"wp:featuredmedia":[{"embeddable":true,"href":"https:\/\/secureus.se\/dk\/wp-json\/wp\/v2\/media\/137563"}],"wp:attachment":[{"href":"https:\/\/secureus.se\/dk\/wp-json\/wp\/v2\/media?parent=92839"}],"wp:term":[{"taxonomy":"product_brand","embeddable":true,"href":"https:\/\/secureus.se\/dk\/wp-json\/wp\/v2\/product_brand?post=92839"},{"taxonomy":"product_cat","embeddable":true,"href":"https:\/\/secureus.se\/dk\/wp-json\/wp\/v2\/product_cat?post=92839"},{"taxonomy":"product_tag","embeddable":true,"href":"https:\/\/secureus.se\/dk\/wp-json\/wp\/v2\/product_tag?post=92839"}],"curies":[{"name":"wp","href":"https:\/\/api.w.org\/{rel}","templated":true}]}}