{"id":92841,"date":"2024-06-16T23:12:01","date_gmt":"2024-06-16T21:12:01","guid":{"rendered":"https:\/\/secureus.se\/?post_type=product&#038;p=92841"},"modified":"2026-02-20T11:43:47","modified_gmt":"2026-02-20T10:43:47","slug":"elslutbleck-71-24v-standard-solid","status":"publish","type":"product","link":"https:\/\/secureus.se\/dk\/elslutbleck-71-24v-standard-solid\/","title":{"rendered":"El-slutplade 71 24V Standard Solid"},"content":{"rendered":"<h1>El-slutplade 71 24V Standard Solid<\/h1>\n<p class=\"\" data-start=\"696\" data-end=\"1009\">El-lukkeplade 71 24V Standard Solid fra Assa ABLOY er en robust og p\u00e5lidelig elektrisk lukkeplade, der passer til d\u00f8re med <strong data-start=\"808\" data-end=\"844\">normale sikkerhedskrav<\/strong>.<\/p>\n<p class=\"\" data-start=\"696\" data-end=\"1009\">Den er ideel til brug som dagl\u00e5sning i skalbeskyttelse og intern afl\u00e5sning i handel, kontorer, industri samt i indgange og offentlige omr\u00e5der i flerfamiliehuse.<\/p>\n<p class=\"\" data-start=\"1011\" data-end=\"1405\">De <strong data-start=\"1015\" data-end=\"1037\">omvendt funktion<\/strong> betyder, at d\u00f8ren l\u00e5ses op i tilf\u00e6lde af str\u00f8msvigt, hvilket er nyttigt i applikationer, hvor d\u00f8ren skal l\u00e5ses op i mangel af str\u00f8m, for eksempel i n\u00f8dsituationer.<\/p>\n<p class=\"\" data-start=\"1011\" data-end=\"1405\">Den elektriske endeplade er ogs\u00e5 designet til brug i <strong data-start=\"1253\" data-end=\"1281\">brandsektions skilled\u00f8re<\/strong>, n\u00e5r den installeres i kombination med det korrekte stolpe- og l\u00e5sehus, hvilket g\u00f8r det til et godt valg til bygninger med brandkrav.<\/p>\n<p class=\"\" data-start=\"1407\" data-end=\"1824\">Den elektriske endeplade har <strong data-start=\"1425\" data-end=\"1445\">twist case i bronze<\/strong> og en <strong data-start=\"1454\" data-end=\"1479\">l\u00e5sehus i zinklegering<\/strong>, som giver en holdbar og korrosionsbestandig konstruktion.<\/p>\n<p class=\"\" data-start=\"1407\" data-end=\"1824\">Med en <strong data-start=\"1548\" data-end=\"1584\">brudstyrke p\u00e5 700 kg (7 kN)<\/strong> den er i stand til at modst\u00e5 stress og give sikkerhed i d\u00f8re, der uds\u00e6ttes for hyppig brug.<\/p>\n<p class=\"\" data-start=\"1407\" data-end=\"1824\">Det er ogs\u00e5 designet til at v\u00e6re <strong data-start=\"1724\" data-end=\"1748\">st\u00f8d- og st\u00f8dsikker<\/strong>, hvilket g\u00f8r det til et p\u00e5lideligt valg til d\u00f8re i milj\u00f8er med h\u00f8j trafik.<\/p>\n<p class=\"\" data-start=\"1826\" data-end=\"1856\"><strong data-start=\"1826\" data-end=\"1856\">N\u00f8glefunktioner og fordele:<\/strong><\/p>\n<ul data-start=\"1857\" data-end=\"2430\">\n<li class=\"\" data-start=\"1857\" data-end=\"1970\">\n<p class=\"\" data-start=\"1859\" data-end=\"1970\"><strong data-start=\"1859\" data-end=\"1879\">Omvendt funktion:<\/strong> L\u00e5ses op i tilf\u00e6lde af str\u00f8msvigt for at sikre, at d\u00f8ren forbliver \u00e5ben i tilf\u00e6lde af str\u00f8msvigt.<\/p>\n<\/li>\n<li class=\"\" data-start=\"1971\" data-end=\"2061\">\n<p class=\"\" data-start=\"1973\" data-end=\"2061\"><strong data-start=\"1973\" data-end=\"1993\">Brudstyrke:<\/strong> Kan klare op til 700 kg (7 kN) for at modst\u00e5 fysisk stress.<\/p>\n<\/li>\n<li class=\"\" data-start=\"2062\" data-end=\"2177\">\n<p class=\"\" data-start=\"2064\" data-end=\"2177\"><strong data-start=\"2064\" data-end=\"2089\">Brandcelletilpasning:<\/strong> Kan bruges i brandcelle-skilled\u00f8re, n\u00e5r de er monteret med korrekt stolpe og l\u00e5sehus.<\/p>\n<\/li>\n<li class=\"\" data-start=\"2178\" data-end=\"2250\">\n<p class=\"\" data-start=\"2180\" data-end=\"2250\"><strong data-start=\"2180\" data-end=\"2201\">Twist kuffert i bronze:<\/strong> For \u00f8get holdbarhed og modstandsdygtighed over for korrosion.<\/p>\n<\/li>\n<li class=\"\" data-start=\"2251\" data-end=\"2328\">\n<p class=\"\" data-start=\"2253\" data-end=\"2328\"><strong data-start=\"2253\" data-end=\"2270\">H\u00f8j sikkerhed:<\/strong> Slag- og st\u00f8dbestandig konstruktion for langvarig ydeevne.<\/p>\n<\/li>\n<li class=\"\" data-start=\"2329\" data-end=\"2430\">\n<p class=\"\" data-start=\"2331\" data-end=\"2430\"><strong data-start=\"2331\" data-end=\"2350\">Kompatibilitet:<\/strong> Passer til b\u00e5de enkelt og dobbelt deadbolt l\u00e5se samt h\u00f8jre- og venstreh\u00e6ngte d\u00f8re.<\/p>\n<\/li>\n<\/ul>\n<p class=\"\" data-start=\"2432\" data-end=\"2719\"><strong data-start=\"2432\" data-end=\"2450\">Kompatibilitet:<\/strong> El-slutplade 71 24V Standard Solid er designet til at blive brugt i d\u00f8re med <strong data-start=\"2527\" data-end=\"2542\">enkeltbladet l\u00e5s<\/strong> eller <strong data-start=\"2549\" data-end=\"2565\">dobbeltfl\u00f8jet l\u00e5s<\/strong> og passer til b\u00e5de h\u00f8jre- og venstreh\u00e6ngte d\u00f8re.<\/p>\n<p class=\"\" data-start=\"2432\" data-end=\"2719\">Dens omvendte funktion g\u00f8r den nyttig til applikationer, hvor d\u00f8ren skal l\u00e5ses op i str\u00f8ml\u00f8s position.<\/p>\n<p class=\"\" data-start=\"2721\" data-end=\"2744\"><strong data-start=\"2721\" data-end=\"2744\">Str\u00f8mkrav:<\/strong><\/p>\n<ul data-start=\"2745\" data-end=\"2885\">\n<li class=\"\" data-start=\"2745\" data-end=\"2786\">\n<p class=\"\" data-start=\"2747\" data-end=\"2786\"><strong data-start=\"2747\" data-end=\"2760\">Sp\u00e6nding:<\/strong> 12V eller 24V AC\/DC \u00b110 %<\/p>\n<\/li>\n<li class=\"\" data-start=\"2787\" data-end=\"2828\">\n<p class=\"\" data-start=\"2789\" data-end=\"2828\"><strong data-start=\"2789\" data-end=\"2810\">Str\u00f8mforbrug:<\/strong> 140 mA ved 24V DC<\/p>\n<\/li>\n<li class=\"\" data-start=\"2829\" data-end=\"2885\">\n<p class=\"\" data-start=\"2831\" data-end=\"2885\"><strong data-start=\"2831\" data-end=\"2848\">Mikro switch:<\/strong> Enkeltpolet omskiftning, max. 30V DC, 1A<\/p>\n<\/li>\n<\/ul>","protected":false},"excerpt":{"rendered":"<p>Elektrisk lukkeplade 71 24V Standard Solid fra Assa ABLOY passer til d\u00f8re med normale sikkerhedskrav og har omvendt funktion (l\u00e5ses op ved str\u00f8msvigt).<\/p>\n<p>Med en brudstyrke p\u00e5 700 kg og anvendelig til brandcelle-skilled\u00f8re.<\/p>","protected":false},"featured_media":137083,"template":"","meta":{"_acf_changed":false},"product_brand":[],"product_cat":[3355],"product_tag":[4197,4201],"class_list":{"0":"post-92841","1":"product","2":"type-product","3":"status-publish","4":"has-post-thumbnail","6":"product_cat-elslutbleck","7":"product_tag-24v","8":"product_tag-omvand","9":"product_shipping_class-tunga-paket","10":"pa_brands-abloy","11":"tm-no-options","13":"first","14":"outofstock","15":"sale","16":"taxable","17":"shipping-taxable","18":"purchasable","19":"product-type-simple"},"acf":[],"_links":{"self":[{"href":"https:\/\/secureus.se\/dk\/wp-json\/wp\/v2\/product\/92841","targetHints":{"allow":["GET"]}}],"collection":[{"href":"https:\/\/secureus.se\/dk\/wp-json\/wp\/v2\/product"}],"about":[{"href":"https:\/\/secureus.se\/dk\/wp-json\/wp\/v2\/types\/product"}],"wp:featuredmedia":[{"embeddable":true,"href":"https:\/\/secureus.se\/dk\/wp-json\/wp\/v2\/media\/137083"}],"wp:attachment":[{"href":"https:\/\/secureus.se\/dk\/wp-json\/wp\/v2\/media?parent=92841"}],"wp:term":[{"taxonomy":"product_brand","embeddable":true,"href":"https:\/\/secureus.se\/dk\/wp-json\/wp\/v2\/product_brand?post=92841"},{"taxonomy":"product_cat","embeddable":true,"href":"https:\/\/secureus.se\/dk\/wp-json\/wp\/v2\/product_cat?post=92841"},{"taxonomy":"product_tag","embeddable":true,"href":"https:\/\/secureus.se\/dk\/wp-json\/wp\/v2\/product_tag?post=92841"}],"curies":[{"name":"wp","href":"https:\/\/api.w.org\/{rel}","templated":true}]}}