{"id":92845,"date":"2024-06-16T23:12:01","date_gmt":"2024-06-16T21:12:01","guid":{"rendered":"https:\/\/secureus.se\/?post_type=product&#038;p=92845"},"modified":"2026-02-20T11:47:11","modified_gmt":"2026-02-20T10:47:11","slug":"elslutbleck-st90-step-90-preload-rattvand-24v","status":"publish","type":"product","link":"https:\/\/secureus.se\/dk\/elslutbleck-st90-step-90-preload-rattvand-24v\/","title":{"rendered":"Elektrisk endeplade ST90 (TRIN 90 Forsp\u00e6nding) H\u00f8jrevendt 24V"},"content":{"rendered":"<h1>Elektrisk endeplade ST90 (TRIN 90 Forsp\u00e6nding) H\u00f8jrevendt 24V<\/h1>\n<p class=\"\" data-start=\"760\" data-end=\"1205\">Elektrisk slagplade ST90 (STEP 90 Preload) Retvinklet 24V er en del af STEPs Preload-serie og tilbyder en perfekt balance mellem h\u00f8j sikkerhed, kompakte dimensioner og en robust konstruktion.<\/p>\n<p class=\"\" data-start=\"760\" data-end=\"1205\">Dette elektriske slag er udstyret med STEP&#039;s patenterede <strong data-start=\"987\" data-end=\"1007\">listetryksteknik<\/strong>, som g\u00f8r, at d\u00f8ren kan \u00e5bnes trods tryk p\u00e5 op til <strong data-start=\"1066\" data-end=\"1076\">250 kg<\/strong>, som er perfekt til d\u00f8re, der er udsat for overtryk, grus eller sne ved t\u00e6rsklen, eller til d\u00f8re, der kan v\u00e6re lidt sk\u00e6ve.<\/p>\n<p class=\"\" data-start=\"1207\" data-end=\"1620\">Med en <strong data-start=\"1214\" data-end=\"1252\">brudstyrke p\u00e5 1200 kg (12 kN)<\/strong>, STEP 90 Preload garanterer h\u00f8j sikkerhed, og den er testet til at modst\u00e5 op til <strong data-start=\"1338\" data-end=\"1366\">1.500.000 \u00e5bningscyklusser<\/strong>, hvilket g\u00f8r det til en langtidsholdbar og p\u00e5lidelig l\u00f8sning til d\u00f8re med h\u00f8j \u00e5bningsfrekvens.<\/p>\n<p class=\"\" data-start=\"1207\" data-end=\"1620\">Den er ogs\u00e5 udstyret med <strong data-start=\"1490\" data-end=\"1512\">indbygget beskyttelsesdiode<\/strong>, som forhindrer beskadigelse af elektrisk udstyr, s\u00e5som kodel\u00e5se eller kortl\u00e6sere, under sp\u00e6ndingsspidser.<\/p>\n<p data-start=\"1207\" data-end=\"1620\">TRIN 90 Preload er <strong data-start=\"1641\" data-end=\"1672\">brandklassificeret i henhold til E\/EI120<\/strong>, hvilket betyder, at den er certificeret til brandmodstand i op til 120 minutter, hvilket g\u00f8r den velegnet til brug i brandsektions-skilled\u00f8re.<\/p>\n<p data-start=\"1207\" data-end=\"1620\">Den kan bruges b\u00e5de i <strong data-start=\"1843\" data-end=\"1855\">retf\u00e6rdig<\/strong> og <strong data-start=\"1860\" data-end=\"1870\">bagside<\/strong> funktion, som giver fleksibilitet til forskellige installationsbehov og g\u00f8r det nemt at tilpasse under installationen.<\/p>\n<p data-start=\"1207\" data-end=\"1620\">Derudover er det <strong data-start=\"1999\" data-end=\"2011\">reversibel<\/strong> passer til b\u00e5de h\u00f8jre- og venstreh\u00e6ngte d\u00f8re, hvilket g\u00f8r installationen endnu mere fleksibel.<\/p>\n<p class=\"\" data-start=\"2110\" data-end=\"2140\"><strong data-start=\"2110\" data-end=\"2140\">N\u00f8glefunktioner og fordele:<\/strong><\/p>\n<ul data-start=\"2141\" data-end=\"2915\">\n<li class=\"\" data-start=\"2141\" data-end=\"2241\">\n<p class=\"\" data-start=\"2143\" data-end=\"2241\"><strong data-start=\"2143\" data-end=\"2167\">Skiftbar funktion:<\/strong> B\u00e5de frem- og bakfunktion for at passe til forskellige installationsbehov.<\/p>\n<\/li>\n<li class=\"\" data-start=\"2242\" data-end=\"2383\">\n<p class=\"\" data-start=\"2244\" data-end=\"2383\"><strong data-start=\"2244\" data-end=\"2265\">Listeudskrivningsteknologi:<\/strong> T\u00e5ler op til 250 kg tryk uden at p\u00e5virke portens funktion, hvilket g\u00f8r den til et sikkert valg i udsatte omgivelser.<\/p>\n<\/li>\n<li class=\"\" data-start=\"2384\" data-end=\"2503\">\n<p class=\"\" data-start=\"2386\" data-end=\"2503\"><strong data-start=\"2386\" data-end=\"2403\">Brandgodkendt:<\/strong> Certificeret til brandmodstandsdygtighed i henhold til E\/EI120, hvilket g\u00f8r den velegnet til brandsektionsadskillende d\u00f8re.<\/p>\n<\/li>\n<li class=\"\" data-start=\"2504\" data-end=\"2604\">\n<p class=\"\" data-start=\"2506\" data-end=\"2604\"><strong data-start=\"2506\" data-end=\"2525\">H\u00f8j brudstyrke:<\/strong> 1200 kg (12 kN), hvilket giver meget robust beskyttelse mod fysisk stress.<\/p>\n<\/li>\n<li class=\"\" data-start=\"2605\" data-end=\"2680\">\n<p class=\"\" data-start=\"2607\" data-end=\"2680\"><strong data-start=\"2607\" data-end=\"2634\">Beskyttelse mod manipulation:<\/strong> Indgrebssikker og beskyttet mod uautoriseret adgang.<\/p>\n<\/li>\n<li class=\"\" data-start=\"2681\" data-end=\"2791\">\n<p class=\"\" data-start=\"2683\" data-end=\"2791\"><strong data-start=\"2683\" data-end=\"2702\">Lang levetid:<\/strong> Fabrikstestet i op til 1.500.000 \u00e5bningscyklusser for at sikre langsigtet drift.<\/p>\n<\/li>\n<li class=\"\" data-start=\"2792\" data-end=\"2915\">\n<p class=\"\" data-start=\"2794\" data-end=\"2915\"><strong data-start=\"2794\" data-end=\"2820\">Fleksibel installation:<\/strong> Passer til b\u00e5de enkelt- og dobbeltl\u00e5se og er vendbar til h\u00f8jre- eller venstreh\u00e6ngte d\u00f8re.<\/p>\n<\/li>\n<\/ul>\n<p class=\"\" data-start=\"2917\" data-end=\"3181\"><strong data-start=\"2917\" data-end=\"2935\">Kompatibilitet:<\/strong> Elektrisk slutplade ST90 Preload er kompatibel med <strong data-start=\"2980\" data-end=\"2995\">enkeltbladet l\u00e5s<\/strong> og <strong data-start=\"3000\" data-end=\"3016\">dobbeltfl\u00f8jet l\u00e5s<\/strong> og passer til d\u00f8re med normale sikkerhedskrav.<\/p>\n<p class=\"\" data-start=\"2917\" data-end=\"3181\">Den er ogs\u00e5 designet til brug i <strong data-start=\"3101\" data-end=\"3129\">brandsektions skilled\u00f8re<\/strong> n\u00e5r den er installeret med passende stolpe og l\u00e5sehus.<\/p>\n<p class=\"\" data-start=\"3183\" data-end=\"3206\"><strong data-start=\"3183\" data-end=\"3206\">Str\u00f8mkrav:<\/strong><\/p>\n<ul data-start=\"3207\" data-end=\"3363\">\n<li class=\"\" data-start=\"3207\" data-end=\"3251\">\n<p class=\"\" data-start=\"3209\" data-end=\"3251\"><strong data-start=\"3209\" data-end=\"3222\">Sp\u00e6nding:<\/strong> 12V eller 24V DC \u00b115 % -10 %<\/p>\n<\/li>\n<li class=\"\" data-start=\"3252\" data-end=\"3307\">\n<p class=\"\" data-start=\"3254\" data-end=\"3307\"><strong data-start=\"3254\" data-end=\"3275\">Str\u00f8mforbrug:<\/strong> 110 mAh ved 24V DC (maks. 300 mA)<\/p>\n<\/li>\n<li class=\"\" data-start=\"3308\" data-end=\"3363\">\n<p class=\"\" data-start=\"3310\" data-end=\"3363\"><strong data-start=\"3310\" data-end=\"3327\">Mikro switch:<\/strong> Enkeltpolet omskiftning, max. 30V DC, 1A<\/p>\n<\/li>\n<\/ul>","protected":false},"excerpt":{"rendered":"<p>Elektrisk slagplade ST90 (STEP 90 Preload) R\u00e4ttv\u00e4nd 24V er en kompakt og kraftfuld elektrisk slagplade med b\u00e5ndtrykteknologi, der kan klare op til 250 kg tryk og 1200 kg brudstyrke.<\/p>\n<p>Certificeret til brandmodstand op til E\/EI120, perfekt til h\u00f8jfrekvente d\u00f8re.<\/p>","protected":false},"featured_media":137312,"template":"","meta":{"_acf_changed":false},"product_brand":[],"product_cat":[3355],"product_tag":[4197,4200],"class_list":{"0":"post-92845","1":"product","2":"type-product","3":"status-publish","4":"has-post-thumbnail","6":"product_cat-elslutbleck","7":"product_tag-24v","8":"product_tag-rattvand","9":"product_shipping_class-tunga-paket","10":"pa_brands-step","11":"tm-no-options","13":"first","14":"instock","15":"sale","16":"taxable","17":"shipping-taxable","18":"purchasable","19":"product-type-simple"},"acf":[],"_links":{"self":[{"href":"https:\/\/secureus.se\/dk\/wp-json\/wp\/v2\/product\/92845","targetHints":{"allow":["GET"]}}],"collection":[{"href":"https:\/\/secureus.se\/dk\/wp-json\/wp\/v2\/product"}],"about":[{"href":"https:\/\/secureus.se\/dk\/wp-json\/wp\/v2\/types\/product"}],"wp:featuredmedia":[{"embeddable":true,"href":"https:\/\/secureus.se\/dk\/wp-json\/wp\/v2\/media\/137312"}],"wp:attachment":[{"href":"https:\/\/secureus.se\/dk\/wp-json\/wp\/v2\/media?parent=92845"}],"wp:term":[{"taxonomy":"product_brand","embeddable":true,"href":"https:\/\/secureus.se\/dk\/wp-json\/wp\/v2\/product_brand?post=92845"},{"taxonomy":"product_cat","embeddable":true,"href":"https:\/\/secureus.se\/dk\/wp-json\/wp\/v2\/product_cat?post=92845"},{"taxonomy":"product_tag","embeddable":true,"href":"https:\/\/secureus.se\/dk\/wp-json\/wp\/v2\/product_tag?post=92845"}],"curies":[{"name":"wp","href":"https:\/\/api.w.org\/{rel}","templated":true}]}}