{"id":92849,"date":"2024-06-16T23:12:01","date_gmt":"2024-06-16T21:12:01","guid":{"rendered":"https:\/\/secureus.se\/?post_type=product&#038;p=92849"},"modified":"2026-02-20T11:47:04","modified_gmt":"2026-02-20T10:47:04","slug":"elslutbleck-40-st41-preload-omvand-24-vdc","status":"publish","type":"product","link":"https:\/\/secureus.se\/dk\/elslutbleck-40-st41-preload-omvand-24-vdc\/","title":{"rendered":"Elektrisk endeplade 40 ST41 Forsp\u00e6nding Reverse 24 Vdc"},"content":{"rendered":"<h1>Elektrisk endeplade 40 ST41 Forsp\u00e6nding Reverse 24 Vdc<\/h1>\n<p class=\"\" data-start=\"702\" data-end=\"1123\">Elbl\u00e6nde 40 ST41 Preload Reverse 24VDC fra STEP er en del af STEPs Preload-serie, som kombinerer minimale m\u00e5l med meget h\u00f8j ydeevne til d\u00f8re med normale sikkerhedskrav.<\/p>\n<p class=\"\" data-start=\"702\" data-end=\"1123\">Den patenterede b\u00e5ndtrykteknologi i STEP 40 g\u00f8r det muligt for den elektriske slisk at \u00e5bne, selvom d\u00f8ren uds\u00e6ttes for et tryk p\u00e5 op til 250 kg, hvilket g\u00f8r den s\u00e6rlig anvendelig til d\u00f8re, der uds\u00e6ttes for forhindringer som grus, sne eller tryk fra en sk\u00e6v d\u00f8r.<\/p>\n<p class=\"\" data-start=\"1125\" data-end=\"1476\">Denne model har en <strong data-start=\"1145\" data-end=\"1164\">omvendt funktion<\/strong>, hvilket betyder, at d\u00f8ren er ul\u00e5st i str\u00f8ml\u00f8s tilstand, hvilket g\u00f8r den velegnet til applikationer, hvor d\u00f8ren skal l\u00e5ses op i mangel af str\u00f8m, f.eks. i n\u00f8dsituationer.<\/p>\n<p class=\"\" data-start=\"1125\" data-end=\"1476\">Den indbyggede <strong data-start=\"1352\" data-end=\"1368\">beskyttelsesdioden<\/strong> forhindrer beskadigelse af elektroniske komponenter, s\u00e5som kodel\u00e5se eller kortl\u00e6sere, i tilf\u00e6lde af mulige sp\u00e6ndingsspidser.<\/p>\n<p class=\"\" data-start=\"1478\" data-end=\"1777\">Den elektriske slagplade har en imponerende <strong data-start=\"1511\" data-end=\"1549\">brudstyrke p\u00e5 1200 kg (12 kN)<\/strong> og er fabrikstestet i op til 1.500.000 \u00e5bningscyklusser, hvilket g\u00f8r den ekstremt holdbar og p\u00e5lidelig selv i milj\u00f8er med h\u00f8j \u00e5bningsfrekvens.<\/p>\n<p class=\"\" data-start=\"1478\" data-end=\"1777\">Derudover er den designet til at modst\u00e5 manipulation, hvilket giver \u00f8get sikkerhed.<\/p>\n<p class=\"\" data-start=\"1779\" data-end=\"2066\">Det er det ogs\u00e5 <strong data-start=\"1792\" data-end=\"1803\">reversibel<\/strong> passer til b\u00e5de h\u00f8jre- og venstreh\u00e6ngte d\u00f8re, hvilket g\u00f8r installationen nem og fleksibel.<\/p>\n<p class=\"\" data-start=\"1779\" data-end=\"2066\">For ekstra fleksibilitet under installationen har den elektriske slutplade <strong data-start=\"1962\" data-end=\"1998\">skruehuller til skr\u00e5 skruer<\/strong> i bagkanten, hvilket g\u00f8r det nemmere at justere til pr\u00e6cis position.<\/p>\n<p class=\"\" data-start=\"2068\" data-end=\"2098\"><strong data-start=\"2068\" data-end=\"2098\">N\u00f8glefunktioner og fordele:<\/strong><\/p>\n<ul data-start=\"2099\" data-end=\"2804\">\n<li class=\"\" data-start=\"2099\" data-end=\"2214\">\n<p class=\"\" data-start=\"2101\" data-end=\"2214\"><strong data-start=\"2101\" data-end=\"2121\">Omvendt funktion:<\/strong> L\u00e5st op i str\u00f8ml\u00f8s tilstand, som er velegnet til specifikke applikationer s\u00e5som n\u00f8dsituationer.<\/p>\n<\/li>\n<li class=\"\" data-start=\"2215\" data-end=\"2337\">\n<p class=\"\" data-start=\"2217\" data-end=\"2337\"><strong data-start=\"2217\" data-end=\"2238\">Listeudskrivningsteknologi:<\/strong> Kan \u00e5bne d\u00f8ren trods tryk p\u00e5 op til 250 kg, hvilket forhindrer nedetid ved tryk p\u00e5 d\u00f8ren.<\/p>\n<\/li>\n<li class=\"\" data-start=\"2338\" data-end=\"2436\">\n<p class=\"\" data-start=\"2340\" data-end=\"2436\"><strong data-start=\"2340\" data-end=\"2364\">H\u00f8j tr\u00e6kstyrke:<\/strong> 1200 kg (12 kN) for at modst\u00e5 stress og give langsigtet sikkerhed.<\/p>\n<\/li>\n<li class=\"\" data-start=\"2437\" data-end=\"2538\">\n<p class=\"\" data-start=\"2439\" data-end=\"2538\"><strong data-start=\"2439\" data-end=\"2469\">Fabrikstestet holdbarhed:<\/strong> Testet i 1.500.000 cyklusser for at sikre langvarig ydeevne.<\/p>\n<\/li>\n<li class=\"\" data-start=\"2539\" data-end=\"2619\">\n<p class=\"\" data-start=\"2541\" data-end=\"2619\"><strong data-start=\"2541\" data-end=\"2564\">Sabotagebeskyttelse:<\/strong> Forhindrer uautoriseret adgang og forbedrer sikkerheden.<\/p>\n<\/li>\n<li class=\"\" data-start=\"2620\" data-end=\"2715\">\n<p class=\"\" data-start=\"2622\" data-end=\"2715\"><strong data-start=\"2622\" data-end=\"2647\">Vendbar installation:<\/strong> Passer til b\u00e5de h\u00f8jre og venstre d\u00f8re for nem montering.<\/p>\n<\/li>\n<li class=\"\" data-start=\"2716\" data-end=\"2804\">\n<p class=\"\" data-start=\"2718\" data-end=\"2804\"><strong data-start=\"2718\" data-end=\"2733\">Beskyttelsesdiode:<\/strong> Indbygget beskyttelsesdiode til beskyttelse mod transienter og sp\u00e6ndingsspidser.<\/p>\n<\/li>\n<\/ul>\n<p class=\"\" data-start=\"2806\" data-end=\"3079\"><strong data-start=\"2806\" data-end=\"2824\">Kompatibilitet:<\/strong> Elektrisk slutplade 40 ST41 Preload er kompatibel med b\u00e5de enkelt- og dobbeltl\u00e5sel\u00e5se og er designet til d\u00f8re med normale sikkerhedskrav.<\/p>\n<p class=\"\" data-start=\"2806\" data-end=\"3079\">Dens funktion g\u00f8r den ideel til brug i d\u00f8re, der er udsat for tryk eller til d\u00f8re med h\u00f8j \u00e5bningsfrekvens.<\/p>\n<p class=\"\" data-start=\"3081\" data-end=\"3104\"><strong data-start=\"3081\" data-end=\"3104\">Str\u00f8mkrav:<\/strong><\/p>\n<ul data-start=\"3105\" data-end=\"3271\">\n<li class=\"\" data-start=\"3105\" data-end=\"3149\">\n<p class=\"\" data-start=\"3107\" data-end=\"3149\"><strong data-start=\"3107\" data-end=\"3120\">Sp\u00e6nding:<\/strong> 12V eller 24V DC \u00b115 % -10 %<\/p>\n<\/li>\n<li class=\"\" data-start=\"3150\" data-end=\"3205\">\n<p class=\"\" data-start=\"3152\" data-end=\"3205\"><strong data-start=\"3152\" data-end=\"3173\">Str\u00f8mforbrug:<\/strong> 110 mAh ved 24V DC (maks. 300 mA)<\/p>\n<\/li>\n<li class=\"\" data-start=\"3206\" data-end=\"3271\">\n<p class=\"\" data-start=\"3208\" data-end=\"3271\"><strong data-start=\"3208\" data-end=\"3223\">Beskyttelsesdiode:<\/strong> Indbygget beskyttelsesdiode til at beskytte elektronikken.<\/p>\n<\/li>\n<\/ul>","protected":false},"excerpt":{"rendered":"<p>Elektrisk slutplade 40 ST41 Preload Reverse 24VDC fra STEP tilbyder h\u00f8j sikkerhed og fleksibilitet med omvendt funktion og strimmeltrykteknologi.<\/p>\n<p>T\u00e5ler op til 250 kg tryk og 1200 kg brudstyrke, perfekt til d\u00f8re med normale sikkerhedskrav.<\/p>","protected":false},"featured_media":137069,"template":"","meta":{"_acf_changed":false},"product_brand":[],"product_cat":[3355],"product_tag":[4197,4202],"class_list":{"0":"post-92849","1":"product","2":"type-product","3":"status-publish","4":"has-post-thumbnail","6":"product_cat-elslutbleck","7":"product_tag-24v","8":"product_tag-omstallbar-rattvand-omvand","9":"product_shipping_class-tunga-paket","10":"pa_brands-step","11":"tm-no-options","13":"first","14":"instock","15":"sale","16":"taxable","17":"shipping-taxable","18":"purchasable","19":"product-type-simple"},"acf":[],"_links":{"self":[{"href":"https:\/\/secureus.se\/dk\/wp-json\/wp\/v2\/product\/92849","targetHints":{"allow":["GET"]}}],"collection":[{"href":"https:\/\/secureus.se\/dk\/wp-json\/wp\/v2\/product"}],"about":[{"href":"https:\/\/secureus.se\/dk\/wp-json\/wp\/v2\/types\/product"}],"wp:featuredmedia":[{"embeddable":true,"href":"https:\/\/secureus.se\/dk\/wp-json\/wp\/v2\/media\/137069"}],"wp:attachment":[{"href":"https:\/\/secureus.se\/dk\/wp-json\/wp\/v2\/media?parent=92849"}],"wp:term":[{"taxonomy":"product_brand","embeddable":true,"href":"https:\/\/secureus.se\/dk\/wp-json\/wp\/v2\/product_brand?post=92849"},{"taxonomy":"product_cat","embeddable":true,"href":"https:\/\/secureus.se\/dk\/wp-json\/wp\/v2\/product_cat?post=92849"},{"taxonomy":"product_tag","embeddable":true,"href":"https:\/\/secureus.se\/dk\/wp-json\/wp\/v2\/product_tag?post=92849"}],"curies":[{"name":"wp","href":"https:\/\/api.w.org\/{rel}","templated":true}]}}