{"id":92851,"date":"2024-06-16T23:12:01","date_gmt":"2024-06-16T21:12:01","guid":{"rendered":"https:\/\/secureus.se\/?post_type=product&#038;p=92851"},"modified":"2026-04-23T10:34:47","modified_gmt":"2026-04-23T08:34:47","slug":"elslutbleck-st925-step-92-preload","status":"publish","type":"product","link":"https:\/\/secureus.se\/dk\/elslutbleck-st925-step-92-preload\/","title":{"rendered":"Elektrisk endeplade ST925 (TRIN 92 Preload)"},"content":{"rendered":"<h1>Elektrisk endeplade ST925 (TRIN 92 Preload)<\/h1>\n<p class=\"\" data-start=\"710\" data-end=\"1125\">Elektrisk sl\u00f8jd ST925 (STEP 92 Preload) er en avanceret l\u00f8sning til d\u00f8re, der kr\u00e6ver h\u00f8j sikkerhed og fleksibilitet.<\/p>\n<p class=\"\" data-start=\"710\" data-end=\"1125\">Med en omskiftelig frem-tilbage-funktion kan ST925 tilpasses til mange forskellige d\u00f8ranvendelser.<\/p>\n<p class=\"\" data-start=\"710\" data-end=\"1125\">Den er is\u00e6r anvendelig til d\u00f8re med dobbeltl\u00e5se, hvor den elektriske l\u00e5sning er adskilt p\u00e5 hver l\u00e5sebolt, hvilket g\u00f8r det muligt at bruge d\u00f8ren med d\u00f8rautomatik eller tr\u00e6kh\u00e5ndtag.<\/p>\n<p class=\"\" data-start=\"1127\" data-end=\"1614\">En af de mest fremtr\u00e6dende egenskaber ved ST925 er dens <strong data-start=\"1179\" data-end=\"1199\">brandgodkendelse<\/strong> if\u00f8lge <strong data-start=\"1207\" data-end=\"1225\">klasse E\/EI 120<\/strong>, hvilket betyder, at den er certificeret til at modst\u00e5 brand i en periode p\u00e5 op til 120 minutter.<\/p>\n<p class=\"\" data-start=\"1127\" data-end=\"1614\">Dette g\u00f8r det elektriske slutstykke til en perfekt l\u00f8sning til bygninger, hvor brandkrav er afg\u00f8rende, samtidig med at det kan integreres med d\u00f8rautomatik for nem \u00e5bning i en n\u00f8dsituation.<\/p>\n<p class=\"\" data-start=\"1127\" data-end=\"1614\">Den kan endda \u00e5bnes via brandalarm, hvilket giver mulighed for genindtagelse p\u00e5 en kontrolleret m\u00e5de.<\/p>\n<p class=\"\" data-start=\"1616\" data-end=\"2016\">TRIN 92 Preload er ogs\u00e5 udstyret med <strong data-start=\"1654\" data-end=\"1674\">listetryksteknik<\/strong>, hvilket betyder, at den kan \u00e5bnes, selv n\u00e5r d\u00f8ren uds\u00e6ttes for et tryk p\u00e5 op til 250 kg (2,5 kN).<\/p>\n<p class=\"\" data-start=\"1616\" data-end=\"2016\">Dette er en stor fordel i milj\u00f8er, hvor d\u00f8ren er udsat for tryk, for eksempel p\u00e5 grund af overtryk i bygningen, sne eller grus, der blokerer d\u00f8rspalten, eller sk\u00e6ve d\u00f8re.<\/p>\n<p class=\"\" data-start=\"1616\" data-end=\"2016\">Denne funktion sikrer p\u00e5lidelig drift uden afbrydelser.<\/p>\n<p class=\"\" data-start=\"2018\" data-end=\"2304\">ST925 er ogs\u00e5 bygget til at modst\u00e5 ekstrem stress, med en brudstyrke p\u00e5 <strong data-start=\"2107\" data-end=\"2126\">1200 kg (12 kN)<\/strong> og en holdbarhed, der er testet til at modst\u00e5 <strong data-start=\"2172\" data-end=\"2192\">1.500.000 cyklusser<\/strong>.<\/p>\n<p class=\"\" data-start=\"2018\" data-end=\"2304\">Derudover har den en <strong data-start=\"2215\" data-end=\"2249\">indbygget beskyttelse mod manipulation<\/strong>, som giver yderligere sikkerhed mod uautoriseret adgang.<\/p>\n<p class=\"\" data-start=\"2306\" data-end=\"2336\"><strong data-start=\"2306\" data-end=\"2336\">N\u00f8glefunktioner og fordele:<\/strong><\/p>\n<ul data-start=\"2337\" data-end=\"2974\">\n<li class=\"\" data-start=\"2337\" data-end=\"2442\">\n<p class=\"\" data-start=\"2339\" data-end=\"2442\"><strong data-start=\"2339\" data-end=\"2363\">Skiftbar funktion:<\/strong> B\u00e5de frem- og bakfunktion til tilpasning til forskellige d\u00f8ranvendelser.<\/p>\n<\/li>\n<li class=\"\" data-start=\"2443\" data-end=\"2581\">\n<p class=\"\" data-start=\"2445\" data-end=\"2581\"><strong data-start=\"2445\" data-end=\"2473\">Brandgodkendt (E\/EI 120):<\/strong> Certificeret til brandmodstand i op til 120 minutter, hvilket g\u00f8r den ideel til bygninger med brandkrav.<\/p>\n<\/li>\n<li class=\"\" data-start=\"2582\" data-end=\"2670\">\n<p class=\"\" data-start=\"2584\" data-end=\"2670\"><strong data-start=\"2584\" data-end=\"2605\">Listeudskrivningsteknologi:<\/strong> T\u00e5ler tryk p\u00e5 op til 250 kg uden at forstyrre d\u00f8rens funktion.<\/p>\n<\/li>\n<li class=\"\" data-start=\"2671\" data-end=\"2770\">\n<p class=\"\" data-start=\"2673\" data-end=\"2770\"><strong data-start=\"2673\" data-end=\"2697\">H\u00f8j tr\u00e6kstyrke:<\/strong> 1200 kg (12 kN) til at modst\u00e5 fysisk stress og manipulation.<\/p>\n<\/li>\n<li class=\"\" data-start=\"2771\" data-end=\"2889\">\n<p class=\"\" data-start=\"2773\" data-end=\"2889\"><strong data-start=\"2773\" data-end=\"2798\">Alsidig brug:<\/strong> Passer til d\u00f8re med dobbeltl\u00e5se, herunder systemer som Connect, Modul og Narrow Profile serien.<\/p>\n<\/li>\n<li class=\"\" data-start=\"2890\" data-end=\"2974\">\n<p class=\"\" data-start=\"2892\" data-end=\"2974\"><strong data-start=\"2892\" data-end=\"2912\">D\u00f8roverv\u00e5gning:<\/strong> Stempelkontakt til at angive, om d\u00f8ren er lukket eller \u00e5ben.<\/p>\n<\/li>\n<\/ul>\n<p class=\"\" data-start=\"2976\" data-end=\"3287\"><strong data-start=\"2976\" data-end=\"2994\">Kompatibilitet:<\/strong> Elektrisk slagplade ST925 er kompatibel med l\u00e5sehuse til <strong data-start=\"3043\" data-end=\"3059\">dobbeltfl\u00f8jet l\u00e5s<\/strong> i serierne Connect, Modul og Narrow Profile, hvilket g\u00f8r den til et alsidigt valg til installation i en r\u00e6kke applikationer.<\/p>\n<p class=\"\" data-start=\"2976\" data-end=\"3287\">Den er vendbar til b\u00e5de h\u00f8jre- og venstreh\u00e6ngte d\u00f8re, hvilket giver fleksibilitet under installationen.<\/p>\n<p class=\"\" data-start=\"3289\" data-end=\"3312\"><strong data-start=\"3289\" data-end=\"3312\">Str\u00f8mkrav:<\/strong><\/p>\n<ul data-start=\"3313\" data-end=\"3481\">\n<li class=\"\" data-start=\"3313\" data-end=\"3357\">\n<p class=\"\" data-start=\"3315\" data-end=\"3357\"><strong data-start=\"3315\" data-end=\"3328\">Sp\u00e6nding:<\/strong> 12V eller 24V DC \u00b115 % -10 %<\/p>\n<\/li>\n<li class=\"\" data-start=\"3358\" data-end=\"3413\">\n<p class=\"\" data-start=\"3360\" data-end=\"3413\"><strong data-start=\"3360\" data-end=\"3381\">Str\u00f8mforbrug:<\/strong> 110 mAh ved 24V DC (maks. 300 mA)<\/p>\n<\/li>\n<li class=\"\" data-start=\"3414\" data-end=\"3481\">\n<p class=\"\" data-start=\"3416\" data-end=\"3481\"><strong data-start=\"3416\" data-end=\"3432\">Stempelkontakt:<\/strong> Mikroswitch, enkeltpolet skifte, max 30 V DC, 1A<\/p>\n<\/li>\n<\/ul>","protected":false},"excerpt":{"rendered":"<p>Elektrisk slutplade ST925 (STEP 92 Preload) fra STEP er en brandgodkendt elektrisk slutplade til dobbeltfl\u00f8jede l\u00e5se med justerbar funktion, 250 kg b\u00e5ndtryk og h\u00f8j brudstyrke (1200 kg).<\/p>\n<p>Perfekt til d\u00f8re med automatiske d\u00f8r\u00e5bnere eller tr\u00e6kh\u00e5ndtag.<\/p>","protected":false},"featured_media":137289,"template":"","meta":{"_acf_changed":false},"product_brand":[],"product_cat":[3355],"product_tag":[4197,4202],"class_list":{"0":"post-92851","1":"product","2":"type-product","3":"status-publish","4":"has-post-thumbnail","6":"product_cat-elslutbleck","7":"product_tag-24v","8":"product_tag-omstallbar-rattvand-omvand","9":"product_shipping_class-tunga-paket","10":"pa_brands-step","11":"tm-no-options","13":"first","14":"instock","15":"sale","16":"taxable","17":"shipping-taxable","18":"purchasable","19":"product-type-simple"},"acf":[],"_links":{"self":[{"href":"https:\/\/secureus.se\/dk\/wp-json\/wp\/v2\/product\/92851","targetHints":{"allow":["GET"]}}],"collection":[{"href":"https:\/\/secureus.se\/dk\/wp-json\/wp\/v2\/product"}],"about":[{"href":"https:\/\/secureus.se\/dk\/wp-json\/wp\/v2\/types\/product"}],"wp:featuredmedia":[{"embeddable":true,"href":"https:\/\/secureus.se\/dk\/wp-json\/wp\/v2\/media\/137289"}],"wp:attachment":[{"href":"https:\/\/secureus.se\/dk\/wp-json\/wp\/v2\/media?parent=92851"}],"wp:term":[{"taxonomy":"product_brand","embeddable":true,"href":"https:\/\/secureus.se\/dk\/wp-json\/wp\/v2\/product_brand?post=92851"},{"taxonomy":"product_cat","embeddable":true,"href":"https:\/\/secureus.se\/dk\/wp-json\/wp\/v2\/product_cat?post=92851"},{"taxonomy":"product_tag","embeddable":true,"href":"https:\/\/secureus.se\/dk\/wp-json\/wp\/v2\/product_tag?post=92851"}],"curies":[{"name":"wp","href":"https:\/\/api.w.org\/{rel}","templated":true}]}}