{"id":92853,"date":"2024-06-16T23:12:01","date_gmt":"2024-06-16T21:12:01","guid":{"rendered":"https:\/\/secureus.se\/?post_type=product&#038;p=92853"},"modified":"2026-02-20T11:43:32","modified_gmt":"2026-02-20T10:43:32","slug":"elslutbleck-st405-step-40-preload","status":"publish","type":"product","link":"https:\/\/secureus.se\/dk\/elslutbleck-st405-step-40-preload\/","title":{"rendered":"Elektrisk endeplade ST405 TRIN 40 Forsp\u00e6nding"},"content":{"rendered":"<h1>Elektrisk endeplade ST405 TRIN 40 Forsp\u00e6nding<\/h1>\n<p class=\"\" data-start=\"719\" data-end=\"1214\">Elektrisk slutplade ST405 (STEP 40 Preload) er en del af STEPs Preload-serie og tilbyder en kombination af minimale dimensioner og h\u00f8j ydeevne, hvilket g\u00f8r den ideel til dagl\u00e5sning p\u00e5 d\u00f8re med normale sikkerhedskrav.<\/p>\n<p class=\"\" data-start=\"719\" data-end=\"1214\">Denne elektriske slutplade er udstyret med STEPs patenterede b\u00e5ndtrykteknologi, hvilket betyder, at den kan \u00e5bne d\u00f8re udsat for tryk p\u00e5 op til 250 kg (2,5 kN).<\/p>\n<p class=\"\" data-start=\"719\" data-end=\"1214\">Dette er is\u00e6r nyttigt for d\u00f8re, der uds\u00e6ttes for overtryk i bygninger, eller n\u00e5r grus eller sne blokerer d\u00f8r\u00e5bningen.<\/p>\n<p class=\"\" data-start=\"1216\" data-end=\"1647\">STEP 40 Preload er ogs\u00e5 meget p\u00e5lidelig og testet til at klare en h\u00f8j \u00e5bningsfrekvens. Den har en brudstyrke p\u00e5 1.200 kg (12 kN), hvilket g\u00f8r den robust nok til at modst\u00e5 store belastninger og er testet til at modst\u00e5 op til 1.500.000 \u00e5bningscyklusser.<\/p>\n<p class=\"\" data-start=\"1216\" data-end=\"1647\">Dens patenterede teknologi og det lave str\u00f8mforbrug p\u00e5 kun 110 mAh ved 24V g\u00f8r den til en energieffektiv l\u00f8sning, der giver langtidsbrug uden nedetid.<\/p>\n<p class=\"\" data-start=\"1649\" data-end=\"2049\">En af de mest fleksible funktioner ved ST405 er dens omskiftelige funktion.<\/p>\n<p class=\"\" data-start=\"1649\" data-end=\"2049\">Den kan bruges i b\u00e5de frem- og bakk\u00f8rsel (l\u00e5st eller ul\u00e5st, n\u00e5r den er afbrudt), hvilket g\u00f8r det nemt at tilpasse den elektriske lukkeplade under installationen, s\u00e5 den passer til specifikke d\u00f8rkrav.<\/p>\n<p class=\"\" data-start=\"1649\" data-end=\"2049\">Derudover er den vendbar til at passe til b\u00e5de h\u00f8jre- og venstreh\u00e6ngte d\u00f8re, hvilket g\u00f8r monteringen endnu nemmere og mere fleksibel.<\/p>\n<p class=\"\" data-start=\"2051\" data-end=\"2351\">Den elektriske endeplade er forsynet med en stempelkontakt, som g\u00f8r det muligt at angive om d\u00f8ren er lukket eller \u00e5ben, hvilket kan v\u00e6re nyttigt til d\u00f8roverv\u00e5gning.<\/p>\n<p class=\"\" data-start=\"2051\" data-end=\"2351\">Den indbyggede beskyttelsesdiode forhindrer skader p\u00e5 det elektriske udstyr, s\u00e5som kodel\u00e5se eller kortl\u00e6sere, i tilf\u00e6lde af potentielle sp\u00e6ndingsspidser.<\/p>\n<p class=\"\" data-start=\"2353\" data-end=\"2383\"><strong data-start=\"2353\" data-end=\"2383\">N\u00f8glefunktioner og fordele:<\/strong><\/p>\n<ul data-start=\"2384\" data-end=\"2907\">\n<li class=\"\" data-start=\"2384\" data-end=\"2467\">\n<p class=\"\" data-start=\"2386\" data-end=\"2467\"><strong data-start=\"2386\" data-end=\"2410\">Skiftbar funktion:<\/strong> B\u00e5de frem- og bakfunktion for \u00f8get fleksibilitet.<\/p>\n<\/li>\n<li class=\"\" data-start=\"2468\" data-end=\"2537\">\n<p class=\"\" data-start=\"2470\" data-end=\"2537\"><strong data-start=\"2470\" data-end=\"2491\">Listeudskrivningsteknologi:<\/strong> \u00c5bner d\u00f8ren trods tryk p\u00e5 op til 250 kg.<\/p>\n<\/li>\n<li class=\"\" data-start=\"2538\" data-end=\"2688\">\n<p class=\"\" data-start=\"2540\" data-end=\"2688\"><strong data-start=\"2540\" data-end=\"2564\">H\u00f8j tr\u00e6kstyrke:<\/strong> T\u00e5ler op til 1.200 kg (12 kN), hvilket g\u00f8r den til en robust mulighed for d\u00f8re, der uds\u00e6ttes for tung belastning.<\/p>\n<\/li>\n<li class=\"\" data-start=\"2689\" data-end=\"2756\">\n<p class=\"\" data-start=\"2691\" data-end=\"2756\"><strong data-start=\"2691\" data-end=\"2710\">H\u00f8j holdbarhed:<\/strong> Testet i op til 1.500.000 \u00e5bningscyklusser.<\/p>\n<\/li>\n<li class=\"\" data-start=\"2757\" data-end=\"2840\">\n<p class=\"\" data-start=\"2759\" data-end=\"2840\"><strong data-start=\"2759\" data-end=\"2785\">Beskyttelse mod transienter:<\/strong> Indbygget beskyttelsesdiode til beskyttelse mod sp\u00e6ndingsspidser.<\/p>\n<\/li>\n<li class=\"\" data-start=\"2841\" data-end=\"2907\">\n<p class=\"\" data-start=\"2843\" data-end=\"2907\"><strong data-start=\"2843\" data-end=\"2862\">Vendbart design:<\/strong> Passer til b\u00e5de h\u00f8jre- og venstreh\u00e6ngte d\u00f8re.<\/p>\n<\/li>\n<\/ul>\n<p class=\"\" data-start=\"2909\" data-end=\"3191\"><strong data-start=\"2909\" data-end=\"2927\">Kompatibilitet:<\/strong> Elektrisk slutplade ST405 (STEP 40 Preload) er kompatibel med b\u00e5de enkelt- og dobbelte deadbolts, hvilket g\u00f8r den anvendelig til en r\u00e6kke d\u00f8ranvendelser.<\/p>\n<p class=\"\" data-start=\"2909\" data-end=\"3191\">Derudover er den velegnet til d\u00f8re med normale sikkerhedskrav og kan monteres p\u00e5 b\u00e5de h\u00f8jre- og venstreh\u00e6ngte d\u00f8re.<\/p>\n<p class=\"\" data-start=\"3193\" data-end=\"3216\"><strong data-start=\"3193\" data-end=\"3216\">Str\u00f8mkrav:<\/strong><\/p>\n<ul data-start=\"3217\" data-end=\"3385\">\n<li class=\"\" data-start=\"3217\" data-end=\"3261\">\n<p class=\"\" data-start=\"3219\" data-end=\"3261\"><strong data-start=\"3219\" data-end=\"3232\">Sp\u00e6nding:<\/strong> 12V eller 24V DC \u00b115 % -10 %<\/p>\n<\/li>\n<li class=\"\" data-start=\"3262\" data-end=\"3317\">\n<p class=\"\" data-start=\"3264\" data-end=\"3317\"><strong data-start=\"3264\" data-end=\"3285\">Str\u00f8mforbrug:<\/strong> 110 mAh ved 24V DC (maks. 300 mA)<\/p>\n<\/li>\n<li class=\"\" data-start=\"3318\" data-end=\"3385\">\n<p class=\"\" data-start=\"3320\" data-end=\"3385\"><strong data-start=\"3320\" data-end=\"3336\">Stempelkontakt:<\/strong> Mikroswitch, enkeltpolet skifte, max 30 V DC, 1A<\/p>\n<\/li>\n<\/ul>","protected":false},"excerpt":{"rendered":"<p>Elektrisk endeplade ST405 (STEP 40 Preload) fra STEP er en h\u00f8jtydende elektrisk endeplade med justerbar funktion, b\u00e5ndtrykteknologi, der kan klare op til 250 kg tryk og 1200 kg brudstyrke.<\/p>\n<p>Ideel til d\u00f8re med normale sikkerhedskrav.<\/p>","protected":false},"featured_media":137558,"template":"","meta":{"_acf_changed":false},"product_brand":[],"product_cat":[3355],"product_tag":[4197,4202],"class_list":{"0":"post-92853","1":"product","2":"type-product","3":"status-publish","4":"has-post-thumbnail","6":"product_cat-elslutbleck","7":"product_tag-24v","8":"product_tag-omstallbar-rattvand-omvand","9":"product_shipping_class-tunga-paket","10":"pa_brands-step","11":"tm-no-options","13":"first","14":"instock","15":"sale","16":"taxable","17":"shipping-taxable","18":"purchasable","19":"product-type-simple"},"acf":[],"_links":{"self":[{"href":"https:\/\/secureus.se\/dk\/wp-json\/wp\/v2\/product\/92853","targetHints":{"allow":["GET"]}}],"collection":[{"href":"https:\/\/secureus.se\/dk\/wp-json\/wp\/v2\/product"}],"about":[{"href":"https:\/\/secureus.se\/dk\/wp-json\/wp\/v2\/types\/product"}],"wp:featuredmedia":[{"embeddable":true,"href":"https:\/\/secureus.se\/dk\/wp-json\/wp\/v2\/media\/137558"}],"wp:attachment":[{"href":"https:\/\/secureus.se\/dk\/wp-json\/wp\/v2\/media?parent=92853"}],"wp:term":[{"taxonomy":"product_brand","embeddable":true,"href":"https:\/\/secureus.se\/dk\/wp-json\/wp\/v2\/product_brand?post=92853"},{"taxonomy":"product_cat","embeddable":true,"href":"https:\/\/secureus.se\/dk\/wp-json\/wp\/v2\/product_cat?post=92853"},{"taxonomy":"product_tag","embeddable":true,"href":"https:\/\/secureus.se\/dk\/wp-json\/wp\/v2\/product_tag?post=92853"}],"curies":[{"name":"wp","href":"https:\/\/api.w.org\/{rel}","templated":true}]}}