{"id":92855,"date":"2024-06-16T23:12:02","date_gmt":"2024-06-16T21:12:02","guid":{"rendered":"https:\/\/secureus.se\/?post_type=product&#038;p=92855"},"modified":"2026-04-08T16:37:52","modified_gmt":"2026-04-08T14:37:52","slug":"elslutbleck-es-17m-rattvand","status":"publish","type":"product","link":"https:\/\/secureus.se\/dk\/elslutbleck-es-17m-rattvand\/","title":{"rendered":"El-slutplade ES 17M H\u00f8jrevendt"},"content":{"rendered":"<h1>El-slutplade ES 17M H\u00f8jrevendt<\/h1>\n<p class=\"\" data-start=\"708\" data-end=\"1045\">ES 17M elektrisk slutbl\u00e6nde fra SAFETRON er en standard elektrisk sl\u00f8jd, der kombinerer h\u00f8j ydeevne med et kompakt design, hvilket g\u00f8r det til et perfekt valg til d\u00f8re med normale sikkerhedskrav.<\/p>\n<p class=\"\" data-start=\"708\" data-end=\"1045\">Den er s\u00e6rdeles velegnet til brug i skalbeskyttelse, indvendig afl\u00e5sning i handel, kontorer og industri samt i indgange og offentlige omr\u00e5der i etageejendomme.<\/p>\n<p class=\"\" data-start=\"1047\" data-end=\"1580\">En af de mest enest\u00e5ende egenskaber ved ES 17M er den innovative b\u00e5ndtrykteknologi, som g\u00f8r det muligt at \u00e5bne den elektriske sl\u00f8jfe, selvom d\u00f8ren uds\u00e6ttes for et tryk p\u00e5 op til 150 kg.<\/p>\n<p class=\"\" data-start=\"1047\" data-end=\"1580\">Dette er is\u00e6r nyttigt, n\u00e5r d\u00f8ren uds\u00e6ttes for tryk for\u00e5rsaget af for eksempel overtryk i bygningen, sne eller grus, der ender i d\u00f8rspalten, eller n\u00e5r d\u00f8ren er lidt sk\u00e6v.<\/p>\n<p class=\"\" data-start=\"1047\" data-end=\"1580\">Listetryk er et almindeligt problem, der kan for\u00e5rsage nedetid, men med ES 17M er disse problemer elimineret og sikrer, at d\u00f8ren fungerer problemfrit under alle forhold.<\/p>\n<p class=\"\" data-start=\"1582\" data-end=\"2080\">Den lille st\u00f8rrelse af den elektriske slutplade g\u00f8r den ogs\u00e5 til et fleksibelt valg til montering. Den passer ind i stort set enhver fordybning forberedt til standard elektriske plader og kan installeres p\u00e5 d\u00f8re med 150 mm karmbeslag, hvilket g\u00f8r den ideel til indvendige d\u00f8re.<\/p>\n<p class=\"\" data-start=\"1582\" data-end=\"2080\">Derudover er den elektriske slutplade udstyret med en sabotagebeskyttelse i rustfrit st\u00e5l, som forhindrer adgang til tilslutningskablet gennem stolpehullet i tilf\u00e6lde af et fald, hvilket giver b\u00e5de ekstra sikkerhed og et \u00e6stetisk tiltalende udseende.<\/p>\n<p class=\"\" data-start=\"2082\" data-end=\"2403\">ES 17M har ogs\u00e5 et lavt str\u00f8mforbrug med kun 35 mA ved 24 VDC og 60 mA ved 12 VDC, hvilket g\u00f8r den energieffektiv og \u00f8konomisk.<\/p>\n<p class=\"\" data-start=\"2082\" data-end=\"2403\">Den er ogs\u00e5 udstyret med en stempelafbryder som standard, som g\u00f8r det muligt at angive, om d\u00f8ren er lukket eller \u00e5ben, hvilket er en praktisk funktion til overv\u00e5gning og sikkerhed.<\/p>\n<p class=\"\" data-start=\"2405\" data-end=\"2435\"><strong data-start=\"2405\" data-end=\"2435\">N\u00f8glefunktioner og fordele:<\/strong><\/p>\n<ul data-start=\"2436\" data-end=\"3028\">\n<li class=\"\" data-start=\"2436\" data-end=\"2549\">\n<p class=\"\" data-start=\"2438\" data-end=\"2549\"><strong data-start=\"2438\" data-end=\"2459\">Listeudskrivningsteknologi:<\/strong> \u00c5bner selvom d\u00f8ren uds\u00e6ttes for et tryk p\u00e5 op til 150 kg, hvilket forhindrer nedetid.<\/p>\n<\/li>\n<li class=\"\" data-start=\"2550\" data-end=\"2628\">\n<p class=\"\" data-start=\"2552\" data-end=\"2628\"><strong data-start=\"2552\" data-end=\"2571\">Kompakt design:<\/strong> Passer i standard fatninger og muligg\u00f8r nem installation.<\/p>\n<\/li>\n<li class=\"\" data-start=\"2629\" data-end=\"2717\">\n<p class=\"\" data-start=\"2631\" data-end=\"2717\"><strong data-start=\"2631\" data-end=\"2647\">Stempelkontakt:<\/strong> Standard mikrokontakt til at angive d\u00f8rstatus (lukket\/\u00e5bent).<\/p>\n<\/li>\n<li class=\"\" data-start=\"2718\" data-end=\"2807\">\n<p class=\"\" data-start=\"2720\" data-end=\"2807\"><strong data-start=\"2720\" data-end=\"2745\">Lavt str\u00f8mforbrug:<\/strong> 35 mA ved 24VDC og 60mA ved 12VDC for energieffektiv drift.<\/p>\n<\/li>\n<li class=\"\" data-start=\"2808\" data-end=\"2910\">\n<p class=\"\" data-start=\"2810\" data-end=\"2910\"><strong data-start=\"2810\" data-end=\"2828\">H\u00f8j holdekraft:<\/strong> T\u00e5ler op til 1500 kg (15 kN), hvilket g\u00f8r den til et robust valg for sikkerhed.<\/p>\n<\/li>\n<li class=\"\" data-start=\"2911\" data-end=\"3028\">\n<p class=\"\" data-start=\"2913\" data-end=\"3028\"><strong data-start=\"2913\" data-end=\"2946\">Rustfri sabotagebeskyttelse:<\/strong> Forhindrer adgang til tilslutningskablet og forbedrer installationens \u00e6stetik.<\/p>\n<\/li>\n<\/ul>\n<p class=\"\" data-start=\"3030\" data-end=\"3266\"><strong data-start=\"3030\" data-end=\"3048\">Kompatibilitet:<\/strong> ES 17M elektriske sl\u00f8jfer er kompatibel med b\u00e5de enkelt- og dobbeltl\u00e5sel\u00e5se og er designet til d\u00f8re med normale sikkerhedskrav.<\/p>\n<p class=\"\" data-start=\"3030\" data-end=\"3266\">Dens alsidige design g\u00f8r det muligt at installere den p\u00e5 b\u00e5de h\u00f8jre- og venstreh\u00e6ngte d\u00f8re.<\/p>\n<p class=\"\" data-start=\"3268\" data-end=\"3291\"><strong data-start=\"3268\" data-end=\"3291\">Str\u00f8mkrav:<\/strong><\/p>\n<ul data-start=\"3292\" data-end=\"3426\">\n<li class=\"\" data-start=\"3292\" data-end=\"3326\">\n<p class=\"\" data-start=\"3294\" data-end=\"3326\"><strong data-start=\"3294\" data-end=\"3307\">Sp\u00e6nding:<\/strong> 12 \u2013 24 V DC \u00b110 %<\/p>\n<\/li>\n<li class=\"\" data-start=\"3327\" data-end=\"3385\">\n<p class=\"\" data-start=\"3329\" data-end=\"3385\"><strong data-start=\"3329\" data-end=\"3350\">Str\u00f8mforbrug:<\/strong> 35 mA ved 24 VDC, 60 mA ved 12 VDC<\/p>\n<\/li>\n<li class=\"\" data-start=\"3386\" data-end=\"3426\">\n<p class=\"\" data-start=\"3388\" data-end=\"3426\"><strong data-start=\"3388\" data-end=\"3405\">Mikro switch:<\/strong> Maks. 30V DC, 500mA<\/p>\n<\/li>\n<\/ul>","protected":false},"excerpt":{"rendered":"<p>ES 17M elektrisk slutbl\u00e6nde fra SAFETRON er et kompakt elektrisk slutstykke med b\u00e5ndtrykteknologi, perfekt til d\u00f8re med normale sikkerhedskrav.<\/p>\n<p>Enkel betjening, stempelkontakt og lavt str\u00f8mforbrug p\u00e5 35mA g\u00f8r den ideel til intern l\u00e5sning.<\/p>","protected":false},"featured_media":138000,"template":"","meta":{"_acf_changed":false},"product_brand":[],"product_cat":[3355],"product_tag":[4196,4200],"class_list":{"0":"post-92855","1":"product","2":"type-product","3":"status-publish","4":"has-post-thumbnail","6":"product_cat-elslutbleck","7":"product_tag-12-24v","8":"product_tag-rattvand","9":"product_shipping_class-tunga-paket","10":"pa_brands-7safetron","11":"pa_farg-zink","12":"tm-no-options","14":"first","15":"instock","16":"sale","17":"taxable","18":"shipping-taxable","19":"purchasable","20":"product-type-simple"},"acf":[],"_links":{"self":[{"href":"https:\/\/secureus.se\/dk\/wp-json\/wp\/v2\/product\/92855","targetHints":{"allow":["GET"]}}],"collection":[{"href":"https:\/\/secureus.se\/dk\/wp-json\/wp\/v2\/product"}],"about":[{"href":"https:\/\/secureus.se\/dk\/wp-json\/wp\/v2\/types\/product"}],"wp:featuredmedia":[{"embeddable":true,"href":"https:\/\/secureus.se\/dk\/wp-json\/wp\/v2\/media\/138000"}],"wp:attachment":[{"href":"https:\/\/secureus.se\/dk\/wp-json\/wp\/v2\/media?parent=92855"}],"wp:term":[{"taxonomy":"product_brand","embeddable":true,"href":"https:\/\/secureus.se\/dk\/wp-json\/wp\/v2\/product_brand?post=92855"},{"taxonomy":"product_cat","embeddable":true,"href":"https:\/\/secureus.se\/dk\/wp-json\/wp\/v2\/product_cat?post=92855"},{"taxonomy":"product_tag","embeddable":true,"href":"https:\/\/secureus.se\/dk\/wp-json\/wp\/v2\/product_tag?post=92855"}],"curies":[{"name":"wp","href":"https:\/\/api.w.org\/{rel}","templated":true}]}}