{"id":92857,"date":"2024-06-16T23:12:02","date_gmt":"2024-06-16T21:12:02","guid":{"rendered":"https:\/\/secureus.se\/?post_type=product&#038;p=92857"},"modified":"2026-02-20T11:46:56","modified_gmt":"2026-02-20T10:46:56","slug":"elslutbleck-st400-step-40-preload","status":"publish","type":"product","link":"https:\/\/secureus.se\/dk\/elslutbleck-st400-step-40-preload\/","title":{"rendered":"Elektrisk termineringsplade ST400 TRIN 40 Forsp\u00e6nding"},"content":{"rendered":"<h1>Elektrisk termineringsplade ST400 TRIN 40 Forsp\u00e6nding<\/h1>\n<p class=\"\" data-start=\"673\" data-end=\"1128\">STEP 40 Preload elektriske l\u00e5s er en del af STEPs Preload-serie og tilbyder en h\u00f8j standard for dagl\u00e5sning.<\/p>\n<p class=\"\" data-start=\"673\" data-end=\"1128\">Med en kombination af minimal st\u00f8rrelse og meget h\u00f8j ydeevne er denne elektriske sl\u00f8jfe et perfekt valg til d\u00f8re med normale sikkerhedskrav.<\/p>\n<p class=\"\" data-start=\"673\" data-end=\"1128\">Den patenterede b\u00e5ndtrykteknologi g\u00f8r det muligt at l\u00e5se d\u00f8ren op, selv n\u00e5r den uds\u00e6ttes for tryk p\u00e5 op til 250 kg, hvilket g\u00f8r den til et p\u00e5lideligt valg til d\u00f8re, der kan blive udsat for tryk eller forhindringer.<\/p>\n<p class=\"\" data-start=\"1130\" data-end=\"1595\">En af de mest fremtr\u00e6dende egenskaber ved STEP 40 Preload er dens omskiftelige funktion. Det betyder, at den elektriske sl\u00f8jfe kan justeres under installationen, s\u00e5 den passer til forskellige typer d\u00f8re og applikationer.<\/p>\n<p class=\"\" data-start=\"1130\" data-end=\"1595\">Dette giver b\u00e5de fleksibilitet og lavere h\u00e5ndteringsomkostninger under installation og brug. Det elektriske slutstykke har en omvendt funktion, hvilket betyder, at det er l\u00e5st i str\u00f8ml\u00f8s position, en vigtig sikkerhedsfunktion for at holde d\u00f8ren lukket, n\u00e5r der ikke er str\u00f8m.<\/p>\n<p class=\"\" data-start=\"1597\" data-end=\"2004\">For at lette installationen har den elektriske sl\u00f8jfe et vendbart design, hvilket betyder, at den fungerer p\u00e5 b\u00e5de h\u00f8jre- og venstreh\u00e6ngte d\u00f8re.<\/p>\n<p class=\"\" data-start=\"1597\" data-end=\"2004\">Derudover er den udstyret med en stempelafbryder, der kan indikere om d\u00f8ren er lukket eller \u00e5ben, hvilket er en praktisk funktion til overv\u00e5gning og sikkerhed.<\/p>\n<p class=\"\" data-start=\"1597\" data-end=\"2004\">Den har ogs\u00e5 en brudstyrke p\u00e5 op til 1.200 kg (12 kN), hvilket g\u00f8r den til en meget robust l\u00f8sning.<\/p>\n<p class=\"\" data-start=\"2006\" data-end=\"2326\">STEP 40 Preload er fabrikstestet til at modst\u00e5 op til 1.500.000 \u00e5bningscyklusser og er blevet testet for h\u00f8j holdbarhed og modstandsdygtighed over for slid.<\/p>\n<p class=\"\" data-start=\"2006\" data-end=\"2326\">For at beskytte elektronikken mod transienter (sp\u00e6ndingsspidser) er der indbygget en beskyttelsesdiode, som forhindrer skader p\u00e5 elektroniske komponenter s\u00e5som kodel\u00e5se eller kortl\u00e6sere.<\/p>\n<p class=\"\" data-start=\"2328\" data-end=\"2358\"><strong data-start=\"2328\" data-end=\"2358\">N\u00f8glefunktioner og fordele:<\/strong><\/p>\n<ul data-start=\"2359\" data-end=\"2843\">\n<li class=\"\" data-start=\"2359\" data-end=\"2451\">\n<p class=\"\" data-start=\"2361\" data-end=\"2451\"><strong data-start=\"2361\" data-end=\"2393\">Patenteret strip print teknologi:<\/strong> G\u00f8r det muligt at \u00e5bne d\u00f8ren trods tryk p\u00e5 op til 250 kg.<\/p>\n<\/li>\n<li class=\"\" data-start=\"2452\" data-end=\"2517\">\n<p class=\"\" data-start=\"2454\" data-end=\"2517\"><strong data-start=\"2454\" data-end=\"2476\">H\u00f8jrevendt funktion:<\/strong> L\u00e5st i str\u00f8ml\u00f8s tilstand for \u00f8get sikkerhed.<\/p>\n<\/li>\n<li class=\"\" data-start=\"2518\" data-end=\"2597\">\n<p class=\"\" data-start=\"2520\" data-end=\"2597\"><strong data-start=\"2520\" data-end=\"2536\">Stempelkontakt:<\/strong> Mikrokontakt til at angive d\u00f8rstatus (lukket\/\u00e5bent).<\/p>\n<\/li>\n<li class=\"\" data-start=\"2598\" data-end=\"2678\">\n<p class=\"\" data-start=\"2600\" data-end=\"2678\"><strong data-start=\"2600\" data-end=\"2624\">H\u00f8j tr\u00e6kstyrke:<\/strong> Holder op til 1.200 kg (12 kN) for robust sikkerhed.<\/p>\n<\/li>\n<li class=\"\" data-start=\"2679\" data-end=\"2764\">\n<p class=\"\" data-start=\"2681\" data-end=\"2764\"><strong data-start=\"2681\" data-end=\"2703\">Testet holdbarhed:<\/strong> Fabrikstestet i 1.500.000 cyklusser til langtidsbrug.<\/p>\n<\/li>\n<li class=\"\" data-start=\"2765\" data-end=\"2843\">\n<p class=\"\" data-start=\"2767\" data-end=\"2843\"><strong data-start=\"2767\" data-end=\"2793\">Fleksibel installation:<\/strong> Vendbar til b\u00e5de h\u00f8jre- og venstreh\u00e6ngte d\u00f8re.<\/p>\n<\/li>\n<\/ul>\n<p class=\"\" data-start=\"2845\" data-end=\"3118\"><strong data-start=\"2845\" data-end=\"2863\">Kompatibilitet:<\/strong> STEP 40 Preload elektriske slutsten er kompatibel med b\u00e5de enkelt- og dobbeltl\u00e5sel\u00e5se og er velegnet til d\u00f8re med normale sikkerhedskrav.<\/p>\n<p class=\"\" data-start=\"2845\" data-end=\"3118\">Dens justerbare funktion g\u00f8r den velegnet til en bred vifte af d\u00f8re og applikationer, fra kontorer til industri.<\/p>\n<p class=\"\" data-start=\"3120\" data-end=\"3143\"><strong data-start=\"3120\" data-end=\"3143\">Str\u00f8mkrav:<\/strong><\/p>\n<ul data-start=\"3144\" data-end=\"3315\">\n<li class=\"\" data-start=\"3144\" data-end=\"3189\">\n<p class=\"\" data-start=\"3146\" data-end=\"3189\"><strong data-start=\"3146\" data-end=\"3159\">Sp\u00e6nding:<\/strong> 12V eller 24V DC \u00b115 % \u2013 10 %<\/p>\n<\/li>\n<li class=\"\" data-start=\"3190\" data-end=\"3245\">\n<p class=\"\" data-start=\"3192\" data-end=\"3245\"><strong data-start=\"3192\" data-end=\"3213\">Str\u00f8mforbrug:<\/strong> 110 mAh ved 24V DC (maks. 300 mA)<\/p>\n<\/li>\n<li class=\"\" data-start=\"3246\" data-end=\"3315\">\n<p class=\"\" data-start=\"3248\" data-end=\"3315\"><strong data-start=\"3248\" data-end=\"3264\">Stempelkontakt:<\/strong> Mikroswitch, enkeltpolet omskiftning, max. 30V DC, 1A.<\/p>\n<\/li>\n<\/ul>\n<div class=\"col-xs-12 col-md-6\">\n<div id=\"article-description\" class=\"main-content row\">\n<div class=\"col-xs-12 col-md-12\">\n<div class=\"mt-sm\">\n<div class=\"article-description mb-sm\">\n<div><\/div>\n<\/div>\n<\/div>\n<\/div>\n<\/div>\n<\/div>\n<div class=\"col-xs-12 col-md-6\">\n<div class=\"row spec-item-row\">\n<div class=\"col-xs-12 col-sm-6\"><\/div>\n<\/div>\n<\/div>","protected":false},"excerpt":{"rendered":"<p>STEP 40 Preload elektriske slagplade fra STEP er designet til dagl\u00e5sning med h\u00f8j driftssikkerhed og minimal st\u00f8rrelse.<\/p>\n<p>Udstyret med b\u00e5ndtrykteknologi, der kan modst\u00e5 tryk op til 250 kg, samt stempelkontakt til d\u00f8rregistrering.<\/p>","protected":false},"featured_media":137994,"template":"","meta":{"_acf_changed":false},"product_brand":[],"product_cat":[3355],"product_tag":[4197],"class_list":{"0":"post-92857","1":"product","2":"type-product","3":"status-publish","4":"has-post-thumbnail","6":"product_cat-elslutbleck","7":"product_tag-24v","8":"product_shipping_class-tunga-paket","9":"pa_brands-step","10":"tm-no-options","12":"first","13":"instock","14":"sale","15":"taxable","16":"shipping-taxable","17":"purchasable","18":"product-type-simple"},"acf":[],"_links":{"self":[{"href":"https:\/\/secureus.se\/dk\/wp-json\/wp\/v2\/product\/92857","targetHints":{"allow":["GET"]}}],"collection":[{"href":"https:\/\/secureus.se\/dk\/wp-json\/wp\/v2\/product"}],"about":[{"href":"https:\/\/secureus.se\/dk\/wp-json\/wp\/v2\/types\/product"}],"wp:featuredmedia":[{"embeddable":true,"href":"https:\/\/secureus.se\/dk\/wp-json\/wp\/v2\/media\/137994"}],"wp:attachment":[{"href":"https:\/\/secureus.se\/dk\/wp-json\/wp\/v2\/media?parent=92857"}],"wp:term":[{"taxonomy":"product_brand","embeddable":true,"href":"https:\/\/secureus.se\/dk\/wp-json\/wp\/v2\/product_brand?post=92857"},{"taxonomy":"product_cat","embeddable":true,"href":"https:\/\/secureus.se\/dk\/wp-json\/wp\/v2\/product_cat?post=92857"},{"taxonomy":"product_tag","embeddable":true,"href":"https:\/\/secureus.se\/dk\/wp-json\/wp\/v2\/product_tag?post=92857"}],"curies":[{"name":"wp","href":"https:\/\/api.w.org\/{rel}","templated":true}]}}