{"id":94471,"date":"2022-06-29T12:46:19","date_gmt":"2022-06-29T10:46:19","guid":{"rendered":"https:\/\/secureus.se\/ir-detektor-pdm-i18\/"},"modified":"2026-03-26T11:49:32","modified_gmt":"2026-03-26T10:49:32","slug":"ir-detektor-pdm-i18","status":"publish","type":"product","link":"https:\/\/secureus.se\/dk\/ir-detektor-pdm-i18\/","title":{"rendered":"IR-detektor PDM-I18 \u2013 18 meter vidvinkel"},"content":{"rendered":"<h1>IR-detektor PDM-I18 \u2013 18 meter vidvinkel<\/h1>\n<p data-start=\"299\" data-end=\"1081\">PDM-I18 IR-detektoren er en moderne og elegant designet bev\u00e6gelsesdetektor med en vidvinkel p\u00e5 18 meter, hvilket g\u00f8r den ideel til en r\u00e6kke forskellige installationer.<\/p>\n<p data-start=\"299\" data-end=\"1081\">Med den videreudviklede Visatec-algoritme og det patenterede MAGIC-spejl giver PDM-I18 p\u00e5lidelig indbrudsdetektion og h\u00f8jeste sikkerhed mod uberettigede alarmer.<br data-start=\"645\" data-end=\"648\" \/>Installationen er taget i betragtning med en ny gangtestprocedure og et nyt EOL-system, hvilket g\u00f8r installationstiden utrolig kort og effektiv.<br data-start=\"800\" data-end=\"803\" \/>PDM-I18 er udstyret med en forsyningssp\u00e6nding p\u00e5 9-16 VDC og et str\u00f8mforbrug p\u00e5 maks. 4,7 mA (LED t\u00e6ndt), hvilket g\u00f8r den b\u00e5de energieffektiv og p\u00e5lidelig.<\/p>\n<p data-start=\"299\" data-end=\"1081\">Den er certificeret i henhold til SBSC-certifikat 13-333, klasse 1-2, hvilket sikrer, at den opfylder de h\u00f8jeste sikkerhedskrav.<\/p>\n<p data-start=\"1083\" data-end=\"1113\"><strong data-start=\"1083\" data-end=\"1111\">Funktioner og fordele:<\/strong><\/p>\n<ul data-start=\"1114\" data-end=\"1512\">\n<li data-start=\"1114\" data-end=\"1173\">\n<p data-start=\"1116\" data-end=\"1173\">18 meter vidvinkel for omfattende og pr\u00e6cis detektion<\/p>\n<\/li>\n<li data-start=\"1174\" data-end=\"1255\">\n<p data-start=\"1176\" data-end=\"1255\">Patenteret MAGIC-spejl og Visatec-algoritme for h\u00f8j sikkerhed og n\u00f8jagtighed<\/p>\n<\/li>\n<li data-start=\"1256\" data-end=\"1321\">\n<p data-start=\"1258\" data-end=\"1321\">Hurtig installation med ny gangtestprocedure og EOL-system<\/p>\n<\/li>\n<li data-start=\"1322\" data-end=\"1370\">\n<p data-start=\"1324\" data-end=\"1370\">Lavt str\u00f8mforbrug (maks. 4,7 mA n\u00e5r LED lyser)<\/p>\n<\/li>\n<li data-start=\"1371\" data-end=\"1439\">\n<p data-start=\"1373\" data-end=\"1439\">Certificeret i henhold til SBSC-certifikat 13-333, klasse 1-2 for h\u00f8j sikkerhed<\/p>\n<\/li>\n<li data-start=\"1440\" data-end=\"1512\">\n<p data-start=\"1442\" data-end=\"1512\">Kompakt og moderne design for nem integration i forskellige installationer<\/p>\n<\/li>\n<\/ul>\n<p data-start=\"1514\" data-end=\"1545\"><strong data-start=\"1514\" data-end=\"1543\">Tekniske specifikationer:<\/strong><\/p>\n<ul data-start=\"1546\" data-end=\"1729\">\n<li data-start=\"1546\" data-end=\"1578\">\n<p data-start=\"1548\" data-end=\"1578\">D\u00e6kning: 18 meter vidvinkel<\/p>\n<\/li>\n<li data-start=\"1579\" data-end=\"1611\">\n<p data-start=\"1581\" data-end=\"1611\">Str\u00f8mforsyning: 9 \u2013 16 VDC<\/p>\n<\/li>\n<li data-start=\"1612\" data-end=\"1653\">\n<p data-start=\"1614\" data-end=\"1653\">Str\u00f8mforbrug: maks. 4,7 mA (LED t\u00e6ndt)<\/p>\n<\/li>\n<li data-start=\"1654\" data-end=\"1687\">\n<p data-start=\"1656\" data-end=\"1687\">SBSC-certifikat: 13-333, klasse 1-2<\/p>\n<\/li>\n<li data-start=\"1688\" data-end=\"1729\">\n<p data-start=\"1690\" data-end=\"1729\">Dimensioner: Standarddimensioner for PIR-detektorer<\/p>\n<\/li>\n<\/ul>","protected":false},"excerpt":{"rendered":"<p>MAGIC bev\u00e6gelsesdetektor med 18 meter vidvinkel, Visatec-algoritme og lavt str\u00f8mforbrug.<\/p>\n<p>H\u00f8j sikkerhed mod falske alarmer og hurtig installation.<\/p>","protected":false},"featured_media":142638,"template":"","meta":{"_acf_changed":false},"product_brand":[],"product_cat":[1325],"product_tag":[2145,2418,2465],"class_list":{"0":"post-94471","1":"product","2":"type-product","3":"status-publish","4":"has-post-thumbnail","6":"product_cat-larmgivare-skalskydd","7":"product_tag-rorelsedetektor-ir-detektorer","8":"product_tag-rel-larmgivare","9":"product_tag-sbsc-larmklass2","10":"product_shipping_class-postnord-varubrev","11":"pa_brands-6vanderbilt","12":"tm-no-options","14":"first","15":"instock","16":"sale","17":"featured","18":"taxable","19":"shipping-taxable","20":"purchasable","21":"product-type-simple"},"acf":[],"_links":{"self":[{"href":"https:\/\/secureus.se\/dk\/wp-json\/wp\/v2\/product\/94471","targetHints":{"allow":["GET"]}}],"collection":[{"href":"https:\/\/secureus.se\/dk\/wp-json\/wp\/v2\/product"}],"about":[{"href":"https:\/\/secureus.se\/dk\/wp-json\/wp\/v2\/types\/product"}],"wp:featuredmedia":[{"embeddable":true,"href":"https:\/\/secureus.se\/dk\/wp-json\/wp\/v2\/media\/142638"}],"wp:attachment":[{"href":"https:\/\/secureus.se\/dk\/wp-json\/wp\/v2\/media?parent=94471"}],"wp:term":[{"taxonomy":"product_brand","embeddable":true,"href":"https:\/\/secureus.se\/dk\/wp-json\/wp\/v2\/product_brand?post=94471"},{"taxonomy":"product_cat","embeddable":true,"href":"https:\/\/secureus.se\/dk\/wp-json\/wp\/v2\/product_cat?post=94471"},{"taxonomy":"product_tag","embeddable":true,"href":"https:\/\/secureus.se\/dk\/wp-json\/wp\/v2\/product_tag?post=94471"}],"curies":[{"name":"wp","href":"https:\/\/api.w.org\/{rel}","templated":true}]}}