{"id":94474,"date":"2022-06-29T12:45:15","date_gmt":"2022-06-29T10:45:15","guid":{"rendered":"https:\/\/secureus.se\/ir-detektor-pdm-i12\/"},"modified":"2026-03-26T11:50:25","modified_gmt":"2026-03-26T10:50:25","slug":"ir-detektor-pdm-i12","status":"publish","type":"product","link":"https:\/\/secureus.se\/dk\/ir-detektor-pdm-i12\/","title":{"rendered":"IR-detektor PDM-I12 \u2013 12 meter vidvinkel"},"content":{"rendered":"<h1>IR-detektor PDM-I12 \u2013 12 meter vidvinkel<\/h1>\n<p data-start=\"327\" data-end=\"1252\">PDM-I12 IR-detektoren er en moderne og elegant designet bev\u00e6gelsesdetektor med en vidvinkel p\u00e5 12 meter, hvilket g\u00f8r den perfekt til alle typer installationer.<\/p>\n<p data-start=\"327\" data-end=\"1252\">Med det patenterede MAGIC-spejl og den videreudviklede Visatec-algoritme tilbyder PDM-I12 p\u00e5lidelig indbrudsdetektion og den h\u00f8jeste sikkerhed mod uberettigede alarmer.<br data-start=\"677\" data-end=\"680\" \/>En unik funktion ved PDM-I12 er k\u00e6ledyrsimmuniteten, som kan aktiveres via PO-CL k\u00e6ledyrsklipsen, hvilket g\u00f8r det muligt at bruge detektoren i milj\u00f8er, hvor der er k\u00e6ledyr, uden risiko for falske alarmer.<br data-start=\"872\" data-end=\"875\" \/>For at lette installationen har PDM-I12 en ny gangtestprocedure og et EOL-system, hvilket g\u00f8r installationen hurtig og nem.<\/p>\n<p data-start=\"327\" data-end=\"1252\">Den har et maksimalt str\u00f8mforbrug p\u00e5 4,7 mA (LED t\u00e6ndt) og en sp\u00e6ndingsforsyning p\u00e5 9-16 VDC, hvilket g\u00f8r den energieffektiv og p\u00e5lidelig.<\/p>\n<p data-start=\"327\" data-end=\"1252\">Certificeret i henhold til SBSC-certifikat 13-331, klasse 1-2, garanterer, at PDM-I12 opfylder de h\u00f8jeste sikkerhedskrav.<\/p>\n<p data-start=\"1254\" data-end=\"1284\"><strong data-start=\"1254\" data-end=\"1282\">Funktioner og fordele:<\/strong><\/p>\n<ul data-start=\"1285\" data-end=\"1770\">\n<li data-start=\"1285\" data-end=\"1342\">\n<p data-start=\"1287\" data-end=\"1342\">12 meter vidvinkel for effektiv og pr\u00e6cis detektion<\/p>\n<\/li>\n<li data-start=\"1343\" data-end=\"1429\">\n<p data-start=\"1345\" data-end=\"1429\">K\u00e6ledyrsimmunitet (kan aktiveres via PO-CL k\u00e6ledyrsklip) for at forhindre falske alarmer<\/p>\n<\/li>\n<li data-start=\"1430\" data-end=\"1503\">\n<p data-start=\"1432\" data-end=\"1503\">MAGIC spejloptik og Visatec-algoritme for h\u00f8j sikkerhed og pr\u00e6cision<\/p>\n<\/li>\n<li data-start=\"1504\" data-end=\"1575\">\n<p data-start=\"1506\" data-end=\"1575\">Lavt str\u00f8mforbrug (maks. 4,7 mA med LED t\u00e6ndt) for energieffektivitet<\/p>\n<\/li>\n<li data-start=\"1576\" data-end=\"1641\">\n<p data-start=\"1578\" data-end=\"1641\">Ny gangtestprocedure og EOL-system til hurtig installation<\/p>\n<\/li>\n<li data-start=\"1642\" data-end=\"1710\">\n<p data-start=\"1644\" data-end=\"1710\">Certificeret i henhold til SBSC-certifikat 13-331, klasse 1-2 for h\u00f8j sikkerhed<\/p>\n<\/li>\n<li data-start=\"1711\" data-end=\"1770\">\n<p data-start=\"1713\" data-end=\"1770\">Kompakt og elegant design, der passer til enhver installation<\/p>\n<\/li>\n<\/ul>\n<p data-start=\"1772\" data-end=\"1803\"><strong data-start=\"1772\" data-end=\"1801\">Tekniske specifikationer:<\/strong><\/p>\n<ul data-start=\"1804\" data-end=\"2101\">\n<li data-start=\"1804\" data-end=\"1836\">\n<p data-start=\"1806\" data-end=\"1836\">D\u00e6kning: 12 meter vidvinkel<\/p>\n<\/li>\n<li data-start=\"1837\" data-end=\"1869\">\n<p data-start=\"1839\" data-end=\"1869\">Str\u00f8mforsyning: 9 \u2013 16 VDC<\/p>\n<\/li>\n<li data-start=\"1870\" data-end=\"1911\">\n<p data-start=\"1872\" data-end=\"1911\">Str\u00f8mforbrug: maks. 4,7 mA (LED t\u00e6ndt)<\/p>\n<\/li>\n<li data-start=\"1912\" data-end=\"1960\">\n<p data-start=\"1914\" data-end=\"1960\">K\u00e6ledyrsimmunitet: Ja (via PO-CL k\u00e6ledyrsklips)<\/p>\n<\/li>\n<li data-start=\"1961\" data-end=\"2006\">\n<p data-start=\"1963\" data-end=\"2006\">Godkendelse: SBSC-certifikat 13-331, klasse 1-2<\/p>\n<\/li>\n<li data-start=\"2007\" data-end=\"2048\">\n<p data-start=\"2009\" data-end=\"2048\">Dimensioner: Standarddimensioner for PIR-detektorer<\/p>\n<\/li>\n<li data-start=\"2049\" data-end=\"2101\">\n<p data-start=\"2051\" data-end=\"2101\">Temperaturomr\u00e5de: Standard for PIR-detektorer<\/p>\n<\/li>\n<\/ul>","protected":false},"excerpt":{"rendered":"<p>MAGIC bev\u00e6gelsesdetektor med 12 meter vidvinkel, Visatec-algoritme og immunitet over for k\u00e6ledyr (via PO-CL k\u00e6ledyrsklips).<\/p>\n<p>P\u00e5lidelig detektion og h\u00f8j sikkerhed med lavt str\u00f8mforbrug.<\/p>","protected":false},"featured_media":142492,"template":"","meta":{"_acf_changed":false},"product_brand":[],"product_cat":[1325],"product_tag":[2145,2465],"class_list":{"0":"post-94474","1":"product","2":"type-product","3":"status-publish","4":"has-post-thumbnail","6":"product_cat-larmgivare-skalskydd","7":"product_tag-rorelsedetektor-ir-detektorer","8":"product_tag-sbsc-larmklass2","9":"product_shipping_class-tunga-paket","10":"pa_brands-6vanderbilt","11":"tm-no-options","13":"first","14":"instock","15":"sale","16":"featured","17":"taxable","18":"shipping-taxable","19":"purchasable","20":"product-type-simple"},"acf":[],"_links":{"self":[{"href":"https:\/\/secureus.se\/dk\/wp-json\/wp\/v2\/product\/94474","targetHints":{"allow":["GET"]}}],"collection":[{"href":"https:\/\/secureus.se\/dk\/wp-json\/wp\/v2\/product"}],"about":[{"href":"https:\/\/secureus.se\/dk\/wp-json\/wp\/v2\/types\/product"}],"wp:featuredmedia":[{"embeddable":true,"href":"https:\/\/secureus.se\/dk\/wp-json\/wp\/v2\/media\/142492"}],"wp:attachment":[{"href":"https:\/\/secureus.se\/dk\/wp-json\/wp\/v2\/media?parent=94474"}],"wp:term":[{"taxonomy":"product_brand","embeddable":true,"href":"https:\/\/secureus.se\/dk\/wp-json\/wp\/v2\/product_brand?post=94474"},{"taxonomy":"product_cat","embeddable":true,"href":"https:\/\/secureus.se\/dk\/wp-json\/wp\/v2\/product_cat?post=94474"},{"taxonomy":"product_tag","embeddable":true,"href":"https:\/\/secureus.se\/dk\/wp-json\/wp\/v2\/product_tag?post=94474"}],"curies":[{"name":"wp","href":"https:\/\/api.w.org\/{rel}","templated":true}]}}