{"id":94479,"date":"2022-03-10T15:47:00","date_gmt":"2022-03-10T14:47:00","guid":{"rendered":"https:\/\/secureus.se\/optex-ir-detektor-fmx-dt-kombi-15x15-meter-husdjur-sbsc-klass-2\/"},"modified":"2026-04-01T14:37:02","modified_gmt":"2026-04-01T12:37:02","slug":"optex-ir-detektor-fmx-dt-kombi-15x15-meter-husdjur-sbsc-klass-2","status":"publish","type":"product","link":"https:\/\/secureus.se\/dk\/optex-ir-detektor-fmx-dt-kombi-15x15-meter-husdjur-sbsc-klass-2\/","title":{"rendered":"Optex FMX-DT \u2013 Bev\u00e6gelsesdetektor Dual-Tech PIR + Mikrob\u00f8lgeovn (15m)"},"content":{"rendered":"<h1 data-start=\"610\" data-end=\"682\">Optex FMX-DT \u2013 Dual-Tech bev\u00e6gelsesdetektor til kr\u00e6vende indend\u00f8rsmilj\u00f8er<\/h1>\n<p class=\"\" data-start=\"684\" data-end=\"1087\"><strong data-start=\"684\" data-end=\"700\">Optex FMX-DT<\/strong> er en professionel <strong data-start=\"721\" data-end=\"740\">dobbelt teknologi<\/strong> Bev\u00e6gelsesdetektor til indend\u00f8rs brug, udviklet til at give maksimal sikkerhed selv i milj\u00f8er, hvor traditionelle sensorer risikerer falske alarmer. Ved at kombinere <strong data-start=\"894\" data-end=\"919\">PIR (passiv infrar\u00f8d)<\/strong> med <strong data-start=\"924\" data-end=\"946\">mikrob\u00f8lgeteknologi<\/strong>, kr\u00e6ver det, at begge teknologier registrerer bev\u00e6gelse samtidigt, for at en alarm kan udl\u00f8ses \u2013 en metode, der drastisk reducerer risikoen for falske alarmer.<\/p>\n<p class=\"\" data-start=\"1089\" data-end=\"1348\">Detektoren d\u00e6kker op til <strong data-start=\"1115\" data-end=\"1150\">15 meter i bredden med en 85\u00b0 vinkel<\/strong> og har en <strong data-start=\"1162\" data-end=\"1204\">intelligent digital analyselogik (SMDA)<\/strong> som tilpasser f\u00f8lsomhed til temperatur og forstyrrelser i milj\u00f8et. Den er ogs\u00e5 dyrebestandig, hvilket g\u00f8r den velegnet selv i hjem med k\u00e6ledyr.<\/p>\n<p class=\"\" data-start=\"1350\" data-end=\"1517\">FMX-DT er s\u00e6rligt effektiv i rum, hvor der er <strong data-start=\"1408\" data-end=\"1460\">varmeveksling, tr\u00e6k, skarpt lys eller elektronik<\/strong>, som i <strong data-start=\"1470\" data-end=\"1516\">garager, entre, k\u00e6ldre og teknikrum<\/strong>.<\/p>\n<hr class=\"\" data-start=\"1519\" data-end=\"1522\" \/>\n<h3 class=\"\" data-start=\"1524\" data-end=\"1539\">Fordele:<\/h3>\n<ul data-start=\"1540\" data-end=\"1914\">\n<li class=\"\" data-start=\"1540\" data-end=\"1604\">\n<p class=\"\" data-start=\"1542\" data-end=\"1604\"><strong data-start=\"1542\" data-end=\"1577\">Dobbelt teknologi (PIR + mikroovn)<\/strong> for minimalt med falske alarmer<\/p>\n<\/li>\n<li class=\"\" data-start=\"1605\" data-end=\"1667\">\n<p class=\"\" data-start=\"1607\" data-end=\"1667\"><strong data-start=\"1607\" data-end=\"1620\">Dyre-resistent<\/strong> \u2013 specielt tilpasset til hjemmemilj\u00f8er med k\u00e6ledyr<\/p>\n<\/li>\n<li class=\"\" data-start=\"1668\" data-end=\"1738\">\n<p class=\"\" data-start=\"1670\" data-end=\"1738\"><strong data-start=\"1670\" data-end=\"1684\">SMDA logik<\/strong> \u2013 justerer f\u00f8lsomheden og \u00f8ger p\u00e5lideligheden<\/p>\n<\/li>\n<li class=\"\" data-start=\"1739\" data-end=\"1800\">\n<p class=\"\" data-start=\"1741\" data-end=\"1800\"><strong data-start=\"1741\" data-end=\"1767\">Temperaturkompensation<\/strong> \u2013 stabil funktion uanset \u00e5rstiden<\/p>\n<\/li>\n<li class=\"\" data-start=\"1801\" data-end=\"1846\">\n<p class=\"\" data-start=\"1803\" data-end=\"1846\"><strong data-start=\"1803\" data-end=\"1820\">LED indikator<\/strong> \u2013 valgbart display i tilf\u00e6lde af alarm<\/p>\n<\/li>\n<li class=\"\" data-start=\"1847\" data-end=\"1914\">\n<p class=\"\" data-start=\"1849\" data-end=\"1914\"><strong data-start=\"1849\" data-end=\"1871\">Nem installation<\/strong> \u2013 Plug-in End of Line Unit (PEU) underst\u00f8ttelse<\/p>\n<\/li>\n<\/ul>\n<hr class=\"\" data-start=\"1916\" data-end=\"1919\" \/>\n<h3 class=\"\" data-start=\"1921\" data-end=\"1950\">Teknisk specifikation:<\/h3>\n<ul data-start=\"1951\" data-end=\"2320\">\n<li class=\"\" data-start=\"1951\" data-end=\"1991\">\n<p class=\"\" data-start=\"1953\" data-end=\"1991\"><strong data-start=\"1953\" data-end=\"1963\">Teknik<\/strong>: PIR + mikroovn (Dual-Tech)<\/p>\n<\/li>\n<li class=\"\" data-start=\"1992\" data-end=\"2025\">\n<p class=\"\" data-start=\"1994\" data-end=\"2025\"><strong data-start=\"1994\" data-end=\"2006\">D\u00e6kning<\/strong>: 15 m x 15 m (85\u00b0)<\/p>\n<\/li>\n<li class=\"\" data-start=\"2026\" data-end=\"2051\">\n<p class=\"\" data-start=\"2028\" data-end=\"2051\"><strong data-start=\"2028\" data-end=\"2037\">Zoner<\/strong>: 78 (via PIR)<\/p>\n<\/li>\n<li class=\"\" data-start=\"2052\" data-end=\"2085\">\n<p class=\"\" data-start=\"2054\" data-end=\"2085\"><strong data-start=\"2054\" data-end=\"2072\">Monteringsh\u00f8jde<\/strong>: 2,2 \u2013 3,0 m<\/p>\n<\/li>\n<li class=\"\" data-start=\"2086\" data-end=\"2129\">\n<p class=\"\" data-start=\"2088\" data-end=\"2129\"><strong data-start=\"2088\" data-end=\"2108\">Str\u00f8mforbrug<\/strong>: ca. 17 mA ved 12 VDC<\/p>\n<\/li>\n<li class=\"\" data-start=\"2130\" data-end=\"2169\">\n<p class=\"\" data-start=\"2132\" data-end=\"2169\"><strong data-start=\"2132\" data-end=\"2151\">Temperaturomr\u00e5de<\/strong>: -20\u00b0C til +50\u00b0C<\/p>\n<\/li>\n<li class=\"\" data-start=\"2170\" data-end=\"2204\">\n<p class=\"\" data-start=\"2172\" data-end=\"2204\"><strong data-start=\"2172\" data-end=\"2180\">M\u00e5le<\/strong>: 111,7 x 61,4 x 50,0 mm<\/p>\n<\/li>\n<li class=\"\" data-start=\"2205\" data-end=\"2225\">\n<p class=\"\" data-start=\"2207\" data-end=\"2225\"><strong data-start=\"2207\" data-end=\"2215\">V\u00e6gt<\/strong>: omkring 100 g<\/p>\n<\/li>\n<li class=\"\" data-start=\"2226\" data-end=\"2253\">\n<p class=\"\" data-start=\"2228\" data-end=\"2253\"><strong data-start=\"2228\" data-end=\"2235\">LED&#039;er<\/strong>: T\u00e6nd\/sluk via jumper<\/p>\n<\/li>\n<li class=\"\" data-start=\"2254\" data-end=\"2320\">\n<p class=\"\" data-start=\"2256\" data-end=\"2320\"><strong data-start=\"2256\" data-end=\"2274\">PEU kompatibel<\/strong>: Ja (for nem forbindelse til alarmcentraler)<\/p>\n<\/li>\n<\/ul>\n<hr class=\"\" data-start=\"2322\" data-end=\"2325\" \/>\n<h3 class=\"\" data-start=\"2327\" data-end=\"2347\">Ideel til:<\/h3>\n<ul data-start=\"2348\" data-end=\"2491\">\n<li class=\"\" data-start=\"2348\" data-end=\"2379\">\n<p class=\"\" data-start=\"2350\" data-end=\"2379\">Garage, k\u00e6lder og teknikrum<\/p>\n<\/li>\n<li class=\"\" data-start=\"2380\" data-end=\"2416\">\n<p class=\"\" data-start=\"2382\" data-end=\"2416\">Entre med tr\u00e6k eller sollys<\/p>\n<\/li>\n<li class=\"\" data-start=\"2417\" data-end=\"2450\">\n<p class=\"\" data-start=\"2419\" data-end=\"2450\">Villaer med h\u00e5rde indend\u00f8rsmilj\u00f8er<\/p>\n<\/li>\n<li class=\"\" data-start=\"2451\" data-end=\"2491\">\n<p class=\"\" data-start=\"2453\" data-end=\"2491\">Erhvervslokaler, hvor der kr\u00e6ves h\u00f8j sikkerhed<\/p>\n<\/li>\n<\/ul>\n<hr class=\"\" data-start=\"2493\" data-end=\"2496\" \/>\n<p class=\"\" data-start=\"2498\" data-end=\"2630\">Opgrader din indend\u00f8rs beskyttelse med <strong data-start=\"2531\" data-end=\"2547\">Optex FMX-DT<\/strong> \u2013 en sikker og intelligent sensor, der giver ro i sindet selv i de mest udfordrende milj\u00f8er.<\/p>","protected":false},"excerpt":{"rendered":"<p><strong data-start=\"322\" data-end=\"338\">Optex FMX-DT<\/strong> er en avanceret bev\u00e6gelsesdetektor med dobbelt teknologi (PIR + mikroovn), 15\u00d715 meter d\u00e6kning, der kombinerer pr\u00e6cision med maksimal modstand mod falske alarmer \u2013 perfekt til udfordrende indend\u00f8rsmilj\u00f8er som garager, indgange og k\u00e6ldre.<\/p>","protected":false},"featured_media":144961,"template":"","meta":{"_acf_changed":false},"product_brand":[],"product_cat":[1325],"product_tag":[2146,2418,2465],"class_list":{"0":"post-94479","1":"product","2":"type-product","3":"status-publish","4":"has-post-thumbnail","6":"product_cat-larmgivare-skalskydd","7":"product_tag-rorelsedetektor-kombidetektorer","8":"product_tag-rel-larmgivare","9":"product_tag-sbsc-larmklass2","10":"product_shipping_class-postnord-varubrev","11":"pa_brands-optex","12":"tm-no-options","14":"first","15":"instock","16":"sale","17":"featured","18":"taxable","19":"shipping-taxable","20":"purchasable","21":"product-type-simple"},"acf":[],"_links":{"self":[{"href":"https:\/\/secureus.se\/dk\/wp-json\/wp\/v2\/product\/94479","targetHints":{"allow":["GET"]}}],"collection":[{"href":"https:\/\/secureus.se\/dk\/wp-json\/wp\/v2\/product"}],"about":[{"href":"https:\/\/secureus.se\/dk\/wp-json\/wp\/v2\/types\/product"}],"wp:featuredmedia":[{"embeddable":true,"href":"https:\/\/secureus.se\/dk\/wp-json\/wp\/v2\/media\/144961"}],"wp:attachment":[{"href":"https:\/\/secureus.se\/dk\/wp-json\/wp\/v2\/media?parent=94479"}],"wp:term":[{"taxonomy":"product_brand","embeddable":true,"href":"https:\/\/secureus.se\/dk\/wp-json\/wp\/v2\/product_brand?post=94479"},{"taxonomy":"product_cat","embeddable":true,"href":"https:\/\/secureus.se\/dk\/wp-json\/wp\/v2\/product_cat?post=94479"},{"taxonomy":"product_tag","embeddable":true,"href":"https:\/\/secureus.se\/dk\/wp-json\/wp\/v2\/product_tag?post=94479"}],"curies":[{"name":"wp","href":"https:\/\/api.w.org\/{rel}","templated":true}]}}