{"id":94480,"date":"2022-03-10T15:47:00","date_gmt":"2022-03-10T14:47:00","guid":{"rendered":"https:\/\/secureus.se\/optex-ir-detektor-mw-fmx-dst-kombi-15x15-meter-husdjur-sbsc-klass-2\/"},"modified":"2026-02-20T11:29:44","modified_gmt":"2026-02-20T10:29:44","slug":"optex-ir-detektor-mw-fmx-dst-kombi-15x15-meter-husdjur-sbsc-klass-2","status":"publish","type":"product","link":"https:\/\/secureus.se\/dk\/optex-ir-detektor-mw-fmx-dst-kombi-15x15-meter-husdjur-sbsc-klass-2\/","title":{"rendered":"Optex FMX-DST \u2013 IR-detektor \u2013 15\u00d715 meter K\u00e6ledyr"},"content":{"rendered":"<h1 data-start=\"511\" data-end=\"598\">Optex FMX-DST \u2013 Indend\u00f8rs bev\u00e6gelsesdetektor med h\u00f8j pr\u00e6cision og lav falsk alarmrate<\/h1>\n<p class=\"\" data-start=\"600\" data-end=\"888\"><strong data-start=\"600\" data-end=\"617\">Optex FMX-DST<\/strong> er en h\u00f8jtydende passiv infrar\u00f8d bev\u00e6gelsesdetektor (PIR) designet til indend\u00f8rs brug i for eksempel villaer, kontorer og lette kommercielle milj\u00f8er. Detektoren byder p\u00e5 <strong data-start=\"783\" data-end=\"813\">15\u00d715 meter bred d\u00e6kning<\/strong> med en 85\u00b0 vinkel, optimeret til montering i h\u00f8jder mellem 2,2 og 3,0 meter.<\/p>\n<p class=\"\" data-start=\"890\" data-end=\"1175\">Tak til de intelligente <strong data-start=\"917\" data-end=\"945\">Digital Quad Zone Logic\u2122<\/strong> bev\u00e6gelser analyseres med ekstrem n\u00f8jagtighed. Mere end fire overlappende zoner bruges p\u00e5 hvert punkt til at bestemme, om en alarm skal udl\u00f8ses, hvilket effektivt reducerer risikoen for falske alarmer \u2013 selv i n\u00e6rv\u00e6relse af mindre dyr, s\u00e5som huskatte.<\/p>\n<p class=\"\" data-start=\"1177\" data-end=\"1341\">FMX-DST er ogs\u00e5 udstyret med <strong data-start=\"1210\" data-end=\"1241\">Dobbelt ledende afsk\u00e6rmning<\/strong>, hvilket g\u00f8r, at den fungerer stabilt selv i milj\u00f8er med st\u00e6rkt sollys eller elektrisk interferens.<\/p>\n<hr class=\"\" data-start=\"1343\" data-end=\"1346\" \/>\n<h3 class=\"\" data-start=\"1348\" data-end=\"1363\">Fordele:<\/h3>\n<ul data-start=\"1364\" data-end=\"1749\">\n<li class=\"\" data-start=\"1364\" data-end=\"1431\">\n<p class=\"\" data-start=\"1366\" data-end=\"1431\"><strong data-start=\"1366\" data-end=\"1379\">Dyre-resistent<\/strong> \u2013 identificerer forskellen mellem mennesker og sm\u00e5 dyr<\/p>\n<\/li>\n<li class=\"\" data-start=\"1432\" data-end=\"1493\">\n<p class=\"\" data-start=\"1434\" data-end=\"1493\"><strong data-start=\"1434\" data-end=\"1452\">H\u00f8j f\u00f8lsomhed<\/strong> \u2013 justerbar i tre niveauer (Lav\/Middel\/H\u00f8j)<\/p>\n<\/li>\n<li class=\"\" data-start=\"1494\" data-end=\"1552\">\n<p class=\"\" data-start=\"1496\" data-end=\"1552\"><strong data-start=\"1496\" data-end=\"1515\">St\u00e6rk solbeskyttelse<\/strong> \u2013 gennem indbygget bi-ledende filter<\/p>\n<\/li>\n<li class=\"\" data-start=\"1553\" data-end=\"1625\">\n<p class=\"\" data-start=\"1555\" data-end=\"1625\"><strong data-start=\"1555\" data-end=\"1575\">Avanceret analyse<\/strong> \u2013 reducerer falske alarmer via Digital Quad Zone Logic<\/p>\n<\/li>\n<li class=\"\" data-start=\"1626\" data-end=\"1681\">\n<p class=\"\" data-start=\"1628\" data-end=\"1681\"><strong data-start=\"1628\" data-end=\"1653\">Lavt energiforbrug<\/strong> \u2013 kun 8-11 mA ved 12 VDC<\/p>\n<\/li>\n<li class=\"\" data-start=\"1682\" data-end=\"1749\">\n<p class=\"\" data-start=\"1684\" data-end=\"1749\"><strong data-start=\"1684\" data-end=\"1706\">Hurtig installation<\/strong> \u2013 Plug-in End of Line Unit (PEU) underst\u00f8ttelse<\/p>\n<\/li>\n<\/ul>\n<hr class=\"\" data-start=\"1751\" data-end=\"1754\" \/>\n<h3 class=\"\" data-start=\"1756\" data-end=\"1785\">Teknisk specifikation:<\/h3>\n<ul data-start=\"1786\" data-end=\"2109\">\n<li class=\"\" data-start=\"1786\" data-end=\"1821\">\n<p class=\"\" data-start=\"1788\" data-end=\"1821\"><strong data-start=\"1788\" data-end=\"1798\">Teknik<\/strong>: Passiv infrar\u00f8d (PIR)<\/p>\n<\/li>\n<li class=\"\" data-start=\"1822\" data-end=\"1855\">\n<p class=\"\" data-start=\"1824\" data-end=\"1855\"><strong data-start=\"1824\" data-end=\"1836\">D\u00e6kning<\/strong>: 15 m x 15 m (85\u00b0)<\/p>\n<\/li>\n<li class=\"\" data-start=\"1856\" data-end=\"1871\">\n<p class=\"\" data-start=\"1858\" data-end=\"1871\"><strong data-start=\"1858\" data-end=\"1867\">Zoner<\/strong>: 78<\/p>\n<\/li>\n<li class=\"\" data-start=\"1872\" data-end=\"1905\">\n<p class=\"\" data-start=\"1874\" data-end=\"1905\"><strong data-start=\"1874\" data-end=\"1892\">Monteringsh\u00f8jde<\/strong>: 2,2 \u2013 3,0 m<\/p>\n<\/li>\n<li class=\"\" data-start=\"1906\" data-end=\"1956\">\n<p class=\"\" data-start=\"1908\" data-end=\"1956\"><strong data-start=\"1908\" data-end=\"1928\">Str\u00f8mforbrug<\/strong>: 8mA (normal), 11mA (maksimum)<\/p>\n<\/li>\n<li class=\"\" data-start=\"1957\" data-end=\"1996\">\n<p class=\"\" data-start=\"1959\" data-end=\"1996\"><strong data-start=\"1959\" data-end=\"1978\">Temperaturomr\u00e5de<\/strong>: -20\u00b0C til +50\u00b0C<\/p>\n<\/li>\n<li class=\"\" data-start=\"1997\" data-end=\"2031\">\n<p class=\"\" data-start=\"1999\" data-end=\"2031\"><strong data-start=\"1999\" data-end=\"2007\">M\u00e5le<\/strong>: 111,7 x 61,4 x 50,0 mm<\/p>\n<\/li>\n<li class=\"\" data-start=\"2032\" data-end=\"2052\">\n<p class=\"\" data-start=\"2034\" data-end=\"2052\"><strong data-start=\"2034\" data-end=\"2042\">V\u00e6gt<\/strong>: omkring 100 g<\/p>\n<\/li>\n<li class=\"\" data-start=\"2053\" data-end=\"2109\">\n<p class=\"\" data-start=\"2055\" data-end=\"2109\"><strong data-start=\"2055\" data-end=\"2073\">Milj\u00f8fugtighed<\/strong>: op til 95 % (ikke-kondenserende)<\/p>\n<\/li>\n<\/ul>\n<hr class=\"\" data-start=\"2111\" data-end=\"2114\" \/>\n<h3 class=\"\" data-start=\"2116\" data-end=\"2140\">Passer perfekt i:<\/h3>\n<ul data-start=\"2141\" data-end=\"2215\">\n<li class=\"\" data-start=\"2141\" data-end=\"2169\">\n<p class=\"\" data-start=\"2143\" data-end=\"2169\">Stue, sovev\u00e6relse, kontor<\/p>\n<\/li>\n<li class=\"\" data-start=\"2170\" data-end=\"2189\">\n<p class=\"\" data-start=\"2172\" data-end=\"2189\">Villaer og r\u00e6kkehuse<\/p>\n<\/li>\n<li class=\"\" data-start=\"2190\" data-end=\"2215\">\n<p class=\"\" data-start=\"2192\" data-end=\"2215\">Lettere forretningsmilj\u00f8er<\/p>\n<\/li>\n<\/ul>\n<hr class=\"\" data-start=\"2217\" data-end=\"2220\" \/>\n<p class=\"\" data-start=\"2222\" data-end=\"2382\">Giv dit sikkerhedssystem et sikkert og stabilt fundament med <strong data-start=\"2276\" data-end=\"2293\">Optex FMX-DST<\/strong> \u2013 en professionel bev\u00e6gelsesdetektor, der kombinerer h\u00f8jteknologi med p\u00e5lidelig funktion.<\/p>","protected":false},"excerpt":{"rendered":"<p><strong data-start=\"207\" data-end=\"224\">Optex FMX-DST<\/strong> er en avanceret indend\u00f8rs bev\u00e6gelsesdetektor med PIR-teknologi, perfekt til villaer og mindre lokaler. Med 15\u00d715 meter d\u00e6kning, digital zonelogik og dyrebestandigt design minimeres falske alarmer effektivt \u2013 selv i milj\u00f8er med sollys.<\/p>","protected":false},"featured_media":145333,"template":"","meta":{"_acf_changed":false},"product_brand":[],"product_cat":[1325],"product_tag":[2146,2418,2465],"class_list":{"0":"post-94480","1":"product","2":"type-product","3":"status-publish","4":"has-post-thumbnail","6":"product_cat-larmgivare-skalskydd","7":"product_tag-rorelsedetektor-kombidetektorer","8":"product_tag-rel-larmgivare","9":"product_tag-sbsc-larmklass2","10":"product_shipping_class-postnord-varubrev","11":"pa_brands-optex","12":"tm-no-options","14":"first","15":"onbackorder","16":"sale","17":"featured","18":"taxable","19":"shipping-taxable","20":"purchasable","21":"product-type-simple"},"acf":[],"_links":{"self":[{"href":"https:\/\/secureus.se\/dk\/wp-json\/wp\/v2\/product\/94480","targetHints":{"allow":["GET"]}}],"collection":[{"href":"https:\/\/secureus.se\/dk\/wp-json\/wp\/v2\/product"}],"about":[{"href":"https:\/\/secureus.se\/dk\/wp-json\/wp\/v2\/types\/product"}],"wp:featuredmedia":[{"embeddable":true,"href":"https:\/\/secureus.se\/dk\/wp-json\/wp\/v2\/media\/145333"}],"wp:attachment":[{"href":"https:\/\/secureus.se\/dk\/wp-json\/wp\/v2\/media?parent=94480"}],"wp:term":[{"taxonomy":"product_brand","embeddable":true,"href":"https:\/\/secureus.se\/dk\/wp-json\/wp\/v2\/product_brand?post=94480"},{"taxonomy":"product_cat","embeddable":true,"href":"https:\/\/secureus.se\/dk\/wp-json\/wp\/v2\/product_cat?post=94480"},{"taxonomy":"product_tag","embeddable":true,"href":"https:\/\/secureus.se\/dk\/wp-json\/wp\/v2\/product_tag?post=94480"}],"curies":[{"name":"wp","href":"https:\/\/api.w.org\/{rel}","templated":true}]}}