{"id":94921,"date":"2024-07-04T13:57:56","date_gmt":"2024-07-04T11:57:56","guid":{"rendered":"https:\/\/secureus.se\/?post_type=product&#038;p=94921"},"modified":"2026-04-09T11:38:09","modified_gmt":"2026-04-09T09:38:09","slug":"winland-ea200-enviroalert-2-zons-miljosensor-for-kritiskt-tillstand-12v-dc-1-sensoringang","status":"publish","type":"product","link":"https:\/\/secureus.se\/dk\/winland-ea200-enviroalert-2-zons-miljosensor-for-kritiskt-tillstand-12v-dc-1-sensoringang\/","title":{"rendered":"Winland EA200 EnviroAlert 2-zoner kritisk tilstand milj\u00f8sensor, 12V DC, 1 sensorindgang"},"content":{"rendered":"<div class=\"headernamehrnone\">EnviroAlert\u00ae EA-200 overv\u00e5gningsenheden for kritiske omgivelser giver overblik over 2 milj\u00f8faktorer: omgivelsestemperatur og en yderligere faktor for temperatur, fugtighed eller vandtilstedev\u00e6relse. Ud over de lokale (p\u00e5 enheden) visuelle og akustiske alarmer, n\u00e5r det er integreret i et sikkerhedspanel, kan systemet give real-time notifikation om en h\u00e6ndelse og \u00f8jeblikkelig korrigerende handling.<\/div>\n<div class=\"row headername\">\n<div class=\"item-header rd-hyg-item-header\"><strong>Hovedkarakteristika<\/strong><\/div>\n<div class=\"row\">\n<ul>\n<li>Samtidig drift af to sensorer<\/li>\n<li>Letl\u00e6selig LCD-sk\u00e6rm<\/li>\n<li>8 hukommelse til begivenheder, inklusive tid og dato<\/li>\n<li>Hj\u00e6lpeudgangsrel\u00e6 til lokal akustisk alarm<\/li>\n<li>Lydd\u00e6mpende funktion til hj\u00e6lpealarm med 10 minutters timer<\/li>\n<li>Justering af offset sensor kalibrering<\/li>\n<li>Indstilling af manipulationssikker l\u00e5s<\/li>\n<li>Alarmmeddelelse via t\u00f8rkontaktrel\u00e6 til ethvert alarmpanel<\/li>\n<\/ul>\n<\/div>\n<\/div>","protected":false},"excerpt":{"rendered":"<p>Winland EA200 EnviroAlert 2-zoner kritisk tilstand milj\u00f8sensor, 12V DC, 1 sensorindgang<\/p>","protected":false},"featured_media":138038,"template":"","meta":{"_acf_changed":false},"product_brand":[],"product_cat":[1309],"product_tag":[],"class_list":{"0":"post-94921","1":"product","2":"type-product","3":"status-publish","4":"has-post-thumbnail","6":"product_cat-temperaturdetektor-vattendetektor","7":"product_shipping_class-tunga-paket","8":"pa_brands-winland-electronics","9":"tm-no-options","11":"first","12":"instock","13":"sale","14":"taxable","15":"shipping-taxable","16":"purchasable","17":"product-type-simple"},"acf":[],"_links":{"self":[{"href":"https:\/\/secureus.se\/dk\/wp-json\/wp\/v2\/product\/94921","targetHints":{"allow":["GET"]}}],"collection":[{"href":"https:\/\/secureus.se\/dk\/wp-json\/wp\/v2\/product"}],"about":[{"href":"https:\/\/secureus.se\/dk\/wp-json\/wp\/v2\/types\/product"}],"wp:featuredmedia":[{"embeddable":true,"href":"https:\/\/secureus.se\/dk\/wp-json\/wp\/v2\/media\/138038"}],"wp:attachment":[{"href":"https:\/\/secureus.se\/dk\/wp-json\/wp\/v2\/media?parent=94921"}],"wp:term":[{"taxonomy":"product_brand","embeddable":true,"href":"https:\/\/secureus.se\/dk\/wp-json\/wp\/v2\/product_brand?post=94921"},{"taxonomy":"product_cat","embeddable":true,"href":"https:\/\/secureus.se\/dk\/wp-json\/wp\/v2\/product_cat?post=94921"},{"taxonomy":"product_tag","embeddable":true,"href":"https:\/\/secureus.se\/dk\/wp-json\/wp\/v2\/product_tag?post=94921"}],"curies":[{"name":"wp","href":"https:\/\/api.w.org\/{rel}","templated":true}]}}