{"id":95812,"date":"2024-07-04T10:48:54","date_gmt":"2024-07-04T08:48:54","guid":{"rendered":"https:\/\/secureus.se\/?post_type=product&#038;p=95812"},"modified":"2025-12-31T21:14:09","modified_gmt":"2025-12-31T20:14:09","slug":"antenn-4g","status":"publish","type":"product","link":"https:\/\/secureus.se\/dk\/antenn-4g\/","title":{"rendered":"Antenne 4g til alarmsendere og mobile enheder"},"content":{"rendered":"<div class=\"flex flex-grow flex-col max-w-full AIPRM__conversation__response\">\n<div class=\"min-h-[20px] text-message flex w-full flex-col items-end gap-2 whitespace-pre-wrap break-words [.text-message+&amp;]:mt-5 overflow-x-auto\" dir=\"auto\" data-message-author-role=\"assistant\" data-message-id=\"4c86b893-17ea-49b1-b38d-39f8ab5a94ae\">\n<div class=\"flex w-full flex-col gap-1 empty:hidden first:pt-[3px]\">\n<div class=\"markdown prose w-full break-words dark:prose-invert light\">\n<h1><strong>Antenn 4G f\u00f6r larms\u00e4ndare och mobila enheter<\/strong><\/h1>\n<p>En anntenn 4G\u00a0 f\u00f6rb\u00e4ttrar din signalstyrka och anslutning och \u00e4r speciellt utformad f\u00f6r larms\u00e4ndare och mobila enheter. Denna m\u00e5ngsidiga antenn anv\u00e4nder en IPX-SMA-adapterkabel f\u00f6r att enkelt ansluta till din mobilkommunikationsmodul och s\u00e4kerst\u00e4ller optimal prestanda.<\/p>\n<p><strong>Produktdetaljer:<\/strong><\/p>\n<p>ANT-LTE-O-antennen \u00e4r utformad f\u00f6r att fungera med kontrollpaneler och moduler utrustade med mobila kommunikationsenheter och en standard SMA-kontakt.<\/p>\n<p>Den \u00e4r kompatibel med applikationer som GPRS-A, GPRS-A LTE, och kontrollpaneler som s\u00e4ljs utan h\u00f6lje, inklusive PERFECTA 16, PERFECTA 16-WRL, PERFECTA 32, PERFECTA 32-WRL, PERFECTA 32 LTE, och PERFECTA 32-WRL LTE.<\/p>\n<p><strong>Varf\u00f6r en extra antenn \u00e4r f\u00f6rdelaktig:<\/strong><\/p>\n<ol>\n<li><strong>F\u00f6rb\u00e4ttrad signalstyrka:<\/strong> Genom att l\u00e4gga till en extra antenn kan du avsev\u00e4rt f\u00f6rb\u00e4ttra din enhets signalmottagning, vilket minskar risken f\u00f6r tappade anslutningar och \u00f6kar hastigheten p\u00e5 datatransmissionen.<\/li>\n<li><strong>Tillf\u00f6rlitlig anslutning:<\/strong> En robust 4G-anslutning \u00e4r avg\u00f6rande f\u00f6r enheter som larms\u00e4ndare och mobila enheter, vilket s\u00e4kerst\u00e4ller snabba varningar och oavbruten kommunikation.<\/li>\n<li><strong>Flexibla installationsalternativ:<\/strong> Med sin l\u00e4ngd p\u00e5 25 cm m\u00f6jligg\u00f6r denna antenn flexibel placering. Du kan enkelt placera antennkontakten antingen utanf\u00f6r eller inuti h\u00f6ljet och anpassa den efter dina specifika behov.<\/li>\n<li><strong>Kompatibilitet:<\/strong> Den passar utm\u00e4rkt till Satels GSM-LTE 4G-s\u00e4ndare samt \u00f6vriga larmanordningar, vilket g\u00f6r den till ett m\u00e5ngsidigt val f\u00f6r alla dina s\u00e4kerhetsbehov.<\/li>\n<li><strong>M\u00e5ngsidigt teknologist\u00f6d:<\/strong> Om en IPX-SMA-adapter anv\u00e4nds kan antennen \u00e4ven fungera med andra enheter som anv\u00e4nder LTE, UMTS\/HSPA+, och GSM\/GPRS\/EDGE-teknologier.<\/li>\n<\/ol>\n<p><strong>Tekniska specifikationer f\u00f6r antenn 4G fr\u00e5n Satel.<\/strong><\/p>\n<ul>\n<li>SMA-hankontakt<\/li>\n<li>L\u00e4mplig f\u00f6r montering utanf\u00f6r ett h\u00f6lje<\/li>\n<\/ul>\n<p>Uppgradera din enhets prestanda och tillf\u00f6rlitlighet med v\u00e5r 4G-antenn, designad f\u00f6r att h\u00e5lla dig ansluten n\u00e4r det \u00e4r som viktigast.<\/p>\n<\/div>\n<\/div>\n<\/div>\n<\/div>\n","protected":false},"excerpt":{"rendered":"<p>Forbedre din signalstyrke og forbindelse med vores f\u00f8rsteklasses 4G-antenne.<\/p>\n<p><strong>Du kan med fordel k\u00f8be en anden\u00a0 <\/strong><strong>SMA Adapterkabel med Alsidig kompatibilitet med Varenummer: IPX-SMA:<\/strong><\/p>\n<p>&nbsp;<\/p>\n<p>&nbsp;<\/p>","protected":false},"featured_media":137407,"template":"","meta":{"_acf_changed":false},"product_brand":[],"product_cat":[1551,3320],"product_tag":[],"class_list":{"0":"post-95812","1":"product","2":"type-product","3":"status-publish","4":"has-post-thumbnail","6":"product_cat-larmoverforing","7":"product_cat-larmsandare-dsc-larm-neo-power-hybridlarm","8":"product_shipping_class-postnord-varubrev","9":"pa_brands-satel","10":"tm-no-options","12":"first","13":"instock","14":"taxable","15":"shipping-taxable","16":"purchasable","17":"product-type-simple"},"acf":[],"_links":{"self":[{"href":"https:\/\/secureus.se\/dk\/wp-json\/wp\/v2\/product\/95812","targetHints":{"allow":["GET"]}}],"collection":[{"href":"https:\/\/secureus.se\/dk\/wp-json\/wp\/v2\/product"}],"about":[{"href":"https:\/\/secureus.se\/dk\/wp-json\/wp\/v2\/types\/product"}],"wp:featuredmedia":[{"embeddable":true,"href":"https:\/\/secureus.se\/dk\/wp-json\/wp\/v2\/media\/137407"}],"wp:attachment":[{"href":"https:\/\/secureus.se\/dk\/wp-json\/wp\/v2\/media?parent=95812"}],"wp:term":[{"taxonomy":"product_brand","embeddable":true,"href":"https:\/\/secureus.se\/dk\/wp-json\/wp\/v2\/product_brand?post=95812"},{"taxonomy":"product_cat","embeddable":true,"href":"https:\/\/secureus.se\/dk\/wp-json\/wp\/v2\/product_cat?post=95812"},{"taxonomy":"product_tag","embeddable":true,"href":"https:\/\/secureus.se\/dk\/wp-json\/wp\/v2\/product_tag?post=95812"}],"curies":[{"name":"wp","href":"https:\/\/api.w.org\/{rel}","templated":true}]}}