{"id":96401,"date":"2024-07-22T12:18:46","date_gmt":"2024-07-22T10:18:46","guid":{"rendered":"https:\/\/secureus.se\/seagate-skyhawk-st2000vx017-2tb-3-5-sata-6gbs-harddisk-3-ars-seagate-rescue-data-recovery\/"},"modified":"2026-04-21T12:10:11","modified_gmt":"2026-04-21T10:10:11","slug":"seagate-skyhawk-st2000vx017-2tb-3-5-sata-6gbs-harddisk-3-ars-seagate-rescue-data-recovery","status":"publish","type":"product","link":"https:\/\/secureus.se\/dk\/seagate-skyhawk-st2000vx017-2tb-3-5-sata-6gbs-harddisk-3-ars-seagate-rescue-data-recovery\/","title":{"rendered":"Seagate SkyHawk ST2000VX017 \u2013 2TB harddisk 3,5\u2033 SATA 6Gb\/s med 3 \u00e5rs Seagate Rescue Data Recovery"},"content":{"rendered":"<div class=\"headernamehrnone\">SkyHawk drager fordel af Seagates omfattende erfaring med at designe harddiske, der er specialbygget til overv\u00e5gningsapplikationer.<\/div>\n<div class=\"row headername\"><\/div>\n<div>\n<ul>\n<li>ImagePerfect\u2122 firmware<\/li>\n<li>SkyHawk Health Management<\/li>\n<li>Databeskyttelse uden sidestykke<\/li>\n<li>1M timers MTBF<\/li>\n<\/ul>\n<div class=\"ns_font_title_6 ns_m_b_4 ns_m_t_3\">Generelt<\/div>\n<div class=\"nsv-table\">\n<div class=\"nsv-table-container\">\n<div class=\"nsv-scroll_container\">\n<div class=\"nsv-scroll_container-scrollable\">\n<table class=\"nsv-table-native is-nsv-table-horizontal ns_b_b\">\n<caption class=\"ns_visually_hidden\">Generelt<\/caption>\n<tbody>\n<tr class=\"nsv-table-native-row isDraggable\">\n<th id=\"nsvTableHeader-8.0\" class=\"nsv-table-cell is-header-cell is-nsv-table-column-scrolled-right nsv-table-cell--odd_row nsv-keyvalue-table-header ns_font_title_7 specification-tab-key_column ns_font_title_7 ns_font_title_6 ns_p_v_3\" title=\"Type af enhed\" scope=\"row\">\n<div class=\"ns_p_v_2\">\n<div class=\"\">Type af enhed<\/div>\n<\/div>\n<\/th>\n<td class=\"nsv-table-cell is-nsv-table-column-scrolled-right nsv-table-cell--odd_row ns_font_details\" headers=\"nsvTableHeader-8.0\">\n<div>\n<div class=\"ns_m_v_3 ns_p_v_2 ns_p_h_3\">Harddisk - indbygget<\/div>\n<\/div>\n<\/td>\n<\/tr>\n<tr class=\"nsv-table-native-row isDraggable\">\n<th id=\"nsvTableHeader-8.1\" class=\"nsv-table-cell is-header-cell is-nsv-table-column-scrolled-right nsv-table-cell--even_row nsv-keyvalue-table-header ns_font_title_7 specification-tab-key_column ns_font_title_7 ns_font_title_6 ns_p_v_3\" title=\"Kapacitet\" scope=\"row\">\n<div class=\"ns_p_v_2\">\n<div class=\"\">Kapacitet<\/div>\n<\/div>\n<\/th>\n<td class=\"nsv-table-cell is-nsv-table-column-scrolled-right nsv-table-cell--even_row ns_font_details\" headers=\"nsvTableHeader-8.1\">\n<div>\n<div class=\"ns_m_v_3 ns_p_v_2 ns_p_h_3\">2 TB<\/div>\n<\/div>\n<\/td>\n<\/tr>\n<tr class=\"nsv-table-native-row isDraggable\">\n<th id=\"nsvTableHeader-8.2\" class=\"nsv-table-cell is-header-cell is-nsv-table-column-scrolled-right nsv-table-cell--odd_row nsv-keyvalue-table-header ns_font_title_7 specification-tab-key_column ns_font_title_7 ns_font_title_6 ns_p_v_3\" title=\"Formfaktor\" scope=\"row\">\n<div class=\"ns_p_v_2\">\n<div class=\"\">Formfaktor<\/div>\n<\/div>\n<\/th>\n<td class=\"nsv-table-cell is-nsv-table-column-scrolled-right nsv-table-cell--odd_row ns_font_details\" headers=\"nsvTableHeader-8.2\">\n<div>\n<div class=\"ns_m_v_3 ns_p_v_2 ns_p_h_3\">3,5\u2033<\/div>\n<\/div>\n<\/td>\n<\/tr>\n<tr class=\"nsv-table-native-row isDraggable\">\n<th id=\"nsvTableHeader-8.3\" class=\"nsv-table-cell is-header-cell is-nsv-table-column-scrolled-right nsv-table-cell--even_row nsv-keyvalue-table-header ns_font_title_7 specification-tab-key_column ns_font_title_7 ns_font_title_6 ns_p_v_3\" title=\"Interface\" scope=\"row\">\n<div class=\"ns_p_v_2\">\n<div class=\"\">Interface<\/div>\n<\/div>\n<\/th>\n<td class=\"nsv-table-cell is-nsv-table-column-scrolled-right nsv-table-cell--even_row ns_font_details\" headers=\"nsvTableHeader-8.3\">\n<div>\n<div class=\"ns_m_v_3 ns_p_v_2 ns_p_h_3\">SATA 6 Gb\/s<\/div>\n<\/div>\n<\/td>\n<\/tr>\n<tr class=\"nsv-table-native-row isDraggable\">\n<th id=\"nsvTableHeader-8.4\" class=\"nsv-table-cell is-header-cell is-nsv-table-column-scrolled-right nsv-table-cell--odd_row nsv-keyvalue-table-header ns_font_title_7 specification-tab-key_column ns_font_title_7 ns_font_title_6 ns_p_v_3\" title=\"Buffer st\u00f8rrelse\" scope=\"row\">\n<div class=\"ns_p_v_2\">\n<div class=\"\">Buffer st\u00f8rrelse<\/div>\n<\/div>\n<\/th>\n<td class=\"nsv-table-cell is-nsv-table-column-scrolled-right nsv-table-cell--odd_row ns_font_details\" headers=\"nsvTableHeader-8.4\">\n<div>\n<div class=\"ns_m_v_3 ns_p_v_2 ns_p_h_3\">256 MB<\/div>\n<\/div>\n<\/td>\n<\/tr>\n<tr class=\"nsv-table-native-row isDraggable\">\n<th id=\"nsvTableHeader-8.5\" class=\"nsv-table-cell is-header-cell is-nsv-table-column-scrolled-right nsv-table-cell--even_row nsv-keyvalue-table-header ns_font_title_7 specification-tab-key_column ns_font_title_7 ns_font_title_6 ns_p_v_3\" title=\"Egenskaber\" scope=\"row\">\n<div class=\"ns_p_v_2\">\n<div class=\"\">Egenskaber<\/div>\n<\/div>\n<\/th>\n<td class=\"nsv-table-cell is-nsv-table-column-scrolled-right nsv-table-cell--even_row ns_font_details\" headers=\"nsvTableHeader-8.5\">\n<div>\n<div class=\"ns_m_v_3 ns_p_v_2 ns_p_h_3\">RV-sensor, 24\u00d77 kontinuerlig drift, CMR (konventionel magnetisk optagelse), smudsafvisende<\/div>\n<\/div>\n<\/td>\n<\/tr>\n<tr class=\"nsv-table-native-row isDraggable\">\n<th id=\"nsvTableHeader-8.6\" class=\"nsv-table-cell is-header-cell is-nsv-table-column-scrolled-right nsv-table-cell--odd_row nsv-keyvalue-table-header ns_font_title_7 specification-tab-key_column ns_font_title_7 ns_font_title_6 ns_p_v_3\" title=\"Bredde\" scope=\"row\">\n<div class=\"ns_p_v_2\">\n<div class=\"\">Bredde<\/div>\n<\/div>\n<\/th>\n<td class=\"nsv-table-cell is-nsv-table-column-scrolled-right nsv-table-cell--odd_row ns_font_details\" headers=\"nsvTableHeader-8.6\">\n<div>\n<div class=\"ns_m_v_3 ns_p_v_2 ns_p_h_3\">101,6 mm<\/div>\n<\/div>\n<\/td>\n<\/tr>\n<tr class=\"nsv-table-native-row isDraggable\">\n<th id=\"nsvTableHeader-8.7\" class=\"nsv-table-cell is-header-cell is-nsv-table-column-scrolled-right nsv-table-cell--even_row nsv-keyvalue-table-header ns_font_title_7 specification-tab-key_column ns_font_title_7 ns_font_title_6 ns_p_v_3\" title=\"Dybde\" scope=\"row\">\n<div class=\"ns_p_v_2\">\n<div class=\"\">Dybde<\/div>\n<\/div>\n<\/th>\n<td class=\"nsv-table-cell is-nsv-table-column-scrolled-right nsv-table-cell--even_row ns_font_details\" headers=\"nsvTableHeader-8.7\">\n<div>\n<div class=\"ns_m_v_3 ns_p_v_2 ns_p_h_3\">146,99 mm<\/div>\n<\/div>\n<\/td>\n<\/tr>\n<tr class=\"nsv-table-native-row isDraggable\">\n<th id=\"nsvTableHeader-8.8\" class=\"nsv-table-cell is-header-cell is-nsv-table-column-scrolled-right nsv-table-cell--odd_row nsv-keyvalue-table-header ns_font_title_7 specification-tab-key_column ns_font_title_7 ns_font_title_6 ns_p_v_3\" title=\"H\u00f8jde\" scope=\"row\">\n<div class=\"ns_p_v_2\">\n<div class=\"\">H\u00f8jde<\/div>\n<\/div>\n<\/th>\n<td class=\"nsv-table-cell is-nsv-table-column-scrolled-right nsv-table-cell--odd_row ns_font_details\" headers=\"nsvTableHeader-8.8\">\n<div>\n<div class=\"ns_m_v_3 ns_p_v_2 ns_p_h_3\">20,2 mm<\/div>\n<\/div>\n<\/td>\n<\/tr>\n<tr class=\"nsv-table-native-row isDraggable\">\n<th id=\"nsvTableHeader-8.9\" class=\"nsv-table-cell is-header-cell is-nsv-table-column-scrolled-right nsv-table-cell--even_row nsv-keyvalue-table-header ns_font_title_7 specification-tab-key_column ns_font_title_7 ns_font_title_6 ns_p_v_3\" title=\"V\u00e6gt\" scope=\"row\">\n<div class=\"ns_p_v_2\">\n<div class=\"\">V\u00e6gt<\/div>\n<\/div>\n<\/th>\n<td class=\"nsv-table-cell is-nsv-table-column-scrolled-right nsv-table-cell--even_row ns_font_details\" headers=\"nsvTableHeader-8.9\">\n<div>\n<div class=\"ns_m_v_3 ns_p_v_2 ns_p_h_3\">415 g<\/div>\n<\/div>\n<\/td>\n<\/tr>\n<tr class=\"nsv-table-native-row isDraggable\">\n<th id=\"nsvTableHeader-8.10\" class=\"nsv-table-cell is-header-cell is-nsv-table-column-scrolled-right nsv-table-cell--odd_row nsv-keyvalue-table-header ns_font_title_7 specification-tab-key_column ns_font_title_7 ns_font_title_6 ns_p_v_3\" title=\"Kombineret med\" scope=\"row\">\n<div class=\"ns_p_v_2\">\n<div class=\"\">Kombineret med<\/div>\n<\/div>\n<\/th>\n<td class=\"nsv-table-cell is-nsv-table-column-scrolled-right nsv-table-cell--odd_row ns_font_details\" headers=\"nsvTableHeader-8.10\">\n<div>\n<div class=\"ns_m_v_3 ns_p_v_2 ns_p_h_3\">3 \u00e5rs Seagate Rescue Data Recovery<\/div>\n<\/div>\n<\/td>\n<\/tr>\n<\/tbody>\n<\/table>\n<\/div>\n<\/div>\n<\/div>\n<\/div>\n<div class=\"ns_font_title_6 ns_m_b_4 ns_m_t_8\">Ydeevne<\/div>\n<div class=\"nsv-table\">\n<div class=\"nsv-table-container\">\n<div class=\"nsv-scroll_container\">\n<div class=\"nsv-scroll_container-scrollable\">\n<table class=\"nsv-table-native is-nsv-table-horizontal ns_b_b\">\n<caption class=\"ns_visually_hidden\">Ydeevne<\/caption>\n<tbody>\n<tr class=\"nsv-table-native-row isDraggable\">\n<th id=\"nsvTableHeader-7.0\" class=\"nsv-table-cell is-header-cell is-nsv-table-column-scrolled-right nsv-table-cell--odd_row nsv-keyvalue-table-header ns_font_title_7 specification-tab-key_column ns_font_title_7 ns_font_title_6 ns_p_v_3\" title=\"Overf\u00f8rselshastigheden p\u00e5 harddisken\" scope=\"row\">\n<div class=\"ns_p_v_2\">\n<div class=\"\">Overf\u00f8rselshastigheden p\u00e5 harddisken<\/div>\n<\/div>\n<\/th>\n<td class=\"nsv-table-cell is-nsv-table-column-scrolled-right nsv-table-cell--odd_row ns_font_details\" headers=\"nsvTableHeader-7.0\">\n<div>\n<div class=\"ns_m_v_3 ns_p_v_2 ns_p_h_3\">600 MBps (eksternt)<\/div>\n<\/div>\n<\/td>\n<\/tr>\n<tr class=\"nsv-table-native-row isDraggable\">\n<th id=\"nsvTableHeader-7.1\" class=\"nsv-table-cell is-header-cell is-nsv-table-column-scrolled-right nsv-table-cell--even_row nsv-keyvalue-table-header ns_font_title_7 specification-tab-key_column ns_font_title_7 ns_font_title_6 ns_p_v_3\" title=\"Intern datahastighed\" scope=\"row\">\n<div class=\"ns_p_v_2\">\n<div class=\"\">Intern datahastighed<\/div>\n<\/div>\n<\/th>\n<td class=\"nsv-table-cell is-nsv-table-column-scrolled-right nsv-table-cell--even_row ns_font_details\" headers=\"nsvTableHeader-7.1\">\n<div>\n<div class=\"ns_m_v_3 ns_p_v_2 ns_p_h_3\">180 MBps<\/div>\n<\/div>\n<\/td>\n<\/tr>\n<\/tbody>\n<\/table>\n<\/div>\n<\/div>\n<\/div>\n<\/div>\n<div class=\"ns_font_title_6 ns_m_b_4 ns_m_t_8\">P\u00e5lidelighed<\/div>\n<div class=\"nsv-table\">\n<div class=\"nsv-table-container\">\n<div class=\"nsv-scroll_container\">\n<div class=\"nsv-scroll_container-scrollable\">\n<table class=\"nsv-table-native is-nsv-table-horizontal ns_b_b\">\n<caption class=\"ns_visually_hidden\">P\u00e5lidelighed<\/caption>\n<tbody>\n<tr class=\"nsv-table-native-row isDraggable\">\n<th id=\"nsvTableHeader-6.0\" class=\"nsv-table-cell is-header-cell is-nsv-table-column-scrolled-right nsv-table-cell--odd_row nsv-keyvalue-table-header ns_font_title_7 specification-tab-key_column ns_font_title_7 ns_font_title_6 ns_p_v_3\" title=\"MTBF (gennemsnitlig tid mellem fejl)\" scope=\"row\">\n<div class=\"ns_p_v_2\">\n<div class=\"\">MTBF (gennemsnitlig tid mellem fejl)<\/div>\n<\/div>\n<\/th>\n<td class=\"nsv-table-cell is-nsv-table-column-scrolled-right nsv-table-cell--odd_row ns_font_details\" headers=\"nsvTableHeader-6.0\">\n<div>\n<div class=\"ns_m_v_3 ns_p_v_2 ns_p_h_3\">100.000 timer<\/div>\n<\/div>\n<\/td>\n<\/tr>\n<tr class=\"nsv-table-native-row isDraggable\">\n<th id=\"nsvTableHeader-6.1\" class=\"nsv-table-cell is-header-cell is-nsv-table-column-scrolled-right nsv-table-cell--even_row nsv-keyvalue-table-header ns_font_title_7 specification-tab-key_column ns_font_title_7 ns_font_title_6 ns_p_v_3\" title=\"24 timers drift\" scope=\"row\">\n<div class=\"ns_p_v_2\">\n<div class=\"\">24 timers drift<\/div>\n<\/div>\n<\/th>\n<td class=\"nsv-table-cell is-nsv-table-column-scrolled-right nsv-table-cell--even_row ns_font_details\" headers=\"nsvTableHeader-6.1\">\n<div>\n<div class=\"ns_m_v_3 ns_p_v_2 ns_p_h_3\">Ja<\/div>\n<\/div>\n<\/td>\n<\/tr>\n<tr class=\"nsv-table-native-row isDraggable\">\n<th id=\"nsvTableHeader-6.2\" class=\"nsv-table-cell is-header-cell is-nsv-table-column-scrolled-right nsv-table-cell--odd_row nsv-keyvalue-table-header ns_font_title_7 specification-tab-key_column ns_font_title_7 ns_font_title_6 ns_p_v_3\" title=\"Uoprettelig fejl\" scope=\"row\">\n<div class=\"ns_p_v_2\">\n<div class=\"\">Uoprettelig fejl<\/div>\n<\/div>\n<\/th>\n<td class=\"nsv-table-cell is-nsv-table-column-scrolled-right nsv-table-cell--odd_row ns_font_details\" headers=\"nsvTableHeader-6.2\">\n<div>\n<div class=\"ns_m_v_3 ns_p_v_2 ns_p_h_3\">1 pr. 10^14<\/div>\n<\/div>\n<\/td>\n<\/tr>\n<tr class=\"nsv-table-native-row isDraggable\">\n<th id=\"nsvTableHeader-6.3\" class=\"nsv-table-cell is-header-cell is-nsv-table-column-scrolled-right nsv-table-cell--even_row nsv-keyvalue-table-header ns_font_title_7 specification-tab-key_column ns_font_title_7 ns_font_title_6 ns_p_v_3\" title=\"Indl\u00e6snings-\/afl\u00e6sningscyklusser\" scope=\"row\">\n<div class=\"ns_p_v_2\">\n<div class=\"\">Indl\u00e6snings-\/afl\u00e6sningscyklusser<\/div>\n<\/div>\n<\/th>\n<td class=\"nsv-table-cell is-nsv-table-column-scrolled-right nsv-table-cell--even_row ns_font_details\" headers=\"nsvTableHeader-6.3\">\n<div>\n<div class=\"ns_m_v_3 ns_p_v_2 ns_p_h_3\">600,000<\/div>\n<\/div>\n<\/td>\n<\/tr>\n<\/tbody>\n<\/table>\n<\/div>\n<\/div>\n<\/div>\n<\/div>\n<div class=\"ns_font_title_6 ns_m_b_4 ns_m_t_8\">Udvidelse og forbindelser<\/div>\n<div class=\"nsv-table\">\n<div class=\"nsv-table-container\">\n<div class=\"nsv-scroll_container\">\n<div class=\"nsv-scroll_container-scrollable\">\n<table class=\"nsv-table-native is-nsv-table-horizontal ns_b_b\">\n<caption class=\"ns_visually_hidden\">\n<div class=\"ns_font_title_6 ns_m_b_4 ns_m_t_8\">Udvidelse og forbindelser<\/div>\n<\/caption>\n<tbody>\n<tr class=\"nsv-table-native-row isDraggable\">\n<th id=\"nsvTableHeader-5.0\" class=\"nsv-table-cell is-header-cell is-nsv-table-column-scrolled-right nsv-table-cell--odd_row nsv-keyvalue-table-header ns_font_title_7 specification-tab-key_column ns_font_title_7 ns_font_title_6 ns_p_v_3\" title=\"Interface\" scope=\"row\">\n<div class=\"ns_p_v_2\">\n<div class=\"\">Interface<\/div>\n<\/div>\n<\/th>\n<td class=\"nsv-table-cell is-nsv-table-column-scrolled-right nsv-table-cell--odd_row ns_font_details\" headers=\"nsvTableHeader-5.0\">\n<div>\n<div class=\"ns_m_v_3 ns_p_v_2 ns_p_h_3\">1 x SATA 6 Gb\/s<\/div>\n<\/div>\n<\/td>\n<\/tr>\n<tr class=\"nsv-table-native-row isDraggable\">\n<th id=\"nsvTableHeader-5.1\" class=\"nsv-table-cell is-header-cell is-nsv-table-column-scrolled-right nsv-table-cell--even_row nsv-keyvalue-table-header ns_font_title_7 specification-tab-key_column ns_font_title_7 ns_font_title_6 ns_p_v_3\" title=\"Kompatibelt rum\" scope=\"row\">\n<div class=\"ns_p_v_2\">\n<div class=\"\">Kompatibelt rum<\/div>\n<\/div>\n<\/th>\n<td class=\"nsv-table-cell is-nsv-table-column-scrolled-right nsv-table-cell--even_row ns_font_details\" headers=\"nsvTableHeader-5.1\">\n<div>\n<div class=\"ns_m_v_3 ns_p_v_2 ns_p_h_3\">3,5\u2033<\/div>\n<\/div>\n<\/td>\n<\/tr>\n<\/tbody>\n<\/table>\n<\/div>\n<\/div>\n<\/div>\n<\/div>\n<div class=\"ns_font_title_6 ns_m_b_4 ns_m_t_8\">Str\u00f8mforsyning<\/div>\n<div class=\"nsv-table\">\n<div class=\"nsv-table-container\">\n<div class=\"nsv-scroll_container\">\n<div class=\"nsv-scroll_container-scrollable\">\n<table class=\"nsv-table-native is-nsv-table-horizontal ns_b_b\">\n<caption class=\"ns_visually_hidden\">\n<div class=\"ns_font_title_6 ns_m_b_4 ns_m_t_8\">Str\u00f8mforsyning<\/div>\n<\/caption>\n<tbody>\n<tr class=\"nsv-table-native-row isDraggable\">\n<th id=\"nsvTableHeader-4.0\" class=\"nsv-table-cell is-header-cell is-nsv-table-column-scrolled-right nsv-table-cell--odd_row nsv-keyvalue-table-header ns_font_title_7 specification-tab-key_column ns_font_title_7 ns_font_title_6 ns_p_v_3\" title=\"Netsp\u00e6nding\" scope=\"row\">\n<div class=\"ns_p_v_2\">\n<div class=\"\">Netsp\u00e6nding<\/div>\n<\/div>\n<\/th>\n<td class=\"nsv-table-cell is-nsv-table-column-scrolled-right nsv-table-cell--odd_row ns_font_details\" headers=\"nsvTableHeader-4.0\">\n<div>\n<div class=\"ns_m_v_3 ns_p_v_2 ns_p_h_3\">5 \u2013 12 V<\/div>\n<\/div>\n<\/td>\n<\/tr>\n<tr class=\"nsv-table-native-row isDraggable\">\n<th id=\"nsvTableHeader-4.1\" class=\"nsv-table-cell is-header-cell is-nsv-table-column-scrolled-right nsv-table-cell--even_row nsv-keyvalue-table-header ns_font_title_7 specification-tab-key_column ns_font_title_7 ns_font_title_6 ns_p_v_3\" title=\"Str\u00f8mforbrug\" scope=\"row\">\n<div class=\"ns_p_v_2\">\n<div class=\"\">Str\u00f8mforbrug<\/div>\n<\/div>\n<\/th>\n<td class=\"nsv-table-cell is-nsv-table-column-scrolled-right nsv-table-cell--even_row ns_font_details\" headers=\"nsvTableHeader-4.1\">\n<div>\n<div class=\"ns_m_v_3 ns_p_v_2 ns_p_h_3\">3,7 watt (aktiv) 2,5 watt (inaktiv) 0,25 watt (dvaletilstand) 0,25 watt (dvaletilstand)<\/div>\n<\/div>\n<\/td>\n<\/tr>\n<\/tbody>\n<\/table>\n<\/div>\n<\/div>\n<\/div>\n<\/div>\n<div class=\"ns_font_title_6 ns_m_b_4 ns_m_t_8\">Software- og systemkrav<\/div>\n<div class=\"nsv-table\">\n<div class=\"nsv-table-container\">\n<div class=\"nsv-scroll_container\">\n<div class=\"nsv-scroll_container-scrollable\">\n<table class=\"nsv-table-native is-nsv-table-horizontal ns_b_b\">\n<caption class=\"ns_visually_hidden\">\n<div class=\"ns_font_title_6 ns_m_b_4 ns_m_t_8\">Software- og systemkrav<\/div>\n<\/caption>\n<tbody>\n<tr class=\"nsv-table-native-row isDraggable\">\n<th id=\"nsvTableHeader-3.0\" class=\"nsv-table-cell is-header-cell is-nsv-table-column-scrolled-right nsv-table-cell--odd_row nsv-keyvalue-table-header ns_font_title_7 specification-tab-key_column ns_font_title_7 ns_font_title_6 ns_p_v_3\" title=\"Inkluderet software\" scope=\"row\">\n<div class=\"ns_p_v_2\">\n<div class=\"\">Inkluderet software<\/div>\n<\/div>\n<\/th>\n<td class=\"nsv-table-cell is-nsv-table-column-scrolled-right nsv-table-cell--odd_row ns_font_details\" headers=\"nsvTableHeader-3.0\">\n<div>\n<div class=\"ns_m_v_3 ns_p_v_2 ns_p_h_3\">SkyHawk Health Management<\/div>\n<\/div>\n<\/td>\n<\/tr>\n<\/tbody>\n<\/table>\n<\/div>\n<\/div>\n<\/div>\n<\/div>\n<div class=\"ns_font_title_6 ns_m_b_4 ns_m_t_8\">Producentens garanti<\/div>\n<div class=\"nsv-table\">\n<div class=\"nsv-table-container\">\n<div class=\"nsv-scroll_container\">\n<div class=\"nsv-scroll_container-scrollable\">\n<table class=\"nsv-table-native is-nsv-table-horizontal ns_b_b\">\n<caption class=\"ns_visually_hidden\">\n<div class=\"ns_font_title_6 ns_m_b_4 ns_m_t_8\">Producentens garanti<\/div>\n<\/caption>\n<tbody>\n<tr class=\"nsv-table-native-row isDraggable\">\n<th id=\"nsvTableHeader-2.0\" class=\"nsv-table-cell is-header-cell is-nsv-table-column-scrolled-right nsv-table-cell--odd_row nsv-keyvalue-table-header ns_font_title_7 specification-tab-key_column ns_font_title_7 ns_font_title_6 ns_p_v_3\" title=\"Service og support\" scope=\"row\">\n<div class=\"ns_p_v_2\">\n<div class=\"\">Service og support<\/div>\n<\/div>\n<\/th>\n<td class=\"nsv-table-cell is-nsv-table-column-scrolled-right nsv-table-cell--odd_row ns_font_details\" headers=\"nsvTableHeader-2.0\">\n<div>\n<div class=\"ns_m_v_3 ns_p_v_2 ns_p_h_3\">Begr\u00e6nset garanti - 3 \u00e5r<\/div>\n<\/div>\n<\/td>\n<\/tr>\n<\/tbody>\n<\/table>\n<\/div>\n<\/div>\n<\/div>\n<\/div>\n<div class=\"ns_font_title_6 ns_m_b_4 ns_m_t_8\">Milj\u00f8parametre<\/div>\n<div class=\"nsv-table\">\n<div class=\"nsv-table-container\">\n<div class=\"nsv-scroll_container\">\n<div class=\"nsv-scroll_container-scrollable\">\n<table class=\"nsv-table-native is-nsv-table-horizontal ns_b_b\">\n<caption class=\"ns_visually_hidden\">Milj\u00f8parametre<\/caption>\n<tbody>\n<tr class=\"nsv-table-native-row isDraggable\">\n<th id=\"nsvTableHeader-1.0\" class=\"nsv-table-cell is-header-cell is-nsv-table-column-scrolled-right nsv-table-cell--odd_row nsv-keyvalue-table-header ns_font_title_7 specification-tab-key_column ns_font_title_7 ns_font_title_6 ns_p_v_3\" title=\"Min driftstemperatur\" scope=\"row\">\n<div class=\"ns_p_v_2\">\n<div class=\"\">Min driftstemperatur<\/div>\n<\/div>\n<\/th>\n<td class=\"nsv-table-cell is-nsv-table-column-scrolled-right nsv-table-cell--odd_row ns_font_details\" headers=\"nsvTableHeader-1.0\">\n<div>\n<div class=\"ns_m_v_3 ns_p_v_2 ns_p_h_3\">0 \u00b0C<\/div>\n<\/div>\n<\/td>\n<\/tr>\n<tr class=\"nsv-table-native-row isDraggable\">\n<th id=\"nsvTableHeader-1.1\" class=\"nsv-table-cell is-header-cell is-nsv-table-column-scrolled-right nsv-table-cell--even_row nsv-keyvalue-table-header ns_font_title_7 specification-tab-key_column ns_font_title_7 ns_font_title_6 ns_p_v_3\" title=\"Maksimal temperatur under drift\" scope=\"row\">\n<div class=\"ns_p_v_2\">\n<div class=\"\">Maksimal temperatur under drift<\/div>\n<\/div>\n<\/th>\n<td class=\"nsv-table-cell is-nsv-table-column-scrolled-right nsv-table-cell--even_row ns_font_details\" headers=\"nsvTableHeader-1.1\">\n<div>\n<div class=\"ns_m_v_3 ns_p_v_2 ns_p_h_3\">65 \u00b0C<\/div>\n<\/div>\n<\/td>\n<\/tr>\n<tr class=\"nsv-table-native-row isDraggable\">\n<th id=\"nsvTableHeader-1.2\" class=\"nsv-table-cell is-header-cell is-nsv-table-column-scrolled-right nsv-table-cell--odd_row nsv-keyvalue-table-header ns_font_title_7 specification-tab-key_column ns_font_title_7 ns_font_title_6 ns_p_v_3\" title=\"Min opbevaringstemperatur\" scope=\"row\">\n<div class=\"ns_p_v_2\">\n<div class=\"\">Min opbevaringstemperatur<\/div>\n<\/div>\n<\/th>\n<td class=\"nsv-table-cell is-nsv-table-column-scrolled-right nsv-table-cell--odd_row ns_font_details\" headers=\"nsvTableHeader-1.2\">\n<div>\n<div class=\"ns_m_v_3 ns_p_v_2 ns_p_h_3\">-40 \u00b0C<\/div>\n<\/div>\n<\/td>\n<\/tr>\n<\/tbody>\n<\/table>\n<\/div>\n<\/div>\n<\/div>\n<\/div>\n<\/div>","protected":false},"excerpt":{"rendered":"<p>Forbedre din overv\u00e5gning med Seagate SkyHawk ST2000VX017. Denne 2TB harddisk tilbyder p\u00e5lidelig ydeevne og hurtig dataoverf\u00f8rsel med SATA 6Gb\/s. Perfekt til DVR- og NVR-systemer med robust p\u00e5lidelighed og optimeret til kontinuerlig optagelse. Inkluderer 3 \u00e5rs Seagate Rescue Data Recovery-service for maksimal databeskyttelse og ro i sindet.<\/p>","protected":false},"featured_media":137384,"template":"","meta":{"_acf_changed":false},"product_brand":[],"product_cat":[3261],"product_tag":[],"class_list":{"0":"post-96401","1":"product","2":"type-product","3":"status-publish","4":"has-post-thumbnail","6":"product_cat-hdd-harddisk-3-5","7":"product_shipping_class-tunga-paket","8":"pa_brands-seagate","9":"tm-no-options","11":"first","12":"outofstock","13":"taxable","14":"shipping-taxable","15":"purchasable","16":"product-type-simple"},"acf":[],"_links":{"self":[{"href":"https:\/\/secureus.se\/dk\/wp-json\/wp\/v2\/product\/96401","targetHints":{"allow":["GET"]}}],"collection":[{"href":"https:\/\/secureus.se\/dk\/wp-json\/wp\/v2\/product"}],"about":[{"href":"https:\/\/secureus.se\/dk\/wp-json\/wp\/v2\/types\/product"}],"wp:featuredmedia":[{"embeddable":true,"href":"https:\/\/secureus.se\/dk\/wp-json\/wp\/v2\/media\/137384"}],"wp:attachment":[{"href":"https:\/\/secureus.se\/dk\/wp-json\/wp\/v2\/media?parent=96401"}],"wp:term":[{"taxonomy":"product_brand","embeddable":true,"href":"https:\/\/secureus.se\/dk\/wp-json\/wp\/v2\/product_brand?post=96401"},{"taxonomy":"product_cat","embeddable":true,"href":"https:\/\/secureus.se\/dk\/wp-json\/wp\/v2\/product_cat?post=96401"},{"taxonomy":"product_tag","embeddable":true,"href":"https:\/\/secureus.se\/dk\/wp-json\/wp\/v2\/product_tag?post=96401"}],"curies":[{"name":"wp","href":"https:\/\/api.w.org\/{rel}","templated":true}]}}