{"id":96405,"date":"2024-07-22T12:21:55","date_gmt":"2024-07-22T10:21:55","guid":{"rendered":"https:\/\/secureus.se\/4tb-hdd-seagate-skyhawk\/"},"modified":"2026-04-20T17:18:09","modified_gmt":"2026-04-20T15:18:09","slug":"4tb-hdd-seagate-skyhawk","status":"publish","type":"product","link":"https:\/\/secureus.se\/dk\/4tb-hdd-seagate-skyhawk\/","title":{"rendered":"Seagate SkyHawk ST4000VX016 \u2013 4TB harddisk 3,5\u2033 SATA 6Gb\/s med 3 \u00e5rs Seagate Rescue Data Recovery"},"content":{"rendered":"<p>SkyHawk er den f\u00f8rste videoenhed i verden, der er specielt designet til videosystemer. Denne 4TB harddisk fra Seagate er ideel til DVR- og NVR-systemer og kan h\u00e5ndtere op til 64 HD-kameraer samtidigt, hvilket g\u00f8r den perfekt til omfattende overv\u00e5gningsl\u00f8sninger. Den forbedrede ImagePerfect-teknologi minimerer risikoen for billedtab og sikrer, at dine optagelser er skarpe og klare uden afbrydelser.<\/p>\n<p>SkyHawk inkluderer SkyHawk Health Management, som er kompatibel med systemer fra HikVision og Dahua. Dette system overv\u00e5ger l\u00f8bende harddiskens tilstand og giver anbefalinger til forebyggende foranstaltninger, hvilket yderligere forbedrer drevets p\u00e5lidelighed og levetid. Med en gennemsnitlig tid mellem fejl (MTBF) p\u00e5 1 million timer og en start-stop-cyklus p\u00e5 600.000, kan du v\u00e6re sikker p\u00e5, at denne harddisk vil levere p\u00e5lidelig ydeevne d\u00f8gnet rundt.<\/p>\n<p>Denne harddisk tilbyder en overf\u00f8rselshastighed p\u00e5 6 Gbit\/s og en vedvarende overf\u00f8rselshastighed p\u00e5 180 MiB\/s, hvilket sikrer hurtig og effektiv dataoverf\u00f8rsel. Med en bufferst\u00f8rrelse p\u00e5 256 MB, RV-sensorer og et str\u00f8mforbrug p\u00e5 kun 3,7 W ved l\u00e6sning og skrivning er SkyHawk b\u00e5de kraftfuld og energieffektiv.<\/p>\n<p>For ekstra ro i sindet er der inkluderet en tre-\u00e5rig begr\u00e6nset garanti samt Seagates eksklusive Rescue Data Recovery Services, der giver dig langsigtet ro i sindet ved at beskytte dine data mod uventede h\u00e6ndelser.<\/p>\n<p><strong>Egenskaber:<\/strong><\/p>\n<ul>\n<li><strong>Kapacitet:<\/strong> 4TB<\/li>\n<li><strong>Formfaktor:<\/strong> 3,5\u2033<\/li>\n<li><strong>Interface:<\/strong> SATA 6,0 Gbit\/s<\/li>\n<li><strong>Bufferst\u00f8rrelse:<\/strong> 256 MB<\/li>\n<li><strong>Opretholdt overf\u00f8rselshastighed:<\/strong> 180 MiB\/s<\/li>\n<li><strong>24\/7 drift:<\/strong> Ja<\/li>\n<li><strong>RV sensorer:<\/strong> Ja<\/li>\n<li><strong>Maksimalt antal underst\u00f8ttede kameraer:<\/strong> 64<\/li>\n<li><strong>Mean Time Between Failure (MTBF):<\/strong> 1.000.000 timer<\/li>\n<li><strong>Start og stop cyklus:<\/strong> 600,000<\/li>\n<li><strong>Str\u00f8mforbrug (l\u00e6se\/skrive):<\/strong> 3,7W<\/li>\n<li><strong>Str\u00f8mforbrug (dvaletilstand):<\/strong> 2,5W<\/li>\n<li><strong>Driftssp\u00e6nding:<\/strong> 5\/12 V<\/li>\n<li><strong>Temperatur under drift:<\/strong> 0 \u2013 65 \u00b0C<\/li>\n<li><strong>V\u00e6gt:<\/strong> 490 g<\/li>\n<li><strong>Dimensioner (B x H x D):<\/strong> 101,85 mm x 20,2 mm x 146,99 mm<\/li>\n<li><strong>HS kode:<\/strong> 84717050<\/li>\n<\/ul>","protected":false},"excerpt":{"rendered":"<p><strong>Seagate SkyHawk ST4000VX016 \u2013 4TB 3,5&quot; SATA-harddisk<\/strong><\/p>\n<p>SkyHawk er designet til videosystemer, ideel til DVR- og NVR-systemer, der underst\u00f8tter op til 64 HD-kameraer. Med ImagePerfect-teknologi og SkyHawk Health Management sikrer det p\u00e5lidelig og kontinuerlig videooptagelse. Den tilbyder hurtig dataoverf\u00f8rsel p\u00e5 6 Gbit\/s, en vedvarende overf\u00f8rselshastighed p\u00e5 180 MiB\/s og har en bufferst\u00f8rrelse p\u00e5 256 MB. Inkluderer tre \u00e5rs Seagate Rescue Data Recovery for ekstra databeskyttelse.<\/p>","protected":false},"featured_media":137186,"template":"","meta":{"_acf_changed":false},"product_brand":[],"product_cat":[3261],"product_tag":[],"class_list":{"0":"post-96405","1":"product","2":"type-product","3":"status-publish","4":"has-post-thumbnail","6":"product_cat-hdd-harddisk-3-5","7":"product_shipping_class-tunga-paket","8":"pa_brands-seagate","9":"tm-no-options","11":"first","12":"outofstock","13":"taxable","14":"shipping-taxable","15":"purchasable","16":"product-type-simple"},"acf":[],"_links":{"self":[{"href":"https:\/\/secureus.se\/dk\/wp-json\/wp\/v2\/product\/96405","targetHints":{"allow":["GET"]}}],"collection":[{"href":"https:\/\/secureus.se\/dk\/wp-json\/wp\/v2\/product"}],"about":[{"href":"https:\/\/secureus.se\/dk\/wp-json\/wp\/v2\/types\/product"}],"wp:featuredmedia":[{"embeddable":true,"href":"https:\/\/secureus.se\/dk\/wp-json\/wp\/v2\/media\/137186"}],"wp:attachment":[{"href":"https:\/\/secureus.se\/dk\/wp-json\/wp\/v2\/media?parent=96405"}],"wp:term":[{"taxonomy":"product_brand","embeddable":true,"href":"https:\/\/secureus.se\/dk\/wp-json\/wp\/v2\/product_brand?post=96405"},{"taxonomy":"product_cat","embeddable":true,"href":"https:\/\/secureus.se\/dk\/wp-json\/wp\/v2\/product_cat?post=96405"},{"taxonomy":"product_tag","embeddable":true,"href":"https:\/\/secureus.se\/dk\/wp-json\/wp\/v2\/product_tag?post=96405"}],"curies":[{"name":"wp","href":"https:\/\/api.w.org\/{rel}","templated":true}]}}