{"id":96662,"date":"2022-06-28T12:30:53","date_gmt":"2022-06-28T10:30:53","guid":{"rendered":"https:\/\/secureus.se\/kombidet-ir-mw-tak-dd669am\/"},"modified":"2026-04-08T16:47:20","modified_gmt":"2026-04-08T14:47:20","slug":"kombidet-ir-mw-tak-dd669am","status":"publish","type":"product","link":"https:\/\/secureus.se\/dk\/kombidet-ir-mw-tak-dd669am\/","title":{"rendered":"UTC Kombidetektor Ir\/Mw Tak Dd669Am Antimask"},"content":{"rendered":"<h1>UTC Kombidetektor Ir\/Mw Tak Dd669Am Antimask<\/h1>\n<p data-start=\"388\" data-end=\"879\">UTC-kombinationsdetektoren IR\/MW-loftdetektoren DD669AM tilh\u00f8rer DD669-serien og tilbyder en kombination af PIR (passiv infrar\u00f8d) og mikrob\u00f8lgedetektion for maksimal pr\u00e6cision i forskellige milj\u00f8er.<\/p>\n<p data-start=\"388\" data-end=\"879\">Detektoren er udstyret med maskeringsbeskyttelse og en unik spejloptikteknologi, der garanterer fuldst\u00e6ndig detektion uden at ubudne g\u00e6ster kan undslippe.<\/p>\n<p data-start=\"388\" data-end=\"879\">Med 18 gardiner giver DD669AM et beskyttet omr\u00e5de p\u00e5 op til 20 meter i diameter, hvilket sikrer, at hele rummet eller omr\u00e5det er effektivt d\u00e6kket.<\/p>\n<p data-start=\"881\" data-end=\"1230\">4D-signalbehandling og Bi-curtain-behandling g\u00f8r detektoren i stand til at skelne mellem rigtige ubudne g\u00e6ster og jammingsignaler, hvilket g\u00f8r den s\u00e6rligt nyttig i vanskelige milj\u00f8er.<\/p>\n<p data-start=\"881\" data-end=\"1230\">5,8 GHz radarteknologien med r\u00e6kkeviddejustering giver dig mulighed for at justere detektionsomr\u00e5det for at forhindre falske alarmer fra bev\u00e6gelser uden for den angivne afstand.<\/p>\n<p data-start=\"1232\" data-end=\"1424\">Installationen af DD669AM er enkel og kan indbygges i loftet ved hj\u00e6lp af 360FM-tilbeh\u00f8ret, hvilket giver en stilfuld og diskret installation, hvor kun den \u00f8verste del af sensoren er synlig.<\/p>\n<p data-start=\"1426\" data-end=\"1455\"><strong data-start=\"1426\" data-end=\"1454\">Tekniske specifikationer<\/strong>:<\/p>\n<ul data-start=\"1456\" data-end=\"1866\">\n<li data-start=\"1456\" data-end=\"1497\">\n<p data-start=\"1458\" data-end=\"1497\"><strong data-start=\"1458\" data-end=\"1482\">Sp\u00e6nding (under drift)<\/strong>9 til 15 VDC<\/p>\n<\/li>\n<li data-start=\"1498\" data-end=\"1527\">\n<p data-start=\"1500\" data-end=\"1527\"><strong data-start=\"1500\" data-end=\"1520\">Str\u00f8mforbrug<\/strong>: 12mA<\/p>\n<\/li>\n<li data-start=\"1528\" data-end=\"1558\">\n<p data-start=\"1530\" data-end=\"1558\"><strong data-start=\"1530\" data-end=\"1555\">Certificeret alarmklasse<\/strong>: 3<\/p>\n<\/li>\n<li data-start=\"1559\" data-end=\"1613\">\n<p data-start=\"1561\" data-end=\"1613\"><strong data-start=\"1561\" data-end=\"1583\">Detektionsomr\u00e5de<\/strong>Op til 20 meter i diameter<\/p>\n<\/li>\n<li data-start=\"1614\" data-end=\"1646\">\n<p data-start=\"1616\" data-end=\"1646\"><strong data-start=\"1616\" data-end=\"1637\">Frekvensmikrob\u00f8lge<\/strong>: 5,8 GHz<\/p>\n<\/li>\n<li data-start=\"1647\" data-end=\"1671\">\n<p data-start=\"1649\" data-end=\"1671\"><strong data-start=\"1649\" data-end=\"1667\">Maskeringsbeskyttelse<\/strong>: Ja<\/p>\n<\/li>\n<li data-start=\"1672\" data-end=\"1701\">\n<p data-start=\"1674\" data-end=\"1701\"><strong data-start=\"1674\" data-end=\"1697\">4D-signalbehandling<\/strong>: Ja<\/p>\n<\/li>\n<li data-start=\"1702\" data-end=\"1729\">\n<p data-start=\"1704\" data-end=\"1729\"><strong data-start=\"1704\" data-end=\"1725\">Behandling med to gardiner<\/strong>: Ja<\/p>\n<\/li>\n<li data-start=\"1730\" data-end=\"1759\">\n<p data-start=\"1732\" data-end=\"1759\"><strong data-start=\"1732\" data-end=\"1755\">Afstandsindstilling<\/strong>: Ja<\/p>\n<\/li>\n<li data-start=\"1760\" data-end=\"1821\">\n<p data-start=\"1762\" data-end=\"1821\"><strong data-start=\"1762\" data-end=\"1784\">Installationsmetode<\/strong>Planfors\u00e6nket montering med 360FM-tilbeh\u00f8r<\/p>\n<\/li>\n<li data-start=\"1822\" data-end=\"1866\">\n<p data-start=\"1824\" data-end=\"1866\"><strong data-start=\"1824\" data-end=\"1832\">M\u00e5le<\/strong>Standardm\u00e5l for loftsinstallation<\/p>\n<\/li>\n<\/ul>","protected":false},"excerpt":{"rendered":"<p>UTC DD669AM er en avanceret kombinationsdetektor med PIR- og mikrob\u00f8lgeteknologi, perfekt til loftinstallationer.<\/p>\n<p>Med maskeringsbeskyttelse, 20 meter detektion og 4D-signalbehandling tilbyder denne detektor den h\u00f8jeste pr\u00e6cision og stabilitet.<\/p>","protected":false},"featured_media":144028,"template":"","meta":{"_acf_changed":false},"product_brand":[],"product_cat":[1325],"product_tag":[2146],"class_list":{"0":"post-96662","1":"product","2":"type-product","3":"status-publish","4":"has-post-thumbnail","6":"product_cat-larmgivare-skalskydd","7":"product_tag-rorelsedetektor-kombidetektorer","8":"product_shipping_class-tunga-paket","9":"pa_brands-aritech","10":"tm-no-options","12":"first","13":"instock","14":"sale","15":"taxable","16":"shipping-taxable","17":"purchasable","18":"product-type-simple"},"acf":[],"_links":{"self":[{"href":"https:\/\/secureus.se\/dk\/wp-json\/wp\/v2\/product\/96662","targetHints":{"allow":["GET"]}}],"collection":[{"href":"https:\/\/secureus.se\/dk\/wp-json\/wp\/v2\/product"}],"about":[{"href":"https:\/\/secureus.se\/dk\/wp-json\/wp\/v2\/types\/product"}],"wp:featuredmedia":[{"embeddable":true,"href":"https:\/\/secureus.se\/dk\/wp-json\/wp\/v2\/media\/144028"}],"wp:attachment":[{"href":"https:\/\/secureus.se\/dk\/wp-json\/wp\/v2\/media?parent=96662"}],"wp:term":[{"taxonomy":"product_brand","embeddable":true,"href":"https:\/\/secureus.se\/dk\/wp-json\/wp\/v2\/product_brand?post=96662"},{"taxonomy":"product_cat","embeddable":true,"href":"https:\/\/secureus.se\/dk\/wp-json\/wp\/v2\/product_cat?post=96662"},{"taxonomy":"product_tag","embeddable":true,"href":"https:\/\/secureus.se\/dk\/wp-json\/wp\/v2\/product_tag?post=96662"}],"curies":[{"name":"wp","href":"https:\/\/api.w.org\/{rel}","templated":true}]}}