{"id":96705,"date":"2024-08-08T19:53:27","date_gmt":"2024-08-08T17:53:27","guid":{"rendered":"https:\/\/secureus.se\/?post_type=product&#038;p=96705"},"modified":"2026-04-08T15:50:10","modified_gmt":"2026-04-08T13:50:10","slug":"fonsterlas-280-lag-hake-nickel","status":"publish","type":"product","link":"https:\/\/secureus.se\/dk\/fonsterlas-280-lag-hake-nickel\/","title":{"rendered":"Vinduesl\u00e5s 280 Nikkel med Skrue"},"content":{"rendered":"<p>Vinduesl\u00e5s 280 fra ROCA med 15 mm lav krog til udadg\u00e5ende vinduer. Anvendes til vinduer uden paskvil eller h\u00e5ndtag. Leveres med skruer.<\/p>\n<p><b>Egenskaber:<\/b><\/p>\n<ul>\n<li>Materiale Zamak med st\u00e5lskruering<\/li>\n<li>Overfladebehandling: Forniklet<\/li>\n<\/ul>","protected":false},"excerpt":{"rendered":"<p>F\u00f6nsterl\u00e5s 280 fr\u00e5n ROCA med 15 mm l\u00e5g hake f\u00f6r ut\u00e5tg\u00e5ende f\u00f6nster. Anv\u00e4nds till f\u00f6nster som inte har spanjolett eller handtag. Levereras med skruv. Egenskaper: Material Zamak med skruv\u00f6gla av<\/p>","protected":false},"featured_media":136933,"template":"","meta":{"_acf_changed":false},"product_brand":[],"product_cat":[4111],"product_tag":[],"class_list":{"0":"post-96705","1":"product","2":"type-product","3":"status-publish","4":"has-post-thumbnail","6":"product_cat-fonsterlas","7":"product_shipping_class-postnord-varubrev","8":"pa_brands-roca","9":"tm-no-options","11":"first","12":"instock","13":"sale","14":"taxable","15":"shipping-taxable","16":"purchasable","17":"product-type-simple"},"acf":[],"_links":{"self":[{"href":"https:\/\/secureus.se\/dk\/wp-json\/wp\/v2\/product\/96705","targetHints":{"allow":["GET"]}}],"collection":[{"href":"https:\/\/secureus.se\/dk\/wp-json\/wp\/v2\/product"}],"about":[{"href":"https:\/\/secureus.se\/dk\/wp-json\/wp\/v2\/types\/product"}],"wp:featuredmedia":[{"embeddable":true,"href":"https:\/\/secureus.se\/dk\/wp-json\/wp\/v2\/media\/136933"}],"wp:attachment":[{"href":"https:\/\/secureus.se\/dk\/wp-json\/wp\/v2\/media?parent=96705"}],"wp:term":[{"taxonomy":"product_brand","embeddable":true,"href":"https:\/\/secureus.se\/dk\/wp-json\/wp\/v2\/product_brand?post=96705"},{"taxonomy":"product_cat","embeddable":true,"href":"https:\/\/secureus.se\/dk\/wp-json\/wp\/v2\/product_cat?post=96705"},{"taxonomy":"product_tag","embeddable":true,"href":"https:\/\/secureus.se\/dk\/wp-json\/wp\/v2\/product_tag?post=96705"}],"curies":[{"name":"wp","href":"https:\/\/api.w.org\/{rel}","templated":true}]}}