{"id":96733,"date":"2024-08-08T21:47:47","date_gmt":"2024-08-08T19:47:47","guid":{"rendered":"https:\/\/secureus.se\/?post_type=product&#038;p=96733"},"modified":"2026-04-08T15:57:40","modified_gmt":"2026-04-08T13:57:40","slug":"handtag-835s-rakt-7-8-sprint-krom","status":"publish","type":"product","link":"https:\/\/secureus.se\/dk\/handtag-835s-rakt-7-8-sprint-krom\/","title":{"rendered":"Spagnoleth\u00e5ndtag H\u00e5ndtag 835S Lige 7\/8 Sprint Chrome \u2013 Assa Abloy"},"content":{"rendered":"<p>\nASSA ABLOY 835S er et afl\u00e5seligt greb, der bruges p\u00e5 indersiden af vinduesd\u00f8re, vinduer og skabsl\u00e5ger, der har h\u00e6ngsel og skal sikres mod indbrud og uautoriseret \u00e5bning.<br \/>\n<b>OPM\u00c6RKSOMHED! Angiv stiftl\u00e6ngden og om stiften skal v\u00e6re 7 eller 8 mm.<\/b><\/p>\n<div><\/div>\n<div><b>Egenskaber:\u00a0\u00a0<\/b><\/div>\n<div>\n<ul>\n<li>L\u00e5sbar med oval cylinder (medf\u00f8lger ikke)<\/li>\n<li>Cylinderhus d\u00e6kker hele den syv-benede cylinder<\/li>\n<li>Godkendt i henhold til SS 3620 klasse B<\/li>\n<li>L\u00e5sning ved at dreje n\u00f8glen<\/li>\n<li>N\u00f8glen kan tages ud i ul\u00e5st position.\u00a0<\/li>\n<li>H\u00e5ndtaget har en glidekobling, der virker ved overbelastning og forhindrer brud p\u00e5 l\u00e5semekanismen ved indbrudsfors\u00f8g og uautoriseret \u00e5bning indefra.\u00a0<\/li>\n<li>Der er ogs\u00e5 en model med mikroswitch\u00a0<\/li>\n<\/ul>\n<p><b>Varianter:<\/b><\/p>\n<ul>\n<li>835S: L\u00e5se med n\u00f8gledrejning.\u00a0<\/li>\n<li>837S: L\u00e5ser automatisk, n\u00e5r h\u00e5ndtaget drejes til lukket position.\u00a0<\/li>\n<li>8350S: Med modtager til medbringer fra udvendig cylinder. Muligg\u00f8r l\u00e5sning fra begge sider<\/li>\n<\/ul>\n<\/div>\n<div><\/div>\n<div><b>Tilbeh\u00f8r:<\/b>\u00a0<\/div>\n<div>\n<ul>\n<li>Standard oval cylinder<\/li>\n<li>Skive 841S<\/li>\n<li>Fastg\u00f8relsesplade 5325<\/li>\n<li>H\u00e5ndtagskoblinger 833, 833\/16 eller 961, bruges n\u00e5r h\u00e5ndtag skal monteres p\u00e5 begge sider<\/li>\n<\/ul>\n<\/div>","protected":false},"excerpt":{"rendered":"<p>ASSA ABLOY 835S er et afl\u00e5seligt greb, der bruges p\u00e5 indersiden af vinduesd\u00f8re, vinduer og skabsl\u00e5ger, der har h\u00e6ngsel og skal sikres mod indbrud og uautoriseret \u00e5bning. OPM\u00c6RKSOMHED! Tilstand<\/p>","protected":false},"featured_media":136751,"template":"","meta":{"_acf_changed":false},"product_brand":[],"product_cat":[4113,4126,4127],"product_tag":[],"class_list":{"0":"post-96733","1":"product","2":"type-product","3":"status-publish","4":"has-post-thumbnail","6":"product_cat-spanjoletthandtag","7":"product_cat-fonsterhandtag","8":"product_cat-handtag-altandorr","9":"product_shipping_class-postnord-varubrev","10":"pa_brands-abloy","11":"tm-no-options","13":"first","14":"onbackorder","15":"sale","16":"taxable","17":"shipping-taxable","18":"purchasable","19":"product-type-simple"},"acf":[],"_links":{"self":[{"href":"https:\/\/secureus.se\/dk\/wp-json\/wp\/v2\/product\/96733","targetHints":{"allow":["GET"]}}],"collection":[{"href":"https:\/\/secureus.se\/dk\/wp-json\/wp\/v2\/product"}],"about":[{"href":"https:\/\/secureus.se\/dk\/wp-json\/wp\/v2\/types\/product"}],"wp:featuredmedia":[{"embeddable":true,"href":"https:\/\/secureus.se\/dk\/wp-json\/wp\/v2\/media\/136751"}],"wp:attachment":[{"href":"https:\/\/secureus.se\/dk\/wp-json\/wp\/v2\/media?parent=96733"}],"wp:term":[{"taxonomy":"product_brand","embeddable":true,"href":"https:\/\/secureus.se\/dk\/wp-json\/wp\/v2\/product_brand?post=96733"},{"taxonomy":"product_cat","embeddable":true,"href":"https:\/\/secureus.se\/dk\/wp-json\/wp\/v2\/product_cat?post=96733"},{"taxonomy":"product_tag","embeddable":true,"href":"https:\/\/secureus.se\/dk\/wp-json\/wp\/v2\/product_tag?post=96733"}],"curies":[{"name":"wp","href":"https:\/\/api.w.org\/{rel}","templated":true}]}}