{"id":96755,"date":"2024-08-08T21:47:54","date_gmt":"2024-08-08T19:47:54","guid":{"rendered":"https:\/\/secureus.se\/?post_type=product&#038;p=96755"},"modified":"2026-03-25T15:41:31","modified_gmt":"2026-03-25T14:41:31","slug":"handtag-17-8x43-krom","status":"publish","type":"product","link":"https:\/\/secureus.se\/dk\/handtag-17-8x43-krom\/","title":{"rendered":"Spagnoleth\u00e5ndtag H\u00e5ndtag 17 8X43 Krom \u2013 Assa Abloy"},"content":{"rendered":"<div>ASSA ABLOY Hantdag 17 anvendes til d\u00f8re med panikepauletter. I lukket stilling skal h\u00e5ndtaget st\u00e5 i vandret stilling, hvor det fastholdes med en kuglel\u00e5s.<\/div>\n<div>\n<b>Egenskaber: <\/b><\/div>\n<div>\n<ul>\n<li>Sprint af 8 mm galvaniseret firkantst\u00e5l.<\/li>\n<li>Sprintl\u00e6ngde 43 mm.<\/li>\n<li>I lukket stilling skal h\u00e5ndtaget v\u00e6re vandret, hvor det holdes p\u00e5 plads af en kuglel\u00e5s.<\/li>\n<li>Materiale: Zamak metal<\/li>\n<li>Anbefalet skrue: TKFX 4,0 mm.<\/li>\n<\/ul>\n<\/div>\n<div><\/div>\n<div><\/div>","protected":false},"excerpt":{"rendered":"<p>ASSA ABLOY Hantdag 17 anvendes til d\u00f8re med panik-epauletter. I lukket stilling skal h\u00e5ndtaget v\u00e6re i vandret stilling, hvor det holdes p\u00e5 plads af en kuglel\u00e5s. Funktioner: Sprint p\u00e5 8 mm<\/p>","protected":false},"featured_media":137862,"template":"","meta":{"_acf_changed":false},"product_brand":[],"product_cat":[4113],"product_tag":[],"class_list":{"0":"post-96755","1":"product","2":"type-product","3":"status-publish","4":"has-post-thumbnail","6":"product_cat-spanjoletthandtag","7":"product_shipping_class-postnord-varubrev","8":"pa_brands-abloy","9":"tm-no-options","11":"first","12":"instock","13":"sale","14":"taxable","15":"shipping-taxable","16":"purchasable","17":"product-type-simple"},"acf":[],"_links":{"self":[{"href":"https:\/\/secureus.se\/dk\/wp-json\/wp\/v2\/product\/96755","targetHints":{"allow":["GET"]}}],"collection":[{"href":"https:\/\/secureus.se\/dk\/wp-json\/wp\/v2\/product"}],"about":[{"href":"https:\/\/secureus.se\/dk\/wp-json\/wp\/v2\/types\/product"}],"wp:featuredmedia":[{"embeddable":true,"href":"https:\/\/secureus.se\/dk\/wp-json\/wp\/v2\/media\/137862"}],"wp:attachment":[{"href":"https:\/\/secureus.se\/dk\/wp-json\/wp\/v2\/media?parent=96755"}],"wp:term":[{"taxonomy":"product_brand","embeddable":true,"href":"https:\/\/secureus.se\/dk\/wp-json\/wp\/v2\/product_brand?post=96755"},{"taxonomy":"product_cat","embeddable":true,"href":"https:\/\/secureus.se\/dk\/wp-json\/wp\/v2\/product_cat?post=96755"},{"taxonomy":"product_tag","embeddable":true,"href":"https:\/\/secureus.se\/dk\/wp-json\/wp\/v2\/product_tag?post=96755"}],"curies":[{"name":"wp","href":"https:\/\/api.w.org\/{rel}","templated":true}]}}