{"id":96762,"date":"2024-08-08T21:47:49","date_gmt":"2024-08-08T19:47:49","guid":{"rendered":"https:\/\/secureus.se\/?post_type=product&#038;p=96762"},"modified":"2025-08-15T19:41:08","modified_gmt":"2025-08-15T17:41:08","slug":"handtag-bjorko-30s-rak-8x43-krom","status":"publish","type":"product","link":"https:\/\/secureus.se\/dk\/handtag-bjorko-30s-rak-8x43-krom\/","title":{"rendered":"Vinduesgreb H\u00e5ndtag Bj\u00f6rk\u00f6 30S Lige 8X43 Krom \u2013 Roca"},"content":{"rendered":"<div>ROCA Bj\u00f6rk\u00f6 WH-B 30S er et lige vinduesgreb med bundplade 30 og styrestifter til lige og p\u00e6n montering. Med faste endepositioner til \u201cTipp-Dreh\u201d vinduer. H\u00e5ndtaget f\u00e5s i venstre, h\u00f8jre og lige versioner. Bj\u00f6rk\u00f6-serien er et vinduesgreb i moderne tidl\u00f8st retrodesign, der smelter ind i og fremh\u00e6ver de fleste arkitektoniske stilarter \u2013 jugendstil, funktionalisme og moderne arkitektur.<\/div>\n<div><b>Egenskaber:<\/b><\/div>\n<div>\n<ul>\n<li>C\/C fastg\u00f8relse: 43 mm<\/li>\n<li>Sprintm\u00e5l: 8X43 mm<\/li>\n<li>Materialeh\u00e5ndtag: Zink-aluminiumslegering<\/li>\n<li>Materiale bolt: Galvaniseret st\u00e5l<\/li>\n<li>Overfladebehandling: Forkromet<\/li>\n<\/ul>\n<\/div>","protected":false},"excerpt":{"rendered":"<p>ROCA Bj\u00f6rk\u00f6 WH-B 30S er et lige vinduesgreb med bundplade 30 og styrestifter til lige og p\u00e6n montering. Med faste endepositioner til \u201cTipp-Dreh\u201d vinduer. H\u00e5ndtaget f\u00e5s i venstre, h\u00f8jre og<\/p>","protected":false},"featured_media":136717,"template":"","meta":{"_acf_changed":false},"product_brand":[],"product_cat":[4126],"product_tag":[],"class_list":{"0":"post-96762","1":"product","2":"type-product","3":"status-publish","4":"has-post-thumbnail","6":"product_cat-fonsterhandtag","7":"product_shipping_class-postnord-varubrev","8":"pa_brands-roca","9":"tm-no-options","11":"first","12":"outofstock","13":"sale","14":"taxable","15":"shipping-taxable","16":"purchasable","17":"product-type-simple"},"acf":[],"_links":{"self":[{"href":"https:\/\/secureus.se\/dk\/wp-json\/wp\/v2\/product\/96762","targetHints":{"allow":["GET"]}}],"collection":[{"href":"https:\/\/secureus.se\/dk\/wp-json\/wp\/v2\/product"}],"about":[{"href":"https:\/\/secureus.se\/dk\/wp-json\/wp\/v2\/types\/product"}],"wp:featuredmedia":[{"embeddable":true,"href":"https:\/\/secureus.se\/dk\/wp-json\/wp\/v2\/media\/136717"}],"wp:attachment":[{"href":"https:\/\/secureus.se\/dk\/wp-json\/wp\/v2\/media?parent=96762"}],"wp:term":[{"taxonomy":"product_brand","embeddable":true,"href":"https:\/\/secureus.se\/dk\/wp-json\/wp\/v2\/product_brand?post=96762"},{"taxonomy":"product_cat","embeddable":true,"href":"https:\/\/secureus.se\/dk\/wp-json\/wp\/v2\/product_cat?post=96762"},{"taxonomy":"product_tag","embeddable":true,"href":"https:\/\/secureus.se\/dk\/wp-json\/wp\/v2\/product_tag?post=96762"}],"curies":[{"name":"wp","href":"https:\/\/api.w.org\/{rel}","templated":true}]}}