{"id":96770,"date":"2024-08-08T21:47:50","date_gmt":"2024-08-08T19:47:50","guid":{"rendered":"https:\/\/secureus.se\/?post_type=product&#038;p=96770"},"modified":"2025-09-15T12:05:20","modified_gmt":"2025-09-15T10:05:20","slug":"handtag-ingaro-30r-hoger-8x43-krom","status":"publish","type":"product","link":"https:\/\/secureus.se\/dk\/handtag-ingaro-30r-hoger-8x43-krom\/","title":{"rendered":"Vinduesgreb H\u00e5ndtag Ingar\u00f6 30R H\u00f8jre 8X43 Krom \u2013 Roca"},"content":{"rendered":"<div>ROCA Ingar\u00f6 WH-I 30R er et h\u00f8jre vinduesgreb med bundplade 30 og styrestifter til lige og p\u00e6n montering. Med faste endepositioner til \u201cTipp-Dreh\u201d vinduer. H\u00e5ndtaget f\u00e5s i venstre, h\u00f8jre og lige versioner. Ingar\u00f6-serien har et klassisk design og er specielt udviklet til at passe til traditionelle vinduer, men som ogs\u00e5 kan give et almindeligt pr\u00e6g til mere moderne vinduer og vinduesd\u00f8re.<\/div>\n<div><b>Egenskaber:<\/b><\/div>\n<div>\n<ul>\n<li>C\/C fastg\u00f8relse: 43 mm<\/li>\n<li>Sprintm\u00e5l: 8\u00d743 mm<\/li>\n<li>Materialeh\u00e5ndtag: Zink-aluminiumslegering<\/li>\n<li>Materiale bolt: Galvaniseret st\u00e5l<\/li>\n<li>Overfladebehandling: Forkromet<\/li>\n<\/ul>\n<\/div>","protected":false},"excerpt":{"rendered":"<p>ROCA Ingar\u00f6 WH-I 30R er et h\u00f8jre vinduesgreb med bundplade 30 og styrestifter til lige og p\u00e6n montering. Med faste endepositioner til \u201cTipp-Dreh\u201d vinduer. H\u00e5ndtaget f\u00e5s i venstre, h\u00f8jre og<\/p>","protected":false},"featured_media":137142,"template":"","meta":{"_acf_changed":false},"product_brand":[],"product_cat":[4126,4127],"product_tag":[],"class_list":{"0":"post-96770","1":"product","2":"type-product","3":"status-publish","4":"has-post-thumbnail","6":"product_cat-fonsterhandtag","7":"product_cat-handtag-altandorr","8":"product_shipping_class-postnord-varubrev","9":"pa_brands-roca","10":"tm-no-options","12":"first","13":"onbackorder","14":"sale","15":"taxable","16":"shipping-taxable","17":"purchasable","18":"product-type-simple"},"acf":[],"_links":{"self":[{"href":"https:\/\/secureus.se\/dk\/wp-json\/wp\/v2\/product\/96770","targetHints":{"allow":["GET"]}}],"collection":[{"href":"https:\/\/secureus.se\/dk\/wp-json\/wp\/v2\/product"}],"about":[{"href":"https:\/\/secureus.se\/dk\/wp-json\/wp\/v2\/types\/product"}],"wp:featuredmedia":[{"embeddable":true,"href":"https:\/\/secureus.se\/dk\/wp-json\/wp\/v2\/media\/137142"}],"wp:attachment":[{"href":"https:\/\/secureus.se\/dk\/wp-json\/wp\/v2\/media?parent=96770"}],"wp:term":[{"taxonomy":"product_brand","embeddable":true,"href":"https:\/\/secureus.se\/dk\/wp-json\/wp\/v2\/product_brand?post=96770"},{"taxonomy":"product_cat","embeddable":true,"href":"https:\/\/secureus.se\/dk\/wp-json\/wp\/v2\/product_cat?post=96770"},{"taxonomy":"product_tag","embeddable":true,"href":"https:\/\/secureus.se\/dk\/wp-json\/wp\/v2\/product_tag?post=96770"}],"curies":[{"name":"wp","href":"https:\/\/api.w.org\/{rel}","templated":true}]}}