{"id":96772,"date":"2024-08-08T21:47:50","date_gmt":"2024-08-08T19:47:50","guid":{"rendered":"https:\/\/secureus.se\/?post_type=product&#038;p=96772"},"modified":"2026-03-25T15:34:53","modified_gmt":"2026-03-25T14:34:53","slug":"handtag-london-013vk-350kl-vanster-oval-8x00-f1-silver","status":"publish","type":"product","link":"https:\/\/secureus.se\/dk\/handtag-london-013vk-350kl-vanster-oval-8x00-f1-silver\/","title":{"rendered":"Espagnolet h\u00e5ndtag H\u00e5ndtag London 013VK\/350KL Venstre Oval 8X00 F1 S\u00f8lv \u2013 HOPPE"},"content":{"rendered":"<div>HOPPE London 13VK\/350KL er en grebsserie med lang plade til vinduesd\u00f8re med afl\u00e5selige spaniels. Med udsparing i den lange plade til oval l\u00e5secylinder type 1207 eller 1307. Fremstillet i aluminium. Opfylder krav til nikkelaflejring - allergigodkendt.<\/div>\n<div><b><br \/>Egenskaber:<\/b><\/div>\n<div>\n<ul>\n<li>Venstresving<\/li>\n<li>Lang plade til oval oval l\u00e5secylinder<\/li>\n<li>Sprint diameter: 8 mm<\/li>\n<li>Sprintl\u00e6ngde: 0 mm<\/li>\n<li>Distinkte positioner: 90\u00b0<\/li>\n<li>Materiale: aluminium<\/li>\n<li>Farve: F1 Aluminium s\u00f8lvfarvet<\/li>\n<li>Opfylder krav til nikkelaflejring - allergigodkendt.<\/li>\n<\/ul>\n<\/div>","protected":false},"excerpt":{"rendered":"<p>HOPPE London 13VK\/350KL er en grebsserie med lang plade til vinduesd\u00f8re med afl\u00e5selige spaniels. Med udsparing i den lange plade til oval l\u00e5secylinder type 1207 eller 1307. Fremstillet i aluminium. Opfylder kravene til<\/p>","protected":false},"featured_media":137130,"template":"","meta":{"_acf_changed":false},"product_brand":[],"product_cat":[4113,4126,4127],"product_tag":[],"class_list":{"0":"post-96772","1":"product","2":"type-product","3":"status-publish","4":"has-post-thumbnail","6":"product_cat-spanjoletthandtag","7":"product_cat-fonsterhandtag","8":"product_cat-handtag-altandorr","9":"product_shipping_class-postnord-varubrev","10":"pa_brands-hoppe","11":"tm-no-options","13":"first","14":"instock","15":"sale","16":"taxable","17":"shipping-taxable","18":"purchasable","19":"product-type-simple"},"acf":[],"_links":{"self":[{"href":"https:\/\/secureus.se\/dk\/wp-json\/wp\/v2\/product\/96772","targetHints":{"allow":["GET"]}}],"collection":[{"href":"https:\/\/secureus.se\/dk\/wp-json\/wp\/v2\/product"}],"about":[{"href":"https:\/\/secureus.se\/dk\/wp-json\/wp\/v2\/types\/product"}],"wp:featuredmedia":[{"embeddable":true,"href":"https:\/\/secureus.se\/dk\/wp-json\/wp\/v2\/media\/137130"}],"wp:attachment":[{"href":"https:\/\/secureus.se\/dk\/wp-json\/wp\/v2\/media?parent=96772"}],"wp:term":[{"taxonomy":"product_brand","embeddable":true,"href":"https:\/\/secureus.se\/dk\/wp-json\/wp\/v2\/product_brand?post=96772"},{"taxonomy":"product_cat","embeddable":true,"href":"https:\/\/secureus.se\/dk\/wp-json\/wp\/v2\/product_cat?post=96772"},{"taxonomy":"product_tag","embeddable":true,"href":"https:\/\/secureus.se\/dk\/wp-json\/wp\/v2\/product_tag?post=96772"}],"curies":[{"name":"wp","href":"https:\/\/api.w.org\/{rel}","templated":true}]}}