{"id":96775,"date":"2024-08-08T21:47:50","date_gmt":"2024-08-08T19:47:50","guid":{"rendered":"https:\/\/secureus.se\/?post_type=product&#038;p=96775"},"modified":"2026-04-23T12:12:55","modified_gmt":"2026-04-23T10:12:55","slug":"handtag-tokyo-1710-93s-rakt-7x43-f1-silver","status":"publish","type":"product","link":"https:\/\/secureus.se\/dk\/handtag-tokyo-1710-93s-rakt-7x43-f1-silver\/","title":{"rendered":"Vinduesgreb H\u00e5ndtag Tokyo 1710\/93S Lige 7X43 F1 S\u00f8lv \u2013 HOPPE"},"content":{"rendered":"<div>HOPPE Tokyo 0710\/93S er et l\u00e5sbart sikkerhedsgreb til vindue og vinduesd\u00f8r. I kombination med oval l\u00e5secylinder standardmodel type 1201 eller 1301 er den godkendt af Svenska Brand och S\u00e4kerhetscertificering AB, standard SS3620 Klasse B. Fremstillet af aluminium. Opfylder krav til nikkelallergi - godkendt til allergikere.<\/div>\n<div><b>Egenskaber:<\/b><\/div>\n<div>\n<ul>\n<li>L\u00e5sbar med oval l\u00e5secylinder (7-benet)<\/li>\n<li>Godkendt i henhold til SS 3620:2010 \u2013 Klasse B<\/li>\n<li>Sprint diameter: 7 mm<\/li>\n<li>Sprintl\u00e6ngde: 43 mm<\/li>\n<li>Opfylder krav til nikkelallergi - godkendt til allergikere.<\/li>\n<li>Overfladebehandling: Aluminium s\u00f8lvfarvet F1<\/li>\n<li>Montering: Synlig, til envejsskrue<\/li>\n<\/ul>\n<\/div>","protected":false},"excerpt":{"rendered":"<p>HOPPE Tokyo 0710\/93S er et l\u00e5sbart sikkerhedsgreb til vindue og vinduesd\u00f8r. I kombination med oval l\u00e5secylinder standard model type 1201 eller 1301 er den godkendt af Svenska Brand och S\u00e4kerhetscertificering AB,<\/p>","protected":false},"featured_media":137924,"template":"","meta":{"_acf_changed":false},"product_brand":[],"product_cat":[4126,4127],"product_tag":[],"class_list":{"0":"post-96775","1":"product","2":"type-product","3":"status-publish","4":"has-post-thumbnail","6":"product_cat-fonsterhandtag","7":"product_cat-handtag-altandorr","8":"product_shipping_class-postnord-varubrev","9":"pa_brands-hoppe","10":"tm-no-options","12":"first","13":"instock","14":"sale","15":"taxable","16":"shipping-taxable","17":"purchasable","18":"product-type-simple"},"acf":[],"_links":{"self":[{"href":"https:\/\/secureus.se\/dk\/wp-json\/wp\/v2\/product\/96775","targetHints":{"allow":["GET"]}}],"collection":[{"href":"https:\/\/secureus.se\/dk\/wp-json\/wp\/v2\/product"}],"about":[{"href":"https:\/\/secureus.se\/dk\/wp-json\/wp\/v2\/types\/product"}],"wp:featuredmedia":[{"embeddable":true,"href":"https:\/\/secureus.se\/dk\/wp-json\/wp\/v2\/media\/137924"}],"wp:attachment":[{"href":"https:\/\/secureus.se\/dk\/wp-json\/wp\/v2\/media?parent=96775"}],"wp:term":[{"taxonomy":"product_brand","embeddable":true,"href":"https:\/\/secureus.se\/dk\/wp-json\/wp\/v2\/product_brand?post=96775"},{"taxonomy":"product_cat","embeddable":true,"href":"https:\/\/secureus.se\/dk\/wp-json\/wp\/v2\/product_cat?post=96775"},{"taxonomy":"product_tag","embeddable":true,"href":"https:\/\/secureus.se\/dk\/wp-json\/wp\/v2\/product_tag?post=96775"}],"curies":[{"name":"wp","href":"https:\/\/api.w.org\/{rel}","templated":true}]}}