{"id":96777,"date":"2024-08-08T21:47:50","date_gmt":"2024-08-08T19:47:50","guid":{"rendered":"https:\/\/secureus.se\/?post_type=product&#038;p=96777"},"modified":"2025-10-21T12:42:11","modified_gmt":"2025-10-21T10:42:11","slug":"handtag-tyreso-301tr-hoger-langskylt-utan-sprint-svart","status":"publish","type":"product","link":"https:\/\/secureus.se\/dk\/handtag-tyreso-301tr-hoger-langskylt-utan-sprint-svart\/","title":{"rendered":"Espagnoleth\u00e5ndtag H\u00e5ndtag Tyres\u00f6 301TR H\u00f8jre Lang plade uden fjeder Sort \u2013 Roca"},"content":{"rendered":"<div>ROCA Tyres\u00f6 301TR (med styrestifter) h\u00f8jredrejet vinduesd\u00f8rgreb til afl\u00e5selige spanske d\u00f8re. Den lange plade har en oval udsparing til en oval l\u00e5secylinder. Det ovale hul kan suppleres med Vred TT01, D\u00e6kbakke Rokoko RC01 eller D\u00e6kbakke BP01. Vinduesgrebet er derfor velegnet til enkelt eller dobbelt montering med cylinder\/knop, cylinder\/cylinder eller cylinder\/d\u00e6kplade og f\u00e5s i venstre, h\u00f8jre og lige versioner. Tyres\u00f6-serien er et vinduesgreb i et slankt og tidl\u00f8st design, velegnet til lidt mere moderne arkitektur.<\/div>\n<div><b>Egenskaber:<\/b><\/div>\n<div>\n<ul>\n<li>Med styrestifter (301 uden styrestifter)<\/li>\n<li>C\/C-montering: 43 mm mellem h\u00e5ndtagene, top 71 mm op<\/li>\n<li>M\u00e5l p\u00e5 det lange skilt: 28X134 mm<\/li>\n<li>Sprintdimension: Leveres uden sprint<\/li>\n<li>Materialeh\u00e5ndtag: Zink-aluminiumslegering<\/li>\n<li>Materiale bolt: Galvaniseret st\u00e5l<\/li>\n<li>Overfladebehandling: Sort belagt<\/li>\n<\/ul>\n<\/div>","protected":false},"excerpt":{"rendered":"<p>ROCA Tyres\u00f6 301TR (med styrestifter) h\u00f8jredrejet vinduesd\u00f8rgreb til afl\u00e5selige spanske d\u00f8re. Den lange plade har en oval udsparing til en oval l\u00e5secylinder. Det ovale hul kan suppleres med Vred TT01, Cover Washer Rokoko RC01 eller Cover Washer<\/p>","protected":false},"featured_media":137119,"template":"","meta":{"_acf_changed":false},"product_brand":[],"product_cat":[4113,4126,4127],"product_tag":[4863],"class_list":{"0":"post-96777","1":"product","2":"type-product","3":"status-publish","4":"has-post-thumbnail","6":"product_cat-spanjoletthandtag","7":"product_cat-fonsterhandtag","8":"product_cat-handtag-altandorr","9":"product_tag-pf","10":"product_shipping_class-postnord-varubrev","11":"pa_brands-roca","12":"tm-no-options","14":"first","15":"onbackorder","16":"sale","17":"taxable","18":"shipping-taxable","19":"purchasable","20":"product-type-simple"},"acf":[],"_links":{"self":[{"href":"https:\/\/secureus.se\/dk\/wp-json\/wp\/v2\/product\/96777","targetHints":{"allow":["GET"]}}],"collection":[{"href":"https:\/\/secureus.se\/dk\/wp-json\/wp\/v2\/product"}],"about":[{"href":"https:\/\/secureus.se\/dk\/wp-json\/wp\/v2\/types\/product"}],"wp:featuredmedia":[{"embeddable":true,"href":"https:\/\/secureus.se\/dk\/wp-json\/wp\/v2\/media\/137119"}],"wp:attachment":[{"href":"https:\/\/secureus.se\/dk\/wp-json\/wp\/v2\/media?parent=96777"}],"wp:term":[{"taxonomy":"product_brand","embeddable":true,"href":"https:\/\/secureus.se\/dk\/wp-json\/wp\/v2\/product_brand?post=96777"},{"taxonomy":"product_cat","embeddable":true,"href":"https:\/\/secureus.se\/dk\/wp-json\/wp\/v2\/product_cat?post=96777"},{"taxonomy":"product_tag","embeddable":true,"href":"https:\/\/secureus.se\/dk\/wp-json\/wp\/v2\/product_tag?post=96777"}],"curies":[{"name":"wp","href":"https:\/\/api.w.org\/{rel}","templated":true}]}}