{"id":96826,"date":"2024-08-08T21:47:52","date_gmt":"2024-08-08T19:47:52","guid":{"rendered":"https:\/\/secureus.se\/?post_type=product&#038;p=96826"},"modified":"2025-09-15T12:06:23","modified_gmt":"2025-09-15T10:06:23","slug":"handtag-prasto-30r-hoger-8x53-krom","status":"publish","type":"product","link":"https:\/\/secureus.se\/dk\/handtag-prasto-30r-hoger-8x53-krom\/","title":{"rendered":"Vinduesgreb Pr\u00e4st\u00f6 30R H\u00f8jre 8X53 Krom \u2013 Roca"},"content":{"rendered":"<div>\n<div>ROCA Pr\u00e4st\u00f6 WH-P 30R er et h\u00f8jre vinduesgreb med bundplade 30 og styrestifter til lige og p\u00e6n montering. Med faste endepositioner til \u201cTipp-Dreh\u201d vinduer. H\u00e5ndtaget f\u00e5s i venstre, h\u00f8jre og lige versioner. Pr\u00e4st\u00f6-serien er det perfekte vinduesgreb til funktionel arkitektur, men den opdaterede retroklassiker fungerer ogs\u00e5 p\u00e5 de fleste typer moderne bygninger. Pr\u00e4st\u00f6 har et l\u00e6ngere og mere ergonomisk greb end \u00e6ldre modeller.<\/div>\n<p><\/div>\n<div><b>Egenskaber:<\/b><\/div>\n<div>\n<ul>\n<li>C\/C fastg\u00f8relse: 43 mm<\/li>\n<li>Sprintm\u00e5l: 8X53 mm<\/li>\n<li>Materialeh\u00e5ndtag: Zink-aluminiumslegering<\/li>\n<li>Materiale bolt: Galvaniseret st\u00e5l<\/li>\n<li>Overfladebehandling: Forkromet<\/li>\n<\/ul>\n<\/div>","protected":false},"excerpt":{"rendered":"<p>ROCA Pr\u00e4st\u00f6 WH-P 30R er et h\u00f8jre vinduesgreb med bundplade 30 og styrestifter til lige og p\u00e6n montering. Med faste endepositioner til \u201cTipp-Dreh\u201d vinduer. H\u00e5ndtaget f\u00e5s i venstre, h\u00f8jre og<\/p>","protected":false},"featured_media":137394,"template":"","meta":{"_acf_changed":false},"product_brand":[],"product_cat":[4126],"product_tag":[],"class_list":{"0":"post-96826","1":"product","2":"type-product","3":"status-publish","4":"has-post-thumbnail","6":"product_cat-fonsterhandtag","7":"product_shipping_class-postnord-varubrev","8":"pa_brands-roca","9":"tm-no-options","11":"first","12":"onbackorder","13":"sale","14":"taxable","15":"shipping-taxable","16":"purchasable","17":"product-type-simple"},"acf":[],"_links":{"self":[{"href":"https:\/\/secureus.se\/dk\/wp-json\/wp\/v2\/product\/96826","targetHints":{"allow":["GET"]}}],"collection":[{"href":"https:\/\/secureus.se\/dk\/wp-json\/wp\/v2\/product"}],"about":[{"href":"https:\/\/secureus.se\/dk\/wp-json\/wp\/v2\/types\/product"}],"wp:featuredmedia":[{"embeddable":true,"href":"https:\/\/secureus.se\/dk\/wp-json\/wp\/v2\/media\/137394"}],"wp:attachment":[{"href":"https:\/\/secureus.se\/dk\/wp-json\/wp\/v2\/media?parent=96826"}],"wp:term":[{"taxonomy":"product_brand","embeddable":true,"href":"https:\/\/secureus.se\/dk\/wp-json\/wp\/v2\/product_brand?post=96826"},{"taxonomy":"product_cat","embeddable":true,"href":"https:\/\/secureus.se\/dk\/wp-json\/wp\/v2\/product_cat?post=96826"},{"taxonomy":"product_tag","embeddable":true,"href":"https:\/\/secureus.se\/dk\/wp-json\/wp\/v2\/product_tag?post=96826"}],"curies":[{"name":"wp","href":"https:\/\/api.w.org\/{rel}","templated":true}]}}