{"id":96842,"date":"2024-08-08T21:47:52","date_gmt":"2024-08-08T19:47:52","guid":{"rendered":"https:\/\/secureus.se\/?post_type=product&#038;p=96842"},"modified":"2026-04-08T15:37:09","modified_gmt":"2026-04-08T13:37:09","slug":"handtag-7312-hoger-8x43-mattkrom","status":"publish","type":"product","link":"https:\/\/secureus.se\/dk\/handtag-7312-hoger-8x43-mattkrom\/","title":{"rendered":"Vinduesgreb H\u00e5ndtag 7312 H\u00f8jre 8X43 Mat krom \u2013 Assa Abloy"},"content":{"rendered":"<div>ASSA ABLOY 7312 er et l\u00e5sbart vinduesgreb i Vinga-serien til vinduer og vinduesd\u00f8re. F\u00e5s i h\u00f8jre, venstre eller lige design. Passer til b\u00e5de \u00e6ldre og nyere arkitektur.<\/div>\n<div><b><br \/>\nEgenskaber:<\/b><\/div>\n<div>\n<ul>\n<li>L\u00e5sbar med trykcylinder<\/li>\n<li>Egnet trykcylinder 7310 eller 716, 1216 og 1316 til godkendt l\u00e5sning<\/li>\n<li>Skub cylinder for at l\u00e5se, l\u00e5s op med n\u00f8gle<\/li>\n<li>Vinga 7312 har en d\u00e6kplade, der giver skjult skruefastg\u00f8relse.<\/li>\n<li>H\u00e5ndtaget presses ind i bakken med en unik snap-in-beslag.<\/li>\n<li>Grebet kan nemt afmonteres og udskiftes med et andet greb, f.eks. l\u00e5sbar eller greb af anden overfladebehandling.<\/li>\n<li>Opfylder krav iht. Svensk Standard, SS 3620 klasse B, vedr\u00f8rende indbrudssikring.<\/li>\n<li>Sprint, firkantet 8 mm<\/li>\n<li>Sprintl\u00e6ngde: 43 mm. \u2013 kan sk\u00e6res evt<\/li>\n<li>Materiale: Zamak metal<\/li>\n<li>Overfladebehandling: Krom eller mat krom<\/li>\n<\/ul>\n<\/div>\n<div><\/div>","protected":false},"excerpt":{"rendered":"<p>ASSA ABLOY 7312 er et l\u00e5sbart vinduesgreb i Vinga-serien til vinduer og vinduesd\u00f8re. F\u00e5s i h\u00f8jre, venstre eller lige design. Passer til b\u00e5de \u00e6ldre og nyere arkitektur. Funktioner: L\u00e5sbar med<\/p>","protected":false},"featured_media":137003,"template":"","meta":{"_acf_changed":false},"product_brand":[],"product_cat":[4126,4127],"product_tag":[],"class_list":{"0":"post-96842","1":"product","2":"type-product","3":"status-publish","4":"has-post-thumbnail","6":"product_cat-fonsterhandtag","7":"product_cat-handtag-altandorr","8":"product_shipping_class-postnord-varubrev","9":"pa_brands-abloy","10":"tm-no-options","12":"first","13":"instock","14":"sale","15":"taxable","16":"shipping-taxable","17":"purchasable","18":"product-type-simple"},"acf":[],"_links":{"self":[{"href":"https:\/\/secureus.se\/dk\/wp-json\/wp\/v2\/product\/96842","targetHints":{"allow":["GET"]}}],"collection":[{"href":"https:\/\/secureus.se\/dk\/wp-json\/wp\/v2\/product"}],"about":[{"href":"https:\/\/secureus.se\/dk\/wp-json\/wp\/v2\/types\/product"}],"wp:featuredmedia":[{"embeddable":true,"href":"https:\/\/secureus.se\/dk\/wp-json\/wp\/v2\/media\/137003"}],"wp:attachment":[{"href":"https:\/\/secureus.se\/dk\/wp-json\/wp\/v2\/media?parent=96842"}],"wp:term":[{"taxonomy":"product_brand","embeddable":true,"href":"https:\/\/secureus.se\/dk\/wp-json\/wp\/v2\/product_brand?post=96842"},{"taxonomy":"product_cat","embeddable":true,"href":"https:\/\/secureus.se\/dk\/wp-json\/wp\/v2\/product_cat?post=96842"},{"taxonomy":"product_tag","embeddable":true,"href":"https:\/\/secureus.se\/dk\/wp-json\/wp\/v2\/product_tag?post=96842"}],"curies":[{"name":"wp","href":"https:\/\/api.w.org\/{rel}","templated":true}]}}