{"id":96848,"date":"2024-08-08T21:47:52","date_gmt":"2024-08-08T19:47:52","guid":{"rendered":"https:\/\/secureus.se\/?post_type=product&#038;p=96848"},"modified":"2026-04-23T12:05:43","modified_gmt":"2026-04-23T10:05:43","slug":"handtag-tokyo-0710-u76-hoger-lasvred-8x56-f1-silver","status":"publish","type":"product","link":"https:\/\/secureus.se\/dk\/handtag-tokyo-0710-u76-hoger-lasvred-8x56-f1-silver\/","title":{"rendered":"Vinduesgreb H\u00e5ndtag Tokyo 0710\/U76 H\u00f8jre L\u00e5seknop 8X56 F1 S\u00f8lv \u2013 HOPPE"},"content":{"rendered":"<div>HOPPE Tokyo 0710\/U76 er et vinduesh\u00e5ndtag i aluminium med manuel l\u00e5seknap. L\u00e5seknappen er ikke godkendt som b\u00f8rnel\u00e5s Opfylder krav til nikkelallergi - godkendt til allergikere.<\/div>\n<div><b><br \/>\nEgenskaber:<\/b><\/div>\n<div>\n<ul>\n<li>L\u00e5sbar med en knap (ikke godkendt som b\u00f8rnesikring)<\/li>\n<li>Med karakteristiske 90\u00b0 snappositioner (Dreh\/Tipp)<\/li>\n<li>10 mm styrestifter.<\/li>\n<li>Sprint diameter: 8 mm<\/li>\n<li>Sprintl\u00e6ngde: 56 mm<\/li>\n<li>Opfylder krav til nikkelallergi - godkendt til allergikere.<\/li>\n<li>Overfladebehandling: Aluminium s\u00f8lvfarvet F1<\/li>\n<li>Montering: Skjult<\/li>\n<\/ul>\n<\/div>","protected":false},"excerpt":{"rendered":"<p>HOPPE Tokyo 0710\/U76 er et vinduesh\u00e5ndtag i aluminium med manuel l\u00e5seknap. L\u00e5seknappen er ikke godkendt som b\u00f8rnel\u00e5s Opfylder krav til nikkelallergi - godkendt til allergikere. Funktioner: L\u00e5sbar med knap (nr<\/p>","protected":false},"featured_media":136798,"template":"","meta":{"_acf_changed":false},"product_brand":[],"product_cat":[4126],"product_tag":[],"class_list":{"0":"post-96848","1":"product","2":"type-product","3":"status-publish","4":"has-post-thumbnail","6":"product_cat-fonsterhandtag","7":"product_shipping_class-postnord-varubrev","8":"pa_brands-hoppe","9":"tm-no-options","11":"first","12":"instock","13":"sale","14":"taxable","15":"shipping-taxable","16":"purchasable","17":"product-type-simple"},"acf":[],"_links":{"self":[{"href":"https:\/\/secureus.se\/dk\/wp-json\/wp\/v2\/product\/96848","targetHints":{"allow":["GET"]}}],"collection":[{"href":"https:\/\/secureus.se\/dk\/wp-json\/wp\/v2\/product"}],"about":[{"href":"https:\/\/secureus.se\/dk\/wp-json\/wp\/v2\/types\/product"}],"wp:featuredmedia":[{"embeddable":true,"href":"https:\/\/secureus.se\/dk\/wp-json\/wp\/v2\/media\/136798"}],"wp:attachment":[{"href":"https:\/\/secureus.se\/dk\/wp-json\/wp\/v2\/media?parent=96848"}],"wp:term":[{"taxonomy":"product_brand","embeddable":true,"href":"https:\/\/secureus.se\/dk\/wp-json\/wp\/v2\/product_brand?post=96848"},{"taxonomy":"product_cat","embeddable":true,"href":"https:\/\/secureus.se\/dk\/wp-json\/wp\/v2\/product_cat?post=96848"},{"taxonomy":"product_tag","embeddable":true,"href":"https:\/\/secureus.se\/dk\/wp-json\/wp\/v2\/product_tag?post=96848"}],"curies":[{"name":"wp","href":"https:\/\/api.w.org\/{rel}","templated":true}]}}