{"id":96853,"date":"2024-08-08T21:47:53","date_gmt":"2024-08-08T19:47:53","guid":{"rendered":"https:\/\/secureus.se\/?post_type=product&#038;p=96853"},"modified":"2026-03-25T15:39:02","modified_gmt":"2026-03-25T14:39:02","slug":"handtag-83-rakt-8x53-krom","status":"publish","type":"product","link":"https:\/\/secureus.se\/dk\/handtag-83-rakt-8x53-krom\/","title":{"rendered":"Vinduesgreb H\u00e5ndtag 83 Lige 8X53 Krom \u2013 Assa Abloy"},"content":{"rendered":"<div>ASSA ABLOY 83 er et klassisk greb til vinduer og vinduesd\u00f8re. H\u00e5ndtaget har indbyggede l\u00e5sepositioner for \u00e5ben og lukket, der holder h\u00e5ndtaget i den korrekte position. F\u00e5s i venstre-, lige- og h\u00f8jreh\u00e5ndsversioner.<\/div>\n<div><b><br \/>\nEgenskaber:<\/b><\/div>\n<div>\n<ul>\n<li>Indbyggede l\u00e5sepositioner for \u00e5ben og lukket, der holder h\u00e5ndtaget i den korrekte position.<\/li>\n<li>Sprint af 8 mm galvaniseret firkantst\u00e5l.<\/li>\n<li>Sprintl\u00e6ngde: 53 mm<\/li>\n<li>Anbefalet skrue: TKFX 4,0 mm.<\/li>\n<li>Tilbeh\u00f8r: H\u00e5ndtagsl\u00e5s Fix 840 og 850.<\/li>\n<li>H\u00e5ndtagskobling, 833, 833\/16 anvendes, n\u00e5r h\u00e5ndtag skal monteres p\u00e5 begge sider.<\/li>\n<li>Materiale: Zamak metal<\/li>\n<li>Overfladebehandling: Forkromet<\/li>\n<\/ul>\n<\/div>","protected":false},"excerpt":{"rendered":"<p>ASSA ABLOY 83 er et klassisk greb til vinduer og vinduesd\u00f8re. H\u00e5ndtaget har indbyggede l\u00e5sepositioner for \u00e5ben og lukket, der holder h\u00e5ndtaget i den korrekte position. F\u00e5s i venstreh\u00e5ndet, lige og<\/p>","protected":false},"featured_media":136616,"template":"","meta":{"_acf_changed":false},"product_brand":[],"product_cat":[4126,4127],"product_tag":[],"class_list":{"0":"post-96853","1":"product","2":"type-product","3":"status-publish","4":"has-post-thumbnail","6":"product_cat-fonsterhandtag","7":"product_cat-handtag-altandorr","8":"product_shipping_class-postnord-varubrev","9":"pa_brands-abloy","10":"tm-no-options","12":"first","13":"instock","14":"sale","15":"taxable","16":"shipping-taxable","17":"purchasable","18":"product-type-simple"},"acf":[],"_links":{"self":[{"href":"https:\/\/secureus.se\/dk\/wp-json\/wp\/v2\/product\/96853","targetHints":{"allow":["GET"]}}],"collection":[{"href":"https:\/\/secureus.se\/dk\/wp-json\/wp\/v2\/product"}],"about":[{"href":"https:\/\/secureus.se\/dk\/wp-json\/wp\/v2\/types\/product"}],"wp:featuredmedia":[{"embeddable":true,"href":"https:\/\/secureus.se\/dk\/wp-json\/wp\/v2\/media\/136616"}],"wp:attachment":[{"href":"https:\/\/secureus.se\/dk\/wp-json\/wp\/v2\/media?parent=96853"}],"wp:term":[{"taxonomy":"product_brand","embeddable":true,"href":"https:\/\/secureus.se\/dk\/wp-json\/wp\/v2\/product_brand?post=96853"},{"taxonomy":"product_cat","embeddable":true,"href":"https:\/\/secureus.se\/dk\/wp-json\/wp\/v2\/product_cat?post=96853"},{"taxonomy":"product_tag","embeddable":true,"href":"https:\/\/secureus.se\/dk\/wp-json\/wp\/v2\/product_tag?post=96853"}],"curies":[{"name":"wp","href":"https:\/\/api.w.org\/{rel}","templated":true}]}}