{"id":96869,"date":"2024-08-08T21:47:53","date_gmt":"2024-08-08T19:47:53","guid":{"rendered":"https:\/\/secureus.se\/?post_type=product&#038;p=96869"},"modified":"2026-04-08T15:36:50","modified_gmt":"2026-04-08T13:36:50","slug":"handtag-51-rakt-8x63-krom","status":"publish","type":"product","link":"https:\/\/secureus.se\/dk\/handtag-51-rakt-8x63-krom\/","title":{"rendered":"Vinduesgreb H\u00e5ndtag 51 Lige 8X63 Krom \u2013 Assa Abloy"},"content":{"rendered":"<div>ASSA ABLOY 51 er et greb til vinduer, d\u00f8re, luger, der ikke b\u00f8r have fast greb, og hvor der ikke er risiko for selv\u00e5bning (i de tilf\u00e6lde anbefales Fix 805 + 811). Passer til bakke 1857 og 1857T.<\/div>\n<div><b><br \/>Egenskaber: <\/b><\/div>\n<div>\n<ul>\n<li>Passer i bakke Fix 1857, 1857T. <\/li>\n<li>N\u00e5r du drejer for at \u00e5bne, kan du takket v\u00e6re knappen tr\u00e6kke st\u00e6vnen mod dig. <\/li>\n<li>H\u00e5ndtaget kan kun fjernes i lukket position. <\/li>\n<li>Sprint af 8 mm galvaniseret firkantst\u00e5l. <\/li>\n<li>Sprintl\u00e6ngde 63 mm.<\/li>\n<li>Materiale: Zamak metal<\/li>\n<li>Overfladebehandling: Forkromet<\/li>\n<\/ul>\n<\/div>\n<div><\/div>","protected":false},"excerpt":{"rendered":"<p>ASSA ABLOY 51 er et greb til vinduer, d\u00f8re, luger, der ikke b\u00f8r have fast greb, og hvor der ikke er risiko for selv\u00e5bning (i de tilf\u00e6lde anbefales Fix 805+<\/p>","protected":false},"featured_media":136587,"template":"","meta":{"_acf_changed":false},"product_brand":[],"product_cat":[4126],"product_tag":[],"class_list":{"0":"post-96869","1":"product","2":"type-product","3":"status-publish","4":"has-post-thumbnail","6":"product_cat-fonsterhandtag","7":"product_shipping_class-postnord-varubrev","8":"pa_brands-abloy","9":"tm-no-options","11":"first","12":"instock","13":"sale","14":"taxable","15":"shipping-taxable","16":"purchasable","17":"product-type-simple"},"acf":[],"_links":{"self":[{"href":"https:\/\/secureus.se\/dk\/wp-json\/wp\/v2\/product\/96869","targetHints":{"allow":["GET"]}}],"collection":[{"href":"https:\/\/secureus.se\/dk\/wp-json\/wp\/v2\/product"}],"about":[{"href":"https:\/\/secureus.se\/dk\/wp-json\/wp\/v2\/types\/product"}],"wp:featuredmedia":[{"embeddable":true,"href":"https:\/\/secureus.se\/dk\/wp-json\/wp\/v2\/media\/136587"}],"wp:attachment":[{"href":"https:\/\/secureus.se\/dk\/wp-json\/wp\/v2\/media?parent=96869"}],"wp:term":[{"taxonomy":"product_brand","embeddable":true,"href":"https:\/\/secureus.se\/dk\/wp-json\/wp\/v2\/product_brand?post=96869"},{"taxonomy":"product_cat","embeddable":true,"href":"https:\/\/secureus.se\/dk\/wp-json\/wp\/v2\/product_cat?post=96869"},{"taxonomy":"product_tag","embeddable":true,"href":"https:\/\/secureus.se\/dk\/wp-json\/wp\/v2\/product_tag?post=96869"}],"curies":[{"name":"wp","href":"https:\/\/api.w.org\/{rel}","templated":true}]}}