{"id":97443,"date":"2024-08-20T18:24:20","date_gmt":"2024-08-20T16:24:20","guid":{"rendered":"https:\/\/secureus.se\/?post_type=product&#038;p=97443"},"modified":"2026-04-13T16:22:05","modified_gmt":"2026-04-13T14:22:05","slug":"fonsterbroms-760-2","status":"publish","type":"product","link":"https:\/\/secureus.se\/dk\/fonsterbroms-760-2\/","title":{"rendered":"ASSA Fix 760\/2 Vinduesbremse \/ D\u00f8rbremse \u2013 257 mm \u2013 Euronot"},"content":{"rendered":"<p><strong>ASSA 760\/2<\/strong> er en <strong>Vinduesbremse \/ d\u00f8rbremse til vinduer og terrassed\u00f8re<\/strong> som bruges sammen med <strong>espagnolet med bremsetransmission<\/strong>. Det g\u00f8r det muligt for vinduet eller d\u00f8ren at forblive i en \u00e5ben ventilationsposition i stedet for at sm\u00e6kke i eller \u00e5bne helt.<\/p>\n<p>Modellen er <strong>tilpasset til Euronote<\/strong> og har en <strong>16 mm smal bremseboks<\/strong> som er monteret i en fr\u00e6set not i et vindue eller en terrassed\u00f8r.<\/p>\n<p>Vinduesbremsen betjenes via espagnoleth\u00e5ndtaget og skaber friktion i bremsestangen, s\u00e5 vinduet eller terrassed\u00f8ren kan holdes i den \u00f8nskede ventilationsposition.<\/p>\n<h3>Egenskaber<\/h3>\n<ul>\n<li>Aftagelig rammebeslag<\/li>\n<li>Tilpasset til Euronot (skinnemontering)<\/li>\n<li>Smalt bremsehus \u2013 16 mm<\/li>\n<li>Passer til vinduer og terrassed\u00f8re<\/li>\n<li>Betjenes via espagnoletgrebet<\/li>\n<li>Holder d\u00f8ren i ventilationsposition<\/li>\n<li>Glider ved overbelastning for at beskytte h\u00e6ngsler og beslag<\/li>\n<li>\u00d8get friktion ved st\u00f8rre \u00e5bningsvinkel<\/li>\n<\/ul>\n<h3>Montering<\/h3>\n<p>ASSA 760 er monteret i en <strong>fr\u00e6set not i vindues- eller d\u00f8rkarmen<\/strong> og bruges sammen med rammebeslag:<\/p>\n<ul>\n<li>Stelbeslag 5580<\/li>\n<li>Stelbeslag 5550T<\/li>\n<\/ul>\n<p>Rammebeslag k\u00f8bes separat.<\/p>\n<h3>Dimensioner \u2013 ASSA 760\/2<\/h3>\n<ul>\n<li>Til buebredde: 401\u2013550 mm<\/li>\n<li>\u00c5bningsvinkel: 85\u00b0<\/li>\n<li>Bremsekassel\u00e6ngde: 257 mm<\/li>\n<li>Arml\u00e6ngde: 205 mm<\/li>\n<li>Bremsekassens bredde: 16 mm<\/li>\n<\/ul>\n<h3>Anbefalede skruer<\/h3>\n<ul>\n<li>TFX 3,0 mm til rudebremse<\/li>\n<li>TFX 3,5 mm til stelbeslag<\/li>\n<\/ul>\n<div style=\"background: #f6f8fa;padding: 14px;border-radius: 6px;margin: 18px 0\">\n<p><strong>Er du ikke sikker p\u00e5, hvilken rudebremse du skal bruge?<\/strong><\/p>\n<p>Sammenlign din eksisterende bremse med produktbillederne, eller se hele sortimentet.<a style=\"font-weight: bold\" href=\"https:\/\/secureus.se\/dk\/fonsterbroms\/\"><br \/>\nSe alle rudebremser her \u2192<br \/>\n<\/a><\/p>\n<\/div>","protected":false},"excerpt":{"rendered":"<div style=\"background: #f6f8fa;padding: 14px;border-radius: 6px;margin: 15px 0\">\n<p><strong>\u2714 Denne model er monteret i en rille (Euronot)<\/strong><\/p>\n<p>ASSA 760 har en <strong>16 mm smal bremseboks<\/strong> som er lavet til at passe i en fr\u00e6set rille i et vindue eller en terrassed\u00f8r.<\/p>\n<p>Kontroller derfor, at din eksisterende bremse passer i en rille i d\u00f8ren eller vinduet, inden du bestiller.<\/p>\n<p><img decoding=\"async\" style=\"max-width: 150px;width: 100%;margin-top: 10px;border-radius: 6px\" src=\"https:\/\/secureus.se\/wp-content\/uploads\/2024\/12\/fonsterbroms-760-4-1-150x150.jpg\" alt=\"Vinduesstopper i not Euronot 16 mm\" \/><\/p>\n<\/div>","protected":false},"featured_media":137318,"template":"","meta":{"_acf_changed":false},"product_brand":[],"product_cat":[3126,4797],"product_tag":[4801,4863],"class_list":{"0":"post-97443","1":"product","2":"type-product","3":"status-publish","4":"has-post-thumbnail","6":"product_cat-fonsterbroms","7":"product_cat-assa-760","8":"product_tag-257mm","9":"product_tag-pf","10":"product_shipping_class-tunga-paket","11":"pa_brands-abloy","12":"tm-no-options","14":"first","15":"onbackorder","16":"sale","17":"taxable","18":"shipping-taxable","19":"purchasable","20":"product-type-simple"},"acf":[],"_links":{"self":[{"href":"https:\/\/secureus.se\/dk\/wp-json\/wp\/v2\/product\/97443","targetHints":{"allow":["GET"]}}],"collection":[{"href":"https:\/\/secureus.se\/dk\/wp-json\/wp\/v2\/product"}],"about":[{"href":"https:\/\/secureus.se\/dk\/wp-json\/wp\/v2\/types\/product"}],"wp:featuredmedia":[{"embeddable":true,"href":"https:\/\/secureus.se\/dk\/wp-json\/wp\/v2\/media\/137318"}],"wp:attachment":[{"href":"https:\/\/secureus.se\/dk\/wp-json\/wp\/v2\/media?parent=97443"}],"wp:term":[{"taxonomy":"product_brand","embeddable":true,"href":"https:\/\/secureus.se\/dk\/wp-json\/wp\/v2\/product_brand?post=97443"},{"taxonomy":"product_cat","embeddable":true,"href":"https:\/\/secureus.se\/dk\/wp-json\/wp\/v2\/product_cat?post=97443"},{"taxonomy":"product_tag","embeddable":true,"href":"https:\/\/secureus.se\/dk\/wp-json\/wp\/v2\/product_tag?post=97443"}],"curies":[{"name":"wp","href":"https:\/\/api.w.org\/{rel}","templated":true}]}}