{"id":97516,"date":"2024-08-21T19:29:09","date_gmt":"2024-08-21T17:29:09","guid":{"rendered":"https:\/\/secureus.se\/?post_type=product&#038;p=97516"},"modified":"2026-03-25T15:40:57","modified_gmt":"2026-03-25T14:40:57","slug":"trycke-1905-40-75mm-matt-massing","status":"publish","type":"product","link":"https:\/\/secureus.se\/dk\/trycke-1905-40-75mm-matt-massing\/","title":{"rendered":"D\u00f8rh\u00e5ndtag Trycke 1905 40-75mm Matt Messing \u2013 Assa Abloy"},"content":{"rendered":"<div>\n<p>ASSA ABLOY 1905 er et d\u00f8rgreb med det mest almindelige d\u00f8rgreb fra jugendtiden som model. Den er dog lavet lidt st\u00f8rre og lidt mere distinkt. Passer rigtig godt i et indvendigt milj\u00f8. 1905 er en del af ASSA ABLOY Epok-serien. Til udvendige og indvendige d\u00f8re.<\/p>\n<div><\/div>\n<div>\n<b>Egenskaber:<\/b><\/div>\n<div>\n<ul>\n<li>Materiale: Messing<\/li>\n<li>Overfladebehandlinger; Prion, nikkel, krom, mat krom, poleret messing, b\u00f8rstet messing, mat sort MIRUS<\/li>\n<li>Standard levering til 40-75 mm d\u00f8rtykkelse<\/li>\n<li>Roset: \u00d8 52 mm<\/li>\n<li>Uden returfjeder i rosetten, hvilket betyder at den ogs\u00e5 passer til indvendige d\u00f8rl\u00e5se type 2014<\/li>\n<li>Velegnet til modul- og sm\u00e5 indvendige d\u00f8rl\u00e5sehuse<\/li>\n<\/ul>\n<p><b>Pakken indeholder:<\/b><\/p>\n<ul>\n<li>2 stk. Pressehalvdele (h\u00e5ndtag).<\/li>\n<li>2 stk. Trykskruer M5. (drej skruen)<\/li>\n<li>2 O-ringe.<\/li>\n<li>2 stk. Manchetm\u00f8trik M5.<\/li>\n<li>2 stk. Trykstifter 8x8x102 mm og 8x8x120 mm.<\/li>\n<\/ul>\n<\/div>\n<\/div>\n<div>\n<p>&nbsp;<\/p>\n<\/div>","protected":false},"excerpt":{"rendered":"<p>ASSA ABLOY 1905 er et d\u00f8rh\u00e5ndtag, der er modelleret efter de mest almindelige d\u00f8rh\u00e5ndtag fra jugendstilen. Den er dog lavet lidt st\u00f8rre og lidt mere markant. Passer rigtig godt i indend\u00f8rsmilj\u00f8er. 1905 inkluderet<\/p>","protected":false},"featured_media":136689,"template":"","meta":{"_acf_changed":false},"product_brand":[],"product_cat":[4124],"product_tag":[],"class_list":{"0":"post-97516","1":"product","2":"type-product","3":"status-publish","4":"has-post-thumbnail","6":"product_cat-dorrhandtag-innerdorr","7":"product_shipping_class-postnord-varubrev","8":"pa_brands-abloy","9":"tm-no-options","11":"first","12":"instock","13":"sale","14":"taxable","15":"shipping-taxable","16":"purchasable","17":"product-type-simple"},"acf":[],"_links":{"self":[{"href":"https:\/\/secureus.se\/dk\/wp-json\/wp\/v2\/product\/97516","targetHints":{"allow":["GET"]}}],"collection":[{"href":"https:\/\/secureus.se\/dk\/wp-json\/wp\/v2\/product"}],"about":[{"href":"https:\/\/secureus.se\/dk\/wp-json\/wp\/v2\/types\/product"}],"wp:featuredmedia":[{"embeddable":true,"href":"https:\/\/secureus.se\/dk\/wp-json\/wp\/v2\/media\/136689"}],"wp:attachment":[{"href":"https:\/\/secureus.se\/dk\/wp-json\/wp\/v2\/media?parent=97516"}],"wp:term":[{"taxonomy":"product_brand","embeddable":true,"href":"https:\/\/secureus.se\/dk\/wp-json\/wp\/v2\/product_brand?post=97516"},{"taxonomy":"product_cat","embeddable":true,"href":"https:\/\/secureus.se\/dk\/wp-json\/wp\/v2\/product_cat?post=97516"},{"taxonomy":"product_tag","embeddable":true,"href":"https:\/\/secureus.se\/dk\/wp-json\/wp\/v2\/product_tag?post=97516"}],"curies":[{"name":"wp","href":"https:\/\/api.w.org\/{rel}","templated":true}]}}