{"id":97522,"date":"2024-08-21T19:29:09","date_gmt":"2024-08-21T17:29:09","guid":{"rendered":"https:\/\/secureus.se\/?post_type=product&#038;p=97522"},"modified":"2026-04-08T15:36:34","modified_gmt":"2026-04-08T13:36:34","slug":"trycke-1930-40-75mm-svart-nickel","status":"publish","type":"product","link":"https:\/\/secureus.se\/dk\/trycke-1930-40-75mm-svart-nickel\/","title":{"rendered":"D\u00f8rgreb Trycke 1930 40-75mm Sort\/Nikkel \u2013 Assa Abloy"},"content":{"rendered":"<div>ASSA ABLOY 1930 er et d\u00f8rgreb med et design som en krydsning mellem to tidligere inkompatible tidsaldre. Dels 1880&#039;erne og 1890&#039;ernes &quot;knoble&quot; \u00e6rmetryk, ofte med den \u00e6ldre T-hals formet p\u00e5 den m\u00e5de p\u00e5 grund af gamle smedeteknikker, dels fra 1930&#039;ernes simple funky tryk. 1930 er en del af ASSA ABLOY Epok-serien. Velegnet til yderd\u00f8re, indgangsd\u00f8re og indvendige d\u00f8re med modull\u00e5se.<\/div>\n<div><b><br \/>Egenskaber:<\/b><\/div>\n<div>\n<ul>\n<li>Materiale: Messing<\/li>\n<li>Overfladebehandling: Hals i nikkel, mat krom, poleret krom, poleret messing<\/li>\n<li>H\u00e5ndtag i hvid (RAL 1013), sort (RAL 8022) eller gr\u00f8n (RAL 6028) pulverlakering eller nikkel, mat krom, blank krom, mat b\u00f8rstet messing, poleret messing\u00a0<\/li>\n<li>Returfjeder, der aflaster l\u00e5sehusets rofjeder og hj\u00e6lper trykket med at forblive i vandret position<\/li>\n<li>Standard levering til 40-75 mm d\u00f8rtykkelse<\/li>\n<li>Roset: \u00d8 52 mm<\/li>\n<li>Passer til Connect \/ Classic modull\u00e5sehus<\/li>\n<li>Passer ikke til l\u00e5sehus ABLOY 2014 eller tilsvarende indvendig d\u00f8rboks<\/li>\n<li>Til yder-\/indvendig d\u00f8r<\/li>\n<\/ul>\n<\/div>\n<div><b><br \/>Pakken indeholder:<\/b><\/div>\n<div>\n<ul>\n<li>2 stk. Pressehalvdele (h\u00e5ndtag).<\/li>\n<li>2 stk. Trykskruer M5. (drej skruen)<\/li>\n<li>2 O-ringe.<\/li>\n<li>2 stk. Manchetm\u00f8trik M5.<\/li>\n<li>2 stk. Trykstifter 8x8x102 mm og 8x8x120 mm.<\/li>\n<\/ul>\n<\/div>\n<div><\/div>","protected":false},"excerpt":{"rendered":"<p>ASSA ABLOY 1930 er et d\u00f8rgreb med et design som en krydsning mellem to tidligere inkompatible tidsaldre. Dels 1880&#039;erne og 1890&#039;erne &quot;knotty&quot; \u00e6rmeprint, ofte med den \u00e6ldre T-hals formet som<\/p>","protected":false},"featured_media":137278,"template":"","meta":{"_acf_changed":false},"product_brand":[],"product_cat":[4124,4125],"product_tag":[],"class_list":{"0":"post-97522","1":"product","2":"type-product","3":"status-publish","4":"has-post-thumbnail","6":"product_cat-dorrhandtag-innerdorr","7":"product_cat-dorrhandtag-ytterdorr","8":"product_shipping_class-postnord-varubrev","9":"pa_brands-abloy","10":"tm-no-options","12":"first","13":"instock","14":"sale","15":"taxable","16":"shipping-taxable","17":"purchasable","18":"product-type-simple"},"acf":[],"_links":{"self":[{"href":"https:\/\/secureus.se\/dk\/wp-json\/wp\/v2\/product\/97522","targetHints":{"allow":["GET"]}}],"collection":[{"href":"https:\/\/secureus.se\/dk\/wp-json\/wp\/v2\/product"}],"about":[{"href":"https:\/\/secureus.se\/dk\/wp-json\/wp\/v2\/types\/product"}],"wp:featuredmedia":[{"embeddable":true,"href":"https:\/\/secureus.se\/dk\/wp-json\/wp\/v2\/media\/137278"}],"wp:attachment":[{"href":"https:\/\/secureus.se\/dk\/wp-json\/wp\/v2\/media?parent=97522"}],"wp:term":[{"taxonomy":"product_brand","embeddable":true,"href":"https:\/\/secureus.se\/dk\/wp-json\/wp\/v2\/product_brand?post=97522"},{"taxonomy":"product_cat","embeddable":true,"href":"https:\/\/secureus.se\/dk\/wp-json\/wp\/v2\/product_cat?post=97522"},{"taxonomy":"product_tag","embeddable":true,"href":"https:\/\/secureus.se\/dk\/wp-json\/wp\/v2\/product_tag?post=97522"}],"curies":[{"name":"wp","href":"https:\/\/api.w.org\/{rel}","templated":true}]}}