{"id":97524,"date":"2024-08-21T19:29:09","date_gmt":"2024-08-21T17:29:09","guid":{"rendered":"https:\/\/secureus.se\/?post_type=product&#038;p=97524"},"modified":"2026-04-08T15:36:27","modified_gmt":"2026-04-08T13:36:27","slug":"trycke-a1871-38-42mm-mattkrom","status":"publish","type":"product","link":"https:\/\/secureus.se\/dk\/trycke-a1871-38-42mm-mattkrom\/","title":{"rendered":"D\u00f8rh\u00e5ndtag Push A1871 38-42mm mat krom \u2013 Habo"},"content":{"rendered":"<p>A1871 er et d\u00f8rgreb af zink\/zamak med metalroset fra habo. Beregnet til indvendige d\u00f8re. Traditionel model, der passer til spejld\u00f8re s\u00e5vel som glatte d\u00f8re.<\/p>\n<div><b>Egenskaber:\u00a0<\/b><\/div>\n<div>\n<ul>\n<li>Passer til d\u00f8rtykkelse 38-42 mm.\u00a0<\/li>\n<li>Fremspring 48 mm.<\/li>\n<li>Uden returfjeder<\/li>\n<\/ul>\n<\/div>","protected":false},"excerpt":{"rendered":"<p>A1871 er et d\u00f8rgreb af zink\/zamak med metalroset fra habo. Beregnet til indvendige d\u00f8re. Traditionel model, der passer til spejld\u00f8re s\u00e5vel som glatte d\u00f8re. Egenskaber: Passer til d\u00f8rtykkelse 38-42<\/p>","protected":false},"featured_media":137834,"template":"","meta":{"_acf_changed":false},"product_brand":[],"product_cat":[4124],"product_tag":[],"class_list":{"0":"post-97524","1":"product","2":"type-product","3":"status-publish","4":"has-post-thumbnail","6":"product_cat-dorrhandtag-innerdorr","7":"product_shipping_class-postnord-varubrev","8":"pa_brands-habo","9":"tm-no-options","11":"first","12":"instock","13":"sale","14":"taxable","15":"shipping-taxable","16":"purchasable","17":"product-type-simple"},"acf":[],"_links":{"self":[{"href":"https:\/\/secureus.se\/dk\/wp-json\/wp\/v2\/product\/97524","targetHints":{"allow":["GET"]}}],"collection":[{"href":"https:\/\/secureus.se\/dk\/wp-json\/wp\/v2\/product"}],"about":[{"href":"https:\/\/secureus.se\/dk\/wp-json\/wp\/v2\/types\/product"}],"wp:featuredmedia":[{"embeddable":true,"href":"https:\/\/secureus.se\/dk\/wp-json\/wp\/v2\/media\/137834"}],"wp:attachment":[{"href":"https:\/\/secureus.se\/dk\/wp-json\/wp\/v2\/media?parent=97524"}],"wp:term":[{"taxonomy":"product_brand","embeddable":true,"href":"https:\/\/secureus.se\/dk\/wp-json\/wp\/v2\/product_brand?post=97524"},{"taxonomy":"product_cat","embeddable":true,"href":"https:\/\/secureus.se\/dk\/wp-json\/wp\/v2\/product_cat?post=97524"},{"taxonomy":"product_tag","embeddable":true,"href":"https:\/\/secureus.se\/dk\/wp-json\/wp\/v2\/product_tag?post=97524"}],"curies":[{"name":"wp","href":"https:\/\/api.w.org\/{rel}","templated":true}]}}