{"id":97538,"date":"2024-08-21T19:29:10","date_gmt":"2024-08-21T17:29:10","guid":{"rendered":"https:\/\/secureus.se\/?post_type=product&#038;p=97538"},"modified":"2026-03-25T15:37:26","modified_gmt":"2026-03-25T14:37:26","slug":"trycke-6616-76-90mm-prion","status":"publish","type":"product","link":"https:\/\/secureus.se\/dk\/trycke-6616-76-90mm-prion\/","title":{"rendered":"D\u00f8rgreb Trycke 6616 76-90mm Prion \u2013 Assa Abloy"},"content":{"rendered":"<p>\nASSA ABLOY 6616 er et meget enkelt modernistisk d\u00f8rgreb, der med sin tydelige form passer til milj\u00f8er med strammere indretning, for eksempel hospitaler og institutioner. 6616 er en del af ASSA ABLOY Classic-serien. Velegnet til yderd\u00f8re, indgangsd\u00f8re og indvendige d\u00f8re med modull\u00e5se.<\/p>\n<div><\/div>\n<div><b>Egenskaber:<\/b><\/div>\n<ul>\n<li>Materiale: Messing.<\/li>\n<li>Overfladebehandling: Nikkel, Prion, mat krom, poleret messing, mat messing og mat sort MIRUS.<\/li>\n<li>Returfjeder, der aflaster l\u00e5sehusets rofjeder og hj\u00e6lper trykket med at forblive i vandret position.<\/li>\n<li>Roset: \u00d8 52 mm.<\/li>\n<li>Passer til Connect \/ Classic modull\u00e5sehus<\/li>\n<li>Passer ikke til l\u00e5sehus ABLOY 2014 eller tilsvarende indvendig d\u00f8rboks<\/li>\n<li>Standard levering tilpasset 76-90 mm d\u00f8rtykkelse.<\/li>\n<li>Udskiftelig trykstift og skrue til varierende d\u00f8rtykkelser.<\/li>\n<li>Kontinuerlig skruefastg\u00f8relse, der forst\u00e6rker d\u00f8ren.<\/li>\n<\/ul>\n<div><b>Pakken indeholder:<\/b><\/div>\n<div>\n<ul>\n<li>2 stk. Pressehalvdele (h\u00e5ndtag).<\/li>\n<li>2 stk. Trykskruer M5. (drej skruen)<\/li>\n<li>2 O-ringe.<\/li>\n<li>2 stk. Manchetm\u00f8trik M5.<\/li>\n<li>1 stk. Trykstift 8x8x138 mm.<\/li>\n<\/ul>\n<\/div>","protected":false},"excerpt":{"rendered":"<p>ASSA ABLOY 6616 er et meget enkelt modernistisk d\u00f8rgreb, der med sin tydelige form passer til milj\u00f8er med strammere indretning, for eksempel hospitaler og institutioner. 6616 er en del af ASSA ABLOY Classic-serien.<\/p>","protected":false},"featured_media":137247,"template":"","meta":{"_acf_changed":false},"product_brand":[],"product_cat":[4124,4125],"product_tag":[],"class_list":{"0":"post-97538","1":"product","2":"type-product","3":"status-publish","4":"has-post-thumbnail","6":"product_cat-dorrhandtag-innerdorr","7":"product_cat-dorrhandtag-ytterdorr","8":"product_shipping_class-postnord-varubrev","9":"pa_brands-abloy","10":"tm-no-options","12":"first","13":"instock","14":"sale","15":"taxable","16":"shipping-taxable","17":"purchasable","18":"product-type-simple"},"acf":[],"_links":{"self":[{"href":"https:\/\/secureus.se\/dk\/wp-json\/wp\/v2\/product\/97538","targetHints":{"allow":["GET"]}}],"collection":[{"href":"https:\/\/secureus.se\/dk\/wp-json\/wp\/v2\/product"}],"about":[{"href":"https:\/\/secureus.se\/dk\/wp-json\/wp\/v2\/types\/product"}],"wp:featuredmedia":[{"embeddable":true,"href":"https:\/\/secureus.se\/dk\/wp-json\/wp\/v2\/media\/137247"}],"wp:attachment":[{"href":"https:\/\/secureus.se\/dk\/wp-json\/wp\/v2\/media?parent=97538"}],"wp:term":[{"taxonomy":"product_brand","embeddable":true,"href":"https:\/\/secureus.se\/dk\/wp-json\/wp\/v2\/product_brand?post=97538"},{"taxonomy":"product_cat","embeddable":true,"href":"https:\/\/secureus.se\/dk\/wp-json\/wp\/v2\/product_cat?post=97538"},{"taxonomy":"product_tag","embeddable":true,"href":"https:\/\/secureus.se\/dk\/wp-json\/wp\/v2\/product_tag?post=97538"}],"curies":[{"name":"wp","href":"https:\/\/api.w.org\/{rel}","templated":true}]}}