{"id":97540,"date":"2024-08-21T19:29:10","date_gmt":"2024-08-21T17:29:10","guid":{"rendered":"https:\/\/secureus.se\/?post_type=product&#038;p=97540"},"modified":"2026-03-25T15:37:27","modified_gmt":"2026-03-25T14:37:27","slug":"trycke-1949-40-75mm-nickel","status":"publish","type":"product","link":"https:\/\/secureus.se\/dk\/trycke-1949-40-75mm-nickel\/","title":{"rendered":"D\u00f8rgreb Trycke 1949 40-75mm Nikkel \u2013 Assa Abloy"},"content":{"rendered":"<div>ASSA ABLOY 1949 er et stilrent, lidt lettere d\u00f8rh\u00e5ndtag med et diamantformet h\u00e5ndtag, der ligger godt i h\u00e5nden. Dette modernistiske h\u00e5ndtag er velegnet til dem, der leder efter et klassisk formet h\u00e5ndtag. 1949 er en del af ASSA ABLOY Epok-serien. Velegnet til yderd\u00f8re, indgangsd\u00f8re og indvendige d\u00f8re med modull\u00e5se.<\/div>\n<div><\/div>\n<div><b>Egenskaber:<\/b><\/div>\n<div>\n<ul>\n<li>Materiale: messing<\/li>\n<li>F\u00e5s i flere dekorative finish; Prion, nikkel, krom, mat krom, poleret messing, b\u00f8rstet messing, mat sort MIRUS.<\/li>\n<li>Standard levering til 40-75 mm d\u00f8rtykkelse<\/li>\n<li>Roset: \u00d8 52 mm<\/li>\n<li>Passer til Connect \/ Classic modull\u00e5sehus<\/li>\n<li>Uden returfjeder i rosetten, hvilket betyder at den ogs\u00e5 passer til indvendige d\u00f8rl\u00e5se type 2014<\/li>\n<li>Til yder-\/indvendig d\u00f8r<\/li>\n<\/ul>\n<\/div>\n<div><\/div>\n<div><b>Pakken indeholder:<\/b><\/div>\n<div>\n<ul>\n<li>2 stk. Pressehalvdele (h\u00e5ndtag).<\/li>\n<li>2 stk. Trykskruer M5. (drej skruen)<\/li>\n<li>2 stk. O-ringe<\/li>\n<li>2 stk. Manchetm\u00f8trik M5<\/li>\n<li>2 stk. Trykstifter 8x8x102 mm og 8x8x120 mm<\/li>\n<\/ul>\n<\/div>","protected":false},"excerpt":{"rendered":"<p>ASSA ABLOY 1949 er et stilrent, lidt lettere d\u00f8rh\u00e5ndtag med et diamantformet h\u00e5ndtag, der ligger godt i h\u00e5nden. Dette modernistiske h\u00e5ndtag passer til dig, der leder efter et klassisk format<\/p>","protected":false},"featured_media":136658,"template":"","meta":{"_acf_changed":false},"product_brand":[],"product_cat":[4124,4125],"product_tag":[],"class_list":{"0":"post-97540","1":"product","2":"type-product","3":"status-publish","4":"has-post-thumbnail","6":"product_cat-dorrhandtag-innerdorr","7":"product_cat-dorrhandtag-ytterdorr","8":"product_shipping_class-postnord-varubrev","9":"pa_brands-abloy","10":"tm-no-options","12":"first","13":"instock","14":"sale","15":"taxable","16":"shipping-taxable","17":"purchasable","18":"product-type-simple"},"acf":[],"_links":{"self":[{"href":"https:\/\/secureus.se\/dk\/wp-json\/wp\/v2\/product\/97540","targetHints":{"allow":["GET"]}}],"collection":[{"href":"https:\/\/secureus.se\/dk\/wp-json\/wp\/v2\/product"}],"about":[{"href":"https:\/\/secureus.se\/dk\/wp-json\/wp\/v2\/types\/product"}],"wp:featuredmedia":[{"embeddable":true,"href":"https:\/\/secureus.se\/dk\/wp-json\/wp\/v2\/media\/136658"}],"wp:attachment":[{"href":"https:\/\/secureus.se\/dk\/wp-json\/wp\/v2\/media?parent=97540"}],"wp:term":[{"taxonomy":"product_brand","embeddable":true,"href":"https:\/\/secureus.se\/dk\/wp-json\/wp\/v2\/product_brand?post=97540"},{"taxonomy":"product_cat","embeddable":true,"href":"https:\/\/secureus.se\/dk\/wp-json\/wp\/v2\/product_cat?post=97540"},{"taxonomy":"product_tag","embeddable":true,"href":"https:\/\/secureus.se\/dk\/wp-json\/wp\/v2\/product_tag?post=97540"}],"curies":[{"name":"wp","href":"https:\/\/api.w.org\/{rel}","templated":true}]}}