{"id":97542,"date":"2024-08-21T19:29:10","date_gmt":"2024-08-21T17:29:10","guid":{"rendered":"https:\/\/secureus.se\/?post_type=product&#038;p=97542"},"modified":"2025-08-15T19:34:49","modified_gmt":"2025-08-15T17:34:49","slug":"trycke-stockholm-1140-yd-65-75mm-f5-svart","status":"publish","type":"product","link":"https:\/\/secureus.se\/dk\/trycke-stockholm-1140-yd-65-75mm-f5-svart\/","title":{"rendered":"D\u00f8rgreb Push Stockholm 1140 OD 65-75mm F5 Sort \u2013 HOPPE"},"content":{"rendered":"<p>\nHOPPE komplet print til hovedd\u00f8r i Stockholm-serien. Alle synlige detaljer er lavet af aluminium med rosetter til skjult fastg\u00f8relse. Med dobbeltvirkende returfjeder og Quick-in-Sprint fastg\u00f8relse.<\/p>\n<p><b>Egenskaber:<\/b><br \/>\n<\/p>\n<ul>\n<li>Opfylder krav til nikkelaflejring - hypoallergen<\/li>\n<li>D\u00f8rtykkelse 65-75 mm<\/li>\n<li>Printn\u00e5l 8\u00d78 mm<\/li>\n<li>Passer til skandinaviske l\u00e5sehuse 50- og 70-dorn<\/li>\n<li>Materiale: Aluminium<\/li>\n<li>Farve: F5 Sort Bronze<\/li>\n<li>10 \u00e5rs funktionsgaranti<\/li>\n<\/ul>","protected":false},"excerpt":{"rendered":"<p>HOPPE komplet print til hovedd\u00f8r i Stockholm-serien. Alle synlige detaljer er lavet af aluminium med rosetter til skjult fastg\u00f8relse. Med dobbeltvirkende returfjeder og Quick-in-Sprint fastg\u00f8relse. Ejendomme: Opfylder krav vedr<\/p>","protected":false},"featured_media":136649,"template":"","meta":{"_acf_changed":false},"product_brand":[],"product_cat":[4125],"product_tag":[],"class_list":{"0":"post-97542","1":"product","2":"type-product","3":"status-publish","4":"has-post-thumbnail","6":"product_cat-dorrhandtag-ytterdorr","7":"product_shipping_class-postnord-varubrev","8":"pa_brands-hoppe","9":"tm-no-options","11":"first","12":"outofstock","13":"sale","14":"taxable","15":"shipping-taxable","16":"purchasable","17":"product-type-simple"},"acf":[],"_links":{"self":[{"href":"https:\/\/secureus.se\/dk\/wp-json\/wp\/v2\/product\/97542","targetHints":{"allow":["GET"]}}],"collection":[{"href":"https:\/\/secureus.se\/dk\/wp-json\/wp\/v2\/product"}],"about":[{"href":"https:\/\/secureus.se\/dk\/wp-json\/wp\/v2\/types\/product"}],"wp:featuredmedia":[{"embeddable":true,"href":"https:\/\/secureus.se\/dk\/wp-json\/wp\/v2\/media\/136649"}],"wp:attachment":[{"href":"https:\/\/secureus.se\/dk\/wp-json\/wp\/v2\/media?parent=97542"}],"wp:term":[{"taxonomy":"product_brand","embeddable":true,"href":"https:\/\/secureus.se\/dk\/wp-json\/wp\/v2\/product_brand?post=97542"},{"taxonomy":"product_cat","embeddable":true,"href":"https:\/\/secureus.se\/dk\/wp-json\/wp\/v2\/product_cat?post=97542"},{"taxonomy":"product_tag","embeddable":true,"href":"https:\/\/secureus.se\/dk\/wp-json\/wp\/v2\/product_tag?post=97542"}],"curies":[{"name":"wp","href":"https:\/\/api.w.org\/{rel}","templated":true}]}}