{"id":97558,"date":"2024-08-21T19:29:11","date_gmt":"2024-08-21T17:29:11","guid":{"rendered":"https:\/\/secureus.se\/?post_type=product&#038;p=97558"},"modified":"2026-03-25T15:39:26","modified_gmt":"2026-03-25T14:39:26","slug":"trycke-1956-40-75mm-matt-massing","status":"publish","type":"product","link":"https:\/\/secureus.se\/dk\/trycke-1956-40-75mm-matt-massing\/","title":{"rendered":"D\u00f8rh\u00e5ndtag Trycke 1956 40-75mm Matt Messing \u2013 Assa Abloy"},"content":{"rendered":"<div>ASSA ABLOY 1956 er et d\u00f8rgreb med arv fra 1950&#039;ernes design. Men for at give h\u00e5ndtaget et lidt mere moderne pr\u00e6g, blev formerne overdrevet, og man fors\u00f8gte at skabe bl\u00f8de, naturlige m\u00f8der mellem formerne. Passer godt til al arkitektur fra 1950&#039;erne og frem. 1956 er en del af ASSA ABLOY Epok-serien. Velegnet til yderd\u00f8re, indgangsd\u00f8re og indvendige d\u00f8re med modull\u00e5se.<\/p>\n<p><b>Egenskaber:<\/b><\/p>\n<ul>\n<li>Materiale: messing<\/li>\n<li>F\u00e5s i flere dekorative finish; Prion, nikkel, krom, mat krom, poleret messing, b\u00f8rstet messing, mat sort MIRUS.<\/li>\n<li>Returfjeder, der aflaster l\u00e5sehusets rofjeder og hj\u00e6lper trykket med at forblive i vandret position<\/li>\n<li>Standard levering til 40-75 mm d\u00f8rtykkelse<\/li>\n<li>Roset: \u00d8 52 mm<\/li>\n<li>Passer til Connect \/ Classic modull\u00e5sehus<\/li>\n<li>Passer ikke til l\u00e5sehus ABLOY 2014 eller tilsvarende indvendig d\u00f8rboks<\/li>\n<li>Til yder-\/indvendig d\u00f8r<\/li>\n<\/ul>\n<div><b>Pakken indeholder:<\/b><\/div>\n<div>\n<ul>\n<li>2 stk. Pressehalvdele (h\u00e5ndtag).<\/li>\n<li>2 stk. Trykskruer M5. (drej skruen)<\/li>\n<li>2 O-ringe.<\/li>\n<li>2 stk. Manchetm\u00f8trik M5.<\/li>\n<li>2 stk. Trykstifter 8x8x102 mm og 8x8x120 mm.<\/li>\n<\/ul>\n<\/div>\n<div><\/div>\n<\/div>","protected":false},"excerpt":{"rendered":"<p>ASSA ABLOY 1956 er et d\u00f8rgreb med arv fra 1950&#039;ernes design. Men for at give h\u00e5ndtaget et lidt mere moderne pr\u00e6g, blev formerne overdrevet, og man fors\u00f8gte at skabe bl\u00f8de, naturlige m\u00f8der mellem<\/p>","protected":false},"featured_media":136643,"template":"","meta":{"_acf_changed":false},"product_brand":[],"product_cat":[4124,4125],"product_tag":[],"class_list":{"0":"post-97558","1":"product","2":"type-product","3":"status-publish","4":"has-post-thumbnail","6":"product_cat-dorrhandtag-innerdorr","7":"product_cat-dorrhandtag-ytterdorr","8":"product_shipping_class-postnord-varubrev","9":"pa_brands-abloy","10":"tm-no-options","12":"first","13":"instock","14":"sale","15":"taxable","16":"shipping-taxable","17":"purchasable","18":"product-type-simple"},"acf":[],"_links":{"self":[{"href":"https:\/\/secureus.se\/dk\/wp-json\/wp\/v2\/product\/97558","targetHints":{"allow":["GET"]}}],"collection":[{"href":"https:\/\/secureus.se\/dk\/wp-json\/wp\/v2\/product"}],"about":[{"href":"https:\/\/secureus.se\/dk\/wp-json\/wp\/v2\/types\/product"}],"wp:featuredmedia":[{"embeddable":true,"href":"https:\/\/secureus.se\/dk\/wp-json\/wp\/v2\/media\/136643"}],"wp:attachment":[{"href":"https:\/\/secureus.se\/dk\/wp-json\/wp\/v2\/media?parent=97558"}],"wp:term":[{"taxonomy":"product_brand","embeddable":true,"href":"https:\/\/secureus.se\/dk\/wp-json\/wp\/v2\/product_brand?post=97558"},{"taxonomy":"product_cat","embeddable":true,"href":"https:\/\/secureus.se\/dk\/wp-json\/wp\/v2\/product_cat?post=97558"},{"taxonomy":"product_tag","embeddable":true,"href":"https:\/\/secureus.se\/dk\/wp-json\/wp\/v2\/product_tag?post=97558"}],"curies":[{"name":"wp","href":"https:\/\/api.w.org\/{rel}","templated":true}]}}