{"id":97560,"date":"2024-08-21T19:29:11","date_gmt":"2024-08-21T17:29:11","guid":{"rendered":"https:\/\/secureus.se\/?post_type=product&#038;p=97560"},"modified":"2026-04-08T15:35:58","modified_gmt":"2026-04-08T13:35:58","slug":"trycke-new-york-38-70mm-mattkrom","status":"publish","type":"product","link":"https:\/\/secureus.se\/dk\/trycke-new-york-38-70mm-mattkrom\/","title":{"rendered":"D\u00f8rh\u00e5ndtag Push New York 38-70 mm mat krom \u2013 Habo"},"content":{"rendered":"<p>\nD\u00f8rgreb New York fra habo er et stilrent og kompakt greb med et moderne design. Fremstillet i messing og beregnet til hovedd\u00f8r med modul\u00e6r l\u00e5seboks. Med sin dobbeltvirkende returfjeder fungerer h\u00e5ndtaget ogs\u00e5 med l\u00e5sehuse, hvor l\u00e5sning sker ved at l\u00f8fte h\u00e5ndtaget. F\u00e5s ogs\u00e5 som indvendigt d\u00f8rgreb.<\/p>\n<div><b>Egenskaber:<\/b>\u00a0<\/div>\n<div>\n<ul>\n<li>Passer til d\u00f8rtykkelse 38-70 mm.\u00a0<\/li>\n<li>Fremspring 60 mm.<\/li>\n<li>Med dobbeltvirkende returfjeder.<\/li>\n<li>Passer til Connect \/ Classic modull\u00e5sehus<\/li>\n<li>Passer ikke til l\u00e5sehus ABLOY 2014 eller tilsvarende indvendig d\u00f8rboks<\/li>\n<\/ul>\n<\/div>","protected":false},"excerpt":{"rendered":"<p>D\u00f8rgreb New York fra habo er et stilrent og kompakt greb med et moderne design. Fremstillet i messing og beregnet til hovedd\u00f8re med modul\u00e6re l\u00e5sekasser. Med sin dobbeltvirkende returfjeder virker h\u00e5ndtaget<\/p>","protected":false},"featured_media":136889,"template":"","meta":{"_acf_changed":false},"product_brand":[],"product_cat":[4124,4125],"product_tag":[],"class_list":{"0":"post-97560","1":"product","2":"type-product","3":"status-publish","4":"has-post-thumbnail","6":"product_cat-dorrhandtag-innerdorr","7":"product_cat-dorrhandtag-ytterdorr","8":"product_shipping_class-postnord-varubrev","9":"pa_brands-habo","10":"tm-no-options","12":"first","13":"instock","14":"sale","15":"taxable","16":"shipping-taxable","17":"purchasable","18":"product-type-simple"},"acf":[],"_links":{"self":[{"href":"https:\/\/secureus.se\/dk\/wp-json\/wp\/v2\/product\/97560","targetHints":{"allow":["GET"]}}],"collection":[{"href":"https:\/\/secureus.se\/dk\/wp-json\/wp\/v2\/product"}],"about":[{"href":"https:\/\/secureus.se\/dk\/wp-json\/wp\/v2\/types\/product"}],"wp:featuredmedia":[{"embeddable":true,"href":"https:\/\/secureus.se\/dk\/wp-json\/wp\/v2\/media\/136889"}],"wp:attachment":[{"href":"https:\/\/secureus.se\/dk\/wp-json\/wp\/v2\/media?parent=97560"}],"wp:term":[{"taxonomy":"product_brand","embeddable":true,"href":"https:\/\/secureus.se\/dk\/wp-json\/wp\/v2\/product_brand?post=97560"},{"taxonomy":"product_cat","embeddable":true,"href":"https:\/\/secureus.se\/dk\/wp-json\/wp\/v2\/product_cat?post=97560"},{"taxonomy":"product_tag","embeddable":true,"href":"https:\/\/secureus.se\/dk\/wp-json\/wp\/v2\/product_tag?post=97560"}],"curies":[{"name":"wp","href":"https:\/\/api.w.org\/{rel}","templated":true}]}}