{"id":97564,"date":"2024-08-21T19:29:11","date_gmt":"2024-08-21T17:29:11","guid":{"rendered":"https:\/\/secureus.se\/?post_type=product&#038;p=97564"},"modified":"2026-04-23T12:03:12","modified_gmt":"2026-04-23T10:03:12","slug":"trycke-basics-lb2-19s-mattsvart","status":"publish","type":"product","link":"https:\/\/secureus.se\/dk\/trycke-basics-lb2-19s-mattsvart\/","title":{"rendered":"D\u00f8rh\u00e5ndtag Push BASICS LB2-19S Mat Sort \u2013 FORMANI"},"content":{"rendered":"<div>FORMANI LB2-19S er et d\u00f8rgreb i BASICS serien, tilpasset til skandinaviske standard l\u00e5sehuse. LB2-19S mangler en fast returfjeder, hvilket betyder, at den kan bruges p\u00e5 b\u00e5de indvendige d\u00f8rl\u00e5se, modull\u00e5se og DIN-l\u00e5se. N\u00f8gleplade, d\u00e6kplade og toilettilbeh\u00f8r f\u00e5s som tilbeh\u00f8r samt returfjeder, l\u00e6ngere skrue og trykstang til tykkere d\u00f8re.<\/div>\n<div>BASICS omfatter forskellige designs, der passer til alle budgetter. Disse er lige s\u00e5 diskrete, enkle og rene, som de er luksuri\u00f8se. Takket v\u00e6re sit minimalistiske udtryk er BASICS-serien det perfekte match til den elskede skandinaviske stil (ogs\u00e5 kendt som den nordiske stil). Med FORMANI er det muligt at f\u00e5 et ensartet design p\u00e5 armaturerne i hele huset, lejligheden eller til dit projekt. BASICS-serien omfatter d\u00f8r-, vindues- og m\u00f8belbeslag.<\/div>\n<div><\/div>\n<div><b>Egenskaber:<\/b><\/div>\n<div>\n<ul>\n<li>Designer: FORMANI<\/li>\n<li>Rosetdiameter: 53 mm<\/li>\n<li>Til d\u00f8rtykkelse op til 60 mm<\/li>\n<li>Uden returfjeder (f\u00e5s som tilbeh\u00f8r)<\/li>\n<li>Skjult vedh\u00e6ftning<\/li>\n<li>Velegnet til modul og lille indvendig d\u00f8rl\u00e5sehus type 2014<\/li>\n<li>C\/C fastg\u00f8relse 30 &amp; 38 mm<\/li>\n<li>Fremstillet af rustfrit st\u00e5l<\/li>\n<li>F\u00e5s i bronze, mat sort, PVD mat sort, PVD mat guld, PVD gunmetal, hvid og poleret &amp; mat b\u00f8rstet rustfri<\/li>\n<\/ul>\n<\/div>\n<div><\/div>\n<div><b>Pakken indeholder:<\/b><\/div>\n<div>\n<ul>\n<li>2 stk. Pressehalvdele (h\u00e5ndtag)<\/li>\n<li>2 stk. Trykskrue M4x60 mm (drej skruen)<\/li>\n<li>2 stk. Manchetm\u00f8trik M4<\/li>\n<li>1 stk. Trykstift 8x8x100 mm<\/li>\n<li>4 stk. Tr\u00e6skrue<\/li>\n<li>1 stk. unbracon\u00f8gle<\/li>\n<\/ul>\n<\/div>","protected":false},"excerpt":{"rendered":"<p>FORMANI LB2-19S er et d\u00f8rgreb i BASICS serien, tilpasset til skandinaviske standard l\u00e5sehuse. LB2-19S mangler en fast returfjeder, hvilket betyder, at den kan bruges p\u00e5 b\u00e5de indvendige d\u00f8rl\u00e5se, modull\u00e5se og DIN-l\u00e5se.<\/p>","protected":false},"featured_media":136875,"template":"","meta":{"_acf_changed":false},"product_brand":[],"product_cat":[4124],"product_tag":[],"class_list":{"0":"post-97564","1":"product","2":"type-product","3":"status-publish","4":"has-post-thumbnail","6":"product_cat-dorrhandtag-innerdorr","7":"product_shipping_class-postnord-varubrev","8":"pa_brands-formani","9":"tm-no-options","11":"first","12":"instock","13":"sale","14":"taxable","15":"shipping-taxable","16":"purchasable","17":"product-type-simple"},"acf":[],"_links":{"self":[{"href":"https:\/\/secureus.se\/dk\/wp-json\/wp\/v2\/product\/97564","targetHints":{"allow":["GET"]}}],"collection":[{"href":"https:\/\/secureus.se\/dk\/wp-json\/wp\/v2\/product"}],"about":[{"href":"https:\/\/secureus.se\/dk\/wp-json\/wp\/v2\/types\/product"}],"wp:featuredmedia":[{"embeddable":true,"href":"https:\/\/secureus.se\/dk\/wp-json\/wp\/v2\/media\/136875"}],"wp:attachment":[{"href":"https:\/\/secureus.se\/dk\/wp-json\/wp\/v2\/media?parent=97564"}],"wp:term":[{"taxonomy":"product_brand","embeddable":true,"href":"https:\/\/secureus.se\/dk\/wp-json\/wp\/v2\/product_brand?post=97564"},{"taxonomy":"product_cat","embeddable":true,"href":"https:\/\/secureus.se\/dk\/wp-json\/wp\/v2\/product_cat?post=97564"},{"taxonomy":"product_tag","embeddable":true,"href":"https:\/\/secureus.se\/dk\/wp-json\/wp\/v2\/product_tag?post=97564"}],"curies":[{"name":"wp","href":"https:\/\/api.w.org\/{rel}","templated":true}]}}