{"id":97580,"date":"2024-08-21T19:29:12","date_gmt":"2024-08-21T17:29:12","guid":{"rendered":"https:\/\/secureus.se\/?post_type=product&#038;p=97580"},"modified":"2026-04-08T15:39:19","modified_gmt":"2026-04-08T13:39:19","slug":"trycke-8650-30-75mm-matt-rostfritt","status":"publish","type":"product","link":"https:\/\/secureus.se\/dk\/trycke-8650-30-75mm-matt-rostfritt\/","title":{"rendered":"D\u00f8rgreb Trycke 8650 30-75mm Mat Rustfri \u2013 Assa Abloy"},"content":{"rendered":"<p>D\u00f8rgreb 8650 er en del af ASSA ABLOYs serie af rustfrit st\u00e5lgreb, tr\u00e6kgreb og tilbeh\u00f8r. Passer meget godt i moderne offentlige objekttyper, f.eks. institutioner, kontorer i milj\u00f8er med h\u00f8je hygiejniske krav. Det rustfri materiale er slidst\u00e6rkt og beskytter mod korrosion og luftforurening. Velegnet til yderd\u00f8re, indgangsd\u00f8re og indvendige d\u00f8re med modull\u00e5se.<\/p>\n<div><b>Egenskaber:<\/b><\/div>\n<div>\n<ul>\n<li>Returfjeder, der aflaster l\u00e5sehusets rofjeder og hj\u00e6lper trykket med at vende tilbage til vandret position.<\/li>\n<li>Alle synlige dele i matb\u00f8rstet syrefast rustfrit st\u00e5l, AISI 316L<\/li>\n<li>N\u00e5leleje til friktionsfri k\u00f8rsel.<\/li>\n<li>F\u00e5s til 30-75 mm d\u00f8rtykkelse.<\/li>\n<li>Standard roset \u00d8 53 mm<\/li>\n<li>Passer til Connect \/ Classic modull\u00e5sehus<\/li>\n<li>Passer ikke til l\u00e5sehus ABLOY 2014 eller tilsvarende indvendig d\u00f8rboks<\/li>\n<li>Udskiftelig trykstift og skrue til varierende d\u00f8rtykkelser.<\/li>\n<li>Kontinuerlig skruefastg\u00f8relse, der forst\u00e6rker d\u00f8ren.<\/li>\n<\/ul>\n<p><b>Pakken indeholder:<br \/>\n<\/b><\/p>\n<ul>\n<li>2 stk. Pressehalvdele (h\u00e5ndtag).<\/li>\n<li>2 stk. Trykskruer M5. (drej skruen)<\/li>\n<li>2 O-ringe.<\/li>\n<li>2 stk. Manchetm\u00f8trik M5.<\/li>\n<li>2 stk. Trykstifter 8x8x102 mm og 8x8x120 mm.<\/li>\n<\/ul>\n<\/div>","protected":false},"excerpt":{"rendered":"<p>D\u00f8rh\u00e5ndtag 8650 er en del af ASSA ABLOYs serie af rustfri st\u00e5lgreb, tr\u00e6kh\u00e5ndtag og tilbeh\u00f8r. Passer meget godt i moderne offentlige objekttyper, f.eks. institutioner, kontorer i milj\u00f8er med h\u00f8j<\/p>","protected":false},"featured_media":137217,"template":"","meta":{"_acf_changed":false},"product_brand":[],"product_cat":[4124,4125],"product_tag":[],"class_list":{"0":"post-97580","1":"product","2":"type-product","3":"status-publish","4":"has-post-thumbnail","6":"product_cat-dorrhandtag-innerdorr","7":"product_cat-dorrhandtag-ytterdorr","8":"product_shipping_class-postnord-varubrev","9":"pa_brands-abloy","10":"tm-no-options","12":"first","13":"instock","14":"sale","15":"taxable","16":"shipping-taxable","17":"purchasable","18":"product-type-simple"},"acf":[],"_links":{"self":[{"href":"https:\/\/secureus.se\/dk\/wp-json\/wp\/v2\/product\/97580","targetHints":{"allow":["GET"]}}],"collection":[{"href":"https:\/\/secureus.se\/dk\/wp-json\/wp\/v2\/product"}],"about":[{"href":"https:\/\/secureus.se\/dk\/wp-json\/wp\/v2\/types\/product"}],"wp:featuredmedia":[{"embeddable":true,"href":"https:\/\/secureus.se\/dk\/wp-json\/wp\/v2\/media\/137217"}],"wp:attachment":[{"href":"https:\/\/secureus.se\/dk\/wp-json\/wp\/v2\/media?parent=97580"}],"wp:term":[{"taxonomy":"product_brand","embeddable":true,"href":"https:\/\/secureus.se\/dk\/wp-json\/wp\/v2\/product_brand?post=97580"},{"taxonomy":"product_cat","embeddable":true,"href":"https:\/\/secureus.se\/dk\/wp-json\/wp\/v2\/product_cat?post=97580"},{"taxonomy":"product_tag","embeddable":true,"href":"https:\/\/secureus.se\/dk\/wp-json\/wp\/v2\/product_tag?post=97580"}],"curies":[{"name":"wp","href":"https:\/\/api.w.org\/{rel}","templated":true}]}}