{"id":97594,"date":"2024-08-21T19:29:12","date_gmt":"2024-08-21T17:29:12","guid":{"rendered":"https:\/\/secureus.se\/?post_type=product&#038;p=97594"},"modified":"2026-03-25T15:36:04","modified_gmt":"2026-03-25T14:36:04","slug":"trycke-6638-58-75mm-mattkrom","status":"publish","type":"product","link":"https:\/\/secureus.se\/dk\/trycke-6638-58-75mm-mattkrom\/","title":{"rendered":"D\u00f8rgreb Trycke 6638 58-75mm Mat krom \u2013 Assa Abloy"},"content":{"rendered":"<p>\nASSA ABLOY 6638 er et d\u00f8rgreb med tr\u00e6k af b\u00e5de barok og rokoko, men er blevet forenklet for at kunne passe ind i arkitektur, der har mindre buede former. 6638 er det typiske &quot;villaprint&quot; og er en del af ASSA ABLOY Classic-serien. Velegnet til yderd\u00f8re, indgangsd\u00f8re og indvendige d\u00f8re med modull\u00e5se.<\/p>\n<div><\/div>\n<div><b>Egenskaber:<\/b><\/div>\n<ul>\n<li>Materiale: Messing.<\/li>\n<li>Overfladebehandling: Nikkel, mat krom, poleret messing, mat messing og mat sort MIRUS.<\/li>\n<li>Returfjeder, der aflaster l\u00e5sehusets rofjeder og hj\u00e6lper trykket med at forblive i vandret position.<\/li>\n<li>Roset: \u00d8 52 mm.<\/li>\n<li>Passer til Connect \/ Classic modull\u00e5sehus<\/li>\n<li>Passer ikke til l\u00e5sehus ABLOY 2014 eller tilsvarende indvendig d\u00f8rboks<\/li>\n<li>Standard levering tilpasset 40-75 mm d\u00f8rtykkelse.<\/li>\n<li>Udskiftelig trykstift og skrue til varierende d\u00f8rtykkelser.<\/li>\n<li>Kontinuerlig skruefastg\u00f8relse, der forst\u00e6rker d\u00f8ren.<\/li>\n<\/ul>\n<div><b>Pakken indeholder:<\/b><\/div>\n<div>\n<ul>\n<li>2 stk. Pressehalvdele (h\u00e5ndtag).<\/li>\n<li>2 stk. Trykskruer M5. (drej skruen)<\/li>\n<li>2 O-ringe.<\/li>\n<li>2 stk. Manchetm\u00f8trik M5.<\/li>\n<li>2 stk. Trykstifter 8x8x102 mm og 8x8x120 mm.<\/li>\n<\/ul>\n<\/div>","protected":false},"excerpt":{"rendered":"<p>ASSA ABLOY 6638 er et d\u00f8rgreb med tr\u00e6k af b\u00e5de barok og rokoko, men er blevet forenklet for at kunne passe ind i arkitektur, der har mindre buede former. 6638 er<\/p>","protected":false},"featured_media":136582,"template":"","meta":{"_acf_changed":false},"product_brand":[],"product_cat":[4124,4125],"product_tag":[],"class_list":{"0":"post-97594","1":"product","2":"type-product","3":"status-publish","4":"has-post-thumbnail","6":"product_cat-dorrhandtag-innerdorr","7":"product_cat-dorrhandtag-ytterdorr","8":"product_shipping_class-postnord-varubrev","9":"pa_brands-abloy","10":"tm-no-options","12":"first","13":"onbackorder","14":"sale","15":"taxable","16":"shipping-taxable","17":"purchasable","18":"product-type-simple"},"acf":[],"_links":{"self":[{"href":"https:\/\/secureus.se\/dk\/wp-json\/wp\/v2\/product\/97594","targetHints":{"allow":["GET"]}}],"collection":[{"href":"https:\/\/secureus.se\/dk\/wp-json\/wp\/v2\/product"}],"about":[{"href":"https:\/\/secureus.se\/dk\/wp-json\/wp\/v2\/types\/product"}],"wp:featuredmedia":[{"embeddable":true,"href":"https:\/\/secureus.se\/dk\/wp-json\/wp\/v2\/media\/136582"}],"wp:attachment":[{"href":"https:\/\/secureus.se\/dk\/wp-json\/wp\/v2\/media?parent=97594"}],"wp:term":[{"taxonomy":"product_brand","embeddable":true,"href":"https:\/\/secureus.se\/dk\/wp-json\/wp\/v2\/product_brand?post=97594"},{"taxonomy":"product_cat","embeddable":true,"href":"https:\/\/secureus.se\/dk\/wp-json\/wp\/v2\/product_cat?post=97594"},{"taxonomy":"product_tag","embeddable":true,"href":"https:\/\/secureus.se\/dk\/wp-json\/wp\/v2\/product_tag?post=97594"}],"curies":[{"name":"wp","href":"https:\/\/api.w.org\/{rel}","templated":true}]}}