{"id":97602,"date":"2024-08-21T19:29:13","date_gmt":"2024-08-21T17:29:13","guid":{"rendered":"https:\/\/secureus.se\/?post_type=product&#038;p=97602"},"modified":"2026-04-08T15:38:49","modified_gmt":"2026-04-08T13:38:49","slug":"trycke-dh-7020-ip-35-95mm-krom","status":"publish","type":"product","link":"https:\/\/secureus.se\/dk\/trycke-dh-7020-ip-35-95mm-krom\/","title":{"rendered":"D\u00f8rgrebsgreb DH 7020-IP 35-95mm Krom \u2013 Dormakaba"},"content":{"rendered":"<p>D\u00f8rgreb DH 7020 er en del af dormakabas nye serie 7. DH 7020 har returfjeder, hvilket betyder, at den passer i alle d\u00f8re, der har l\u00e5sehuse i 50 og 70 dornudf\u00f8relser af skandinavisk type. Trykkets returfjeder giver en tydelig kvalitetsf\u00f8lelse og \u00f8ger levetiden p\u00e5 b\u00e5de trykket og d\u00f8rens l\u00e5sehus. DH 7020 erstatter tidligere model DH 720.<\/p>\n<div>\n<div><\/div>\n<div><b>Egenskaber:\u00a0<\/b><\/div>\n<div>\n<ul>\n<li>Til alle indvendige d\u00f8re<\/li>\n<li>Passer til modul\u00e6rt l\u00e5sehus af skandinavisk standard (c\/c 30 mm)<\/li>\n<li>Passer ikke til l\u00e5sehus ABLOY 2014 eller tilsvarende indvendig d\u00f8rl\u00e5s<\/li>\n<li>Leveres med skrue, topm\u00f8trik og trykstift.<\/li>\n<li>Velegnet til d\u00f8rtykkelse 35-95 mm.<\/li>\n<li>Lavet af zamak.<\/li>\n<li>Overfladebehandling: Forkromet<\/li>\n<li>EN 1906, 200.000 cyklusser, klasse 4<\/li>\n<li>Produktet overholder EU&#039;s nikkeldirektiv 94\/27\/EC<\/li>\n<li>Vurderet hos Byggvarobedomningen<\/li>\n<li>Roset \u00d8 52 mm<\/li>\n<li>Med returfjeder i rosetten<\/li>\n<\/ul>\n<\/div>\n<\/div>","protected":false},"excerpt":{"rendered":"<p>D\u00f8rskubber DH 7020 er en del af dormakabas nye serie 7. DH 7020 har returfjeder, hvilket betyder, at den passer i alle d\u00f8re, der har l\u00e5sehuse i 50 og 70 dornversioner af<\/p>","protected":false},"featured_media":136568,"template":"","meta":{"_acf_changed":false},"product_brand":[],"product_cat":[4124],"product_tag":[],"class_list":{"0":"post-97602","1":"product","2":"type-product","3":"status-publish","4":"has-post-thumbnail","6":"product_cat-dorrhandtag-innerdorr","7":"product_shipping_class-postnord-varubrev","8":"pa_brands-dormakaba","9":"tm-no-options","11":"first","12":"instock","13":"sale","14":"taxable","15":"shipping-taxable","16":"purchasable","17":"product-type-simple"},"acf":[],"_links":{"self":[{"href":"https:\/\/secureus.se\/dk\/wp-json\/wp\/v2\/product\/97602","targetHints":{"allow":["GET"]}}],"collection":[{"href":"https:\/\/secureus.se\/dk\/wp-json\/wp\/v2\/product"}],"about":[{"href":"https:\/\/secureus.se\/dk\/wp-json\/wp\/v2\/types\/product"}],"wp:featuredmedia":[{"embeddable":true,"href":"https:\/\/secureus.se\/dk\/wp-json\/wp\/v2\/media\/136568"}],"wp:attachment":[{"href":"https:\/\/secureus.se\/dk\/wp-json\/wp\/v2\/media?parent=97602"}],"wp:term":[{"taxonomy":"product_brand","embeddable":true,"href":"https:\/\/secureus.se\/dk\/wp-json\/wp\/v2\/product_brand?post=97602"},{"taxonomy":"product_cat","embeddable":true,"href":"https:\/\/secureus.se\/dk\/wp-json\/wp\/v2\/product_cat?post=97602"},{"taxonomy":"product_tag","embeddable":true,"href":"https:\/\/secureus.se\/dk\/wp-json\/wp\/v2\/product_tag?post=97602"}],"curies":[{"name":"wp","href":"https:\/\/api.w.org\/{rel}","templated":true}]}}