{"id":97619,"date":"2024-08-21T19:29:13","date_gmt":"2024-08-21T17:29:13","guid":{"rendered":"https:\/\/secureus.se\/?post_type=product&#038;p=97619"},"modified":"2026-04-08T15:35:24","modified_gmt":"2026-04-08T13:35:24","slug":"trycke-640-58-75mm-nickel","status":"publish","type":"product","link":"https:\/\/secureus.se\/dk\/trycke-640-58-75mm-nickel\/","title":{"rendered":"D\u00f8rgreb Trycke 640 58-75mm Nikkel \u2013 Assa Abloy"},"content":{"rendered":"<p>ASSA ABLOY 640 er et klassisk d\u00f8rgreb fra 1950&#039;erne og 1960&#039;erne, som stadig er meget v\u00e6rdsat i dag. H\u00e5ndtaget har et gennemarbejdet design, der passer ind i de fleste milj\u00f8er og holder i mange \u00e5r. 640 er uden returfjeder og er en del af ASSA ABLOY Classic-serien. Til udvendige og indvendige d\u00f8re.<\/p>\n<div><\/div>\n<div>\n<b>Egenskaber:<\/b><\/div>\n<div>\n<ul>\n<li>Materiale: Messing<\/li>\n<li>Overfladebehandlinger; Prion, nikkel, krom, mat krom, poleret messing, b\u00f8rstet messing, mat sort MIRUS<\/li>\n<li>Standard levering til 40-75 mm d\u00f8rtykkelse<\/li>\n<li>Roset: \u00d8 52 mm<\/li>\n<li>Uden returfjeder i rosetten, hvilket betyder at den ogs\u00e5 passer til indvendige d\u00f8rl\u00e5se type 2014<\/li>\n<li>Velegnet til modul- og sm\u00e5 indvendige d\u00f8rl\u00e5sehuse<\/li>\n<\/ul>\n<p><b>Pakken indeholder:<\/b><\/p>\n<ul>\n<li>2 stk. Pressehalvdele (h\u00e5ndtag).<\/li>\n<li>2 stk. Trykskruer M5. (drej skruen)<\/li>\n<li>2 O-ringe.<\/li>\n<li>2 stk. Manchetm\u00f8trik M5.<\/li>\n<li>2 stk. Trykstifter 8x8x102 mm og 8x8x120 mm.<\/li>\n<\/ul>\n<\/div>","protected":false},"excerpt":{"rendered":"<p>ASSA ABLOY 640 er et klassisk d\u00f8rgreb fra 1950&#039;erne og 1960&#039;erne, som stadig er meget v\u00e6rdsat i dag. H\u00e5ndtaget har et gennemarbejdet design, der passer ind i de fleste milj\u00f8er og<\/p>","protected":false},"featured_media":159494,"template":"","meta":{"_acf_changed":false},"product_brand":[],"product_cat":[4124],"product_tag":[],"class_list":{"0":"post-97619","1":"product","2":"type-product","3":"status-publish","4":"has-post-thumbnail","6":"product_cat-dorrhandtag-innerdorr","7":"product_shipping_class-postnord-varubrev","8":"pa_brands-abloy","9":"tm-no-options","11":"first","12":"instock","13":"sale","14":"taxable","15":"shipping-taxable","16":"purchasable","17":"product-type-simple"},"acf":[],"_links":{"self":[{"href":"https:\/\/secureus.se\/dk\/wp-json\/wp\/v2\/product\/97619","targetHints":{"allow":["GET"]}}],"collection":[{"href":"https:\/\/secureus.se\/dk\/wp-json\/wp\/v2\/product"}],"about":[{"href":"https:\/\/secureus.se\/dk\/wp-json\/wp\/v2\/types\/product"}],"wp:featuredmedia":[{"embeddable":true,"href":"https:\/\/secureus.se\/dk\/wp-json\/wp\/v2\/media\/159494"}],"wp:attachment":[{"href":"https:\/\/secureus.se\/dk\/wp-json\/wp\/v2\/media?parent=97619"}],"wp:term":[{"taxonomy":"product_brand","embeddable":true,"href":"https:\/\/secureus.se\/dk\/wp-json\/wp\/v2\/product_brand?post=97619"},{"taxonomy":"product_cat","embeddable":true,"href":"https:\/\/secureus.se\/dk\/wp-json\/wp\/v2\/product_cat?post=97619"},{"taxonomy":"product_tag","embeddable":true,"href":"https:\/\/secureus.se\/dk\/wp-json\/wp\/v2\/product_tag?post=97619"}],"curies":[{"name":"wp","href":"https:\/\/api.w.org\/{rel}","templated":true}]}}