{"id":97661,"date":"2024-08-21T19:29:14","date_gmt":"2024-08-21T17:29:14","guid":{"rendered":"https:\/\/secureus.se\/?post_type=product&#038;p=97661"},"modified":"2026-03-25T15:34:35","modified_gmt":"2026-03-25T14:34:35","slug":"trycke-6696-58-75mm-nickel","status":"publish","type":"product","link":"https:\/\/secureus.se\/dk\/trycke-6696-58-75mm-nickel\/","title":{"rendered":"D\u00f8rgreb Trycke 6696 58-75mm Nikkel \u2013 Assa Abloy"},"content":{"rendered":"<p>\nASSA ABLOY d\u00f8rh\u00e5ndtag 6696 er en klassiker fra 1950&#039;erne og 1960&#039;erne. Her i sin oprindelige form med returfjeder. Det tidl\u00f8se, gennemarbejdede design er stadig meget v\u00e6rdsat og brugt p\u00e5 alle slags genstande. 6696 er en del af ASSA ABLOY Classic-serien. Velegnet til yderd\u00f8re, indgangsd\u00f8re og indvendige d\u00f8re med modull\u00e5se.<\/p>\n<div><\/div>\n<div><b>Egenskaber:<\/b><\/div>\n<ul>\n<li>Materiale: Messing.<\/li>\n<li>Overfladebehandling: Nikkel, Prion, mat krom, poleret messing, mat messing, mat sort MIRUS og Addion.<\/li>\n<li>Returfjeder, der aflaster l\u00e5sehusets rofjeder og hj\u00e6lper trykket med at forblive i vandret position.<\/li>\n<li>Roset: \u00d8 52 mm.<\/li>\n<li>Passer til Connect \/ Classic modull\u00e5sehus<\/li>\n<li>Passer ikke til l\u00e5sehus ABLOY 2014 eller tilsvarende indvendig d\u00f8rboks<\/li>\n<li>Standard levering tilpasset 58-75 mm d\u00f8rtykkelse.<\/li>\n<li>Udskiftelig trykstift og skrue til varierende d\u00f8rtykkelser.<\/li>\n<li>Kontinuerlig skruefastg\u00f8relse, der forst\u00e6rker d\u00f8ren.<\/li>\n<\/ul>\n<div><b>Pakken indeholder:<\/b><\/div>\n<div>\n<ul>\n<li>2 stk. Pressehalvdele (h\u00e5ndtag).<\/li>\n<li>2 stk. Trykskruer M5. (drej skruen)<\/li>\n<li>2 O-ringe.<\/li>\n<li>2 stk. Manchetm\u00f8trik M5.<\/li>\n<li>1 stk. Trykstift 8x8x120 mm.<\/li>\n<\/ul>\n<\/div>","protected":false},"excerpt":{"rendered":"<p>ASSA ABLOY d\u00f8rh\u00e5ndtag 6696 er en klassiker fra 1950&#039;erne og 1960&#039;erne. Her i sin oprindelige form med returfjeder. Det tidl\u00f8se vellavede design er stadig meget v\u00e6rdsat og brugt p\u00e5 alle<\/p>","protected":false},"featured_media":136768,"template":"","meta":{"_acf_changed":false},"product_brand":[],"product_cat":[4123,4124,4125],"product_tag":[],"class_list":{"0":"post-97661","1":"product","2":"type-product","3":"status-publish","4":"has-post-thumbnail","6":"product_cat-dorrhandtag-dorrtrycke-innerdorr-och-ytterdorr","7":"product_cat-dorrhandtag-innerdorr","8":"product_cat-dorrhandtag-ytterdorr","9":"product_shipping_class-postnord-varubrev","10":"pa_brands-abloy","11":"tm-no-options","13":"first","14":"instock","15":"sale","16":"taxable","17":"shipping-taxable","18":"purchasable","19":"product-type-simple"},"acf":[],"_links":{"self":[{"href":"https:\/\/secureus.se\/dk\/wp-json\/wp\/v2\/product\/97661","targetHints":{"allow":["GET"]}}],"collection":[{"href":"https:\/\/secureus.se\/dk\/wp-json\/wp\/v2\/product"}],"about":[{"href":"https:\/\/secureus.se\/dk\/wp-json\/wp\/v2\/types\/product"}],"wp:featuredmedia":[{"embeddable":true,"href":"https:\/\/secureus.se\/dk\/wp-json\/wp\/v2\/media\/136768"}],"wp:attachment":[{"href":"https:\/\/secureus.se\/dk\/wp-json\/wp\/v2\/media?parent=97661"}],"wp:term":[{"taxonomy":"product_brand","embeddable":true,"href":"https:\/\/secureus.se\/dk\/wp-json\/wp\/v2\/product_brand?post=97661"},{"taxonomy":"product_cat","embeddable":true,"href":"https:\/\/secureus.se\/dk\/wp-json\/wp\/v2\/product_cat?post=97661"},{"taxonomy":"product_tag","embeddable":true,"href":"https:\/\/secureus.se\/dk\/wp-json\/wp\/v2\/product_tag?post=97661"}],"curies":[{"name":"wp","href":"https:\/\/api.w.org\/{rel}","templated":true}]}}