{"id":98087,"date":"2024-09-03T10:18:38","date_gmt":"2024-09-03T08:18:38","guid":{"rendered":"https:\/\/secureus.se\/crimpverktyg-connectix-ez-crimp-easy-rj45\/"},"modified":"2026-04-23T13:32:50","modified_gmt":"2026-04-23T11:32:50","slug":"crimpverktyg-connectix-ez-crimp-easy-rj45","status":"publish","type":"product","link":"https:\/\/secureus.se\/dk\/crimpverktyg-connectix-ez-crimp-easy-rj45\/","title":{"rendered":"Crimpv\u00e6rkt\u00f8j Connectix EZ-CRIMP Easy RJ45 Pro model"},"content":{"rendered":"<p>RJ45 datakabelkrympev\u00e6rkt\u00f8jer bruges til at fastg\u00f8re RJ45-stik til netv\u00e6rkskabler, normalt Cat5e, Cat6 eller Cat6a kategorier.<\/p>\n<p>V\u00e6rkt\u00f8jet muligg\u00f8r nem og sikker forbindelse af kablernes ledere til stikket, hvilket garanterer en p\u00e5lidelig netv\u00e6rksforbindelse.<\/p>\n<p>Crimpv\u00e6rkt\u00f8j er udstyret med flere funktioner, herunder afisolering og afsk\u00e6ring af kabler, hvilket g\u00f8r dem til et uundv\u00e6rligt v\u00e6rkt\u00f8j for b\u00e5de professionelle installat\u00f8rer og g\u00f8r-det-selv-folk, der arbejder p\u00e5 netv\u00e6rksinstallationer.<\/p>\n<p>&quot;Easy&quot; RJ45-krympev\u00e6rkt\u00f8jet fungerer perfekt med &quot;Easy&quot; Cat6 UTP- og FTP-gennemf\u00f8ringsstik. Med sin ekstra sk\u00e6refunktion klipper dette krympev\u00e6rkt\u00f8j overskydende ledninger, mens det krymper RJ45-stikket.<\/p>\n<ul>\n<li>Til brug med RJ45-gennemf\u00f8ringsstik<\/li>\n<li>Kan bruges til at sk\u00e6re den ydre kappe af kablet<\/li>\n<\/ul>\n<p>Se nedenfor for de 4 nemme trin instruktioner.<\/p>\n<p>&nbsp;<\/p>\n<table class=\"easy_crimp_inst\" border=\"0\" width=\"100%\" cellspacing=\"1\" cellpadding=\"2\">\n<tbody>\n<tr>\n<td colspan=\"2\"><img decoding=\"async\" src=\"https:\/\/www.cablemonkey.co.uk\/img\/cms\/easy_crimp_1.png\" alt=\"let crimp trin 1\" width=\"75%\" \/><\/td>\n<\/tr>\n<tr>\n<td><span class=\"easy_num\">1<\/span><\/td>\n<td>Fjern ca. 20 mm af yderkappen ved hj\u00e6lp af det alsidige krympev\u00e6rkt\u00f8j.<\/td>\n<\/tr>\n<tr>\n<td colspan=\"2\"><img decoding=\"async\" src=\"https:\/\/www.cablemonkey.co.uk\/img\/cms\/easy_crimp_2.png\" alt=\"\" width=\"75%\" \/><\/td>\n<\/tr>\n<tr>\n<td><span class=\"easy_num\">2<\/span><\/td>\n<td>Arranger ledningerne i den korrekte farvekodningssekvens (mest almindeligt er EIA\/TIA 568B). S\u00e6t kablet i stikket og skub ledningerne igennem. Kablets ydre kappe skal sidde s\u00e5 langt op i stikket som muligt.<\/p>\n<p>EIA\/TIA 568B er en standard til farvekodning af ledningerne i netv\u00e6rkskabler (Ethernet-kabler) med RJ45-stik. Farvesekvensen for EIA\/TIA 568B er:<\/p>\n<ol>\n<li>Hvid\/orange<\/li>\n<li>orange<\/li>\n<li>Hvid\/gr\u00f8n<\/li>\n<li>Bl\u00e5<\/li>\n<li>Hvid\/bl\u00e5<\/li>\n<li>Gr\u00f8n<\/li>\n<li>Hvid\/Brun<\/li>\n<li>Brun<\/li>\n<\/ol>\n<p>Denne sekvens bruges ofte til at skabe lige netv\u00e6rkskabler, hvor begge ender er forbundet efter samme standard.<\/td>\n<\/tr>\n<tr>\n<td colspan=\"2\"><img decoding=\"async\" src=\"https:\/\/www.cablemonkey.co.uk\/img\/cms\/easy_crimp_3.png\" alt=\"\" width=\"75%\" \/><\/td>\n<\/tr>\n<tr>\n<td><span class=\"easy_num\">3<\/span><\/td>\n<td>Tryk p\u00e5 knappen &quot;L\u00e5s&quot; p\u00e5 krympev\u00e6rkt\u00f8jet for at \u00e5bne det og g\u00f8re det klar til brug. S\u00e6t det opladede RJ45-stik ind i stikket og klem p\u00e5 h\u00e5ndtaget for at krympe stikket; overskydende ledninger sk\u00e6res af p\u00e5 samme tid.<\/td>\n<\/tr>\n<tr>\n<td colspan=\"2\"><img decoding=\"async\" src=\"https:\/\/www.cablemonkey.co.uk\/img\/cms\/easy_crimp_4.png\" alt=\"\" width=\"75%\" \/><\/td>\n<\/tr>\n<tr>\n<td><span class=\"easy_num\">4<\/span><\/td>\n<td>Hvis du har fulgt instruktionerne, skulle du nu have en fuldt funktionel RJ45-forbindelse.<\/td>\n<\/tr>\n<\/tbody>\n<\/table>","protected":false},"excerpt":{"rendered":"<p>Connectix EZ-CRIMP Easy RJ45 Crimp Tool<\/p>","protected":false},"featured_media":136205,"template":"","meta":{"_acf_changed":false},"product_brand":[],"product_cat":[4144],"product_tag":[],"class_list":{"0":"post-98087","1":"product","2":"type-product","3":"status-publish","4":"has-post-thumbnail","6":"product_cat-natverkskabel-tillbehor","7":"tm-no-options","9":"first","10":"instock","11":"sale","12":"taxable","13":"shipping-taxable","14":"purchasable","15":"product-type-simple"},"acf":[],"_links":{"self":[{"href":"https:\/\/secureus.se\/dk\/wp-json\/wp\/v2\/product\/98087","targetHints":{"allow":["GET"]}}],"collection":[{"href":"https:\/\/secureus.se\/dk\/wp-json\/wp\/v2\/product"}],"about":[{"href":"https:\/\/secureus.se\/dk\/wp-json\/wp\/v2\/types\/product"}],"wp:featuredmedia":[{"embeddable":true,"href":"https:\/\/secureus.se\/dk\/wp-json\/wp\/v2\/media\/136205"}],"wp:attachment":[{"href":"https:\/\/secureus.se\/dk\/wp-json\/wp\/v2\/media?parent=98087"}],"wp:term":[{"taxonomy":"product_brand","embeddable":true,"href":"https:\/\/secureus.se\/dk\/wp-json\/wp\/v2\/product_brand?post=98087"},{"taxonomy":"product_cat","embeddable":true,"href":"https:\/\/secureus.se\/dk\/wp-json\/wp\/v2\/product_cat?post=98087"},{"taxonomy":"product_tag","embeddable":true,"href":"https:\/\/secureus.se\/dk\/wp-json\/wp\/v2\/product_tag?post=98087"}],"curies":[{"name":"wp","href":"https:\/\/api.w.org\/{rel}","templated":true}]}}