{"id":98160,"date":"2024-09-04T13:22:31","date_gmt":"2024-09-04T11:22:31","guid":{"rendered":"https:\/\/secureus.se\/halslag\/"},"modified":"2026-01-02T15:22:47","modified_gmt":"2026-01-02T14:22:47","slug":"halslag-rfid-kort-standard-euro-plastkort-besokskort","status":"publish","type":"product","link":"https:\/\/secureus.se\/dk\/halslag-rfid-kort-standard-euro-plastkort-besokskort\/","title":{"rendered":"Hul til plastikkort \/ adgangskort \/ visitkort \u2013 13 x 3 mm"},"content":{"rendered":"<p><strong>Hulning til RFID-kort Standard Euro til plastikkort og bes\u00f8gskort<\/strong> er et uundv\u00e6rligt v\u00e6rkt\u00f8j til at lave pr\u00e6cise huller i RFID-kort. Dette muligg\u00f8r nem oph\u00e6ngning af kort i n\u00f8gleringe, halsk\u00e6der eller andre typer holdere, uden at det p\u00e5virker kortets vigtige elektroniske komponenter s\u00e5som chip og antenne. Hullet laves normalt i et hj\u00f8rne af kortet og giver et praktisk og sikkert fastg\u00f8relsespunkt.<\/p>\n<p>Denne hulmaskine er udvalgt for dens funktionalitet og p\u00e5lidelighed, hvilket g\u00f8r den ideel til b\u00e5de privat og professionel brug. Det er en overkommelig mulighed for alle, der skal h\u00e5ndtere kort i det daglige, for eksempel i receptioner, sikkerhedssystemer eller eventorganisationer.<\/p>\n<p><strong>Specifikationer:<\/strong><\/p>\n<ul>\n<li><strong>Huldimensioner:<\/strong> 13 x 3 mm<\/li>\n<li><strong>Materiale:<\/strong> Metal<\/li>\n<li><strong>Funktion:<\/strong> Holder til RFID-kort, plastikkort og bes\u00f8gskort<\/li>\n<li><strong>Kompatibilitet:<\/strong> Plastkort og RFID-kort uden at beskadige de elektroniske komponenter<\/li>\n<\/ul>","protected":false},"excerpt":{"rendered":"<p>RFID-korthul er et professionelt v\u00e6rkt\u00f8j til at lave pr\u00e6cise huller i plastikkort, visitkort og RFID-kort, uden at det p\u00e5virker kortets elektroniske komponenter. Perfekt til at s\u00e6tte kort p\u00e5 n\u00f8gleringe eller halsk\u00e6der.<\/p>","protected":false},"featured_media":133897,"template":"","meta":{"_acf_changed":false},"product_brand":[],"product_cat":[1693],"product_tag":[],"class_list":{"0":"post-98160","1":"product","2":"type-product","3":"status-publish","4":"has-post-thumbnail","6":"product_cat-halslag","7":"pa_brands-stonehouse-security","8":"tm-no-options","10":"first","11":"instock","12":"sale","13":"taxable","14":"shipping-taxable","15":"purchasable","16":"product-type-simple"},"acf":[],"_links":{"self":[{"href":"https:\/\/secureus.se\/dk\/wp-json\/wp\/v2\/product\/98160","targetHints":{"allow":["GET"]}}],"collection":[{"href":"https:\/\/secureus.se\/dk\/wp-json\/wp\/v2\/product"}],"about":[{"href":"https:\/\/secureus.se\/dk\/wp-json\/wp\/v2\/types\/product"}],"wp:featuredmedia":[{"embeddable":true,"href":"https:\/\/secureus.se\/dk\/wp-json\/wp\/v2\/media\/133897"}],"wp:attachment":[{"href":"https:\/\/secureus.se\/dk\/wp-json\/wp\/v2\/media?parent=98160"}],"wp:term":[{"taxonomy":"product_brand","embeddable":true,"href":"https:\/\/secureus.se\/dk\/wp-json\/wp\/v2\/product_brand?post=98160"},{"taxonomy":"product_cat","embeddable":true,"href":"https:\/\/secureus.se\/dk\/wp-json\/wp\/v2\/product_cat?post=98160"},{"taxonomy":"product_tag","embeddable":true,"href":"https:\/\/secureus.se\/dk\/wp-json\/wp\/v2\/product_tag?post=98160"}],"curies":[{"name":"wp","href":"https:\/\/api.w.org\/{rel}","templated":true}]}}